{"id":6102,"date":"2024-05-12T12:56:11","date_gmt":"2024-05-12T11:56:11","guid":{"rendered":"https:\/\/hclinear.hu\/buslosungen\/stations-haltestellen-plattform-tft-displays\/"},"modified":"2025-01-22T11:03:07","modified_gmt":"2025-01-22T10:03:07","slug":"stations-haltestellen-plattform-tft-displays","status":"publish","type":"page","link":"https:\/\/hclinear.hu\/de\/buslosungen\/stations-haltestellen-plattform-tft-displays\/","title":{"rendered":"Stations &amp; Haltestellen Plattform TFT-Displays"},"content":{"rendered":"<div class=\"wpb-content-wrapper\"><p>[vc_row row_height_percent=&#8220;0&#8243; back_color=&#8220;color-bg-4&#8243; back_image=&#8220;184&#8243; overlay_alpha=&#8220;50&#8243; gutter_size=&#8220;3&#8243; column_width_percent=&#8220;100&#8243; shift_y=&#8220;0&#8243; z_index=&#8220;5&#8243; enable_bottom_divider=&#8220;custom&#8220; shape_bottom_custom=&#8220;174&#8243; shape_bottom_h_use_pixel=&#8220;&#8220; shape_bottom_height=&#8220;150&#8243; shape_bottom_color=&#8220;color-gbc&#8220; shape_bottom_opacity=&#8220;100&#8243; shape_bottom_index=&#8220;0&#8243; uncode_shortcode_id=&#8220;808838&#8243; back_color_type=&#8220;uncode-palette&#8220; el_class=&#8220;hcl-image-effect page-header-large divider-use-lines&#8220; shape_bottom_color_type=&#8220;uncode-palette&#8220;][vc_column column_width_percent=&#8220;100&#8243; position_vertical=&#8220;middle&#8220; align_horizontal=&#8220;align_center&#8220; gutter_size=&#8220;3&#8243; style=&#8220;dark&#8220; overlay_alpha=&#8220;50&#8243; shift_x=&#8220;0&#8243; shift_y=&#8220;0&#8243; shift_y_down=&#8220;0&#8243; z_index=&#8220;0&#8243; medium_width=&#8220;0&#8243; mobile_width=&#8220;0&#8243; width=&#8220;1\/1&#8243; uncode_shortcode_id=&#8220;175903&#8243;][vc_column_text text_lead=&#8220;small&#8220; uncode_shortcode_id=&#8220;174529&#8243; text_color_type=&#8220;uncode-solid&#8220; text_color_solid=&#8220;rgba(255,255,255,0.4)&#8220; el_class=&#8220;label-large&#8220;]PRODUKTE[\/vc_column_text][vc_custom_heading auto_text=&#8220;yes&#8220; text_size=&#8220;fontsize-80&#8243; text_weight=&#8220;800&#8243; uncode_shortcode_id=&#8220;561192&#8243; el_class=&#8220;gradient-header&#8220;][\/vc_custom_heading][vc_button button_color=&#8220;color-xsdn&#8220; size=&#8220;btn-link&#8220; scale_mobile=&#8220;no&#8220; button_color_type=&#8220;uncode-palette&#8220; uncode_shortcode_id=&#8220;166331&#8243; el_class=&#8220;btn&#8211;secondary btn&#8211;secondary-dark&#8220; link=&#8220;url:%2Fde%2Fbuslosungen%2F|title:Busl%C3%B6sungen&#8220;]Zur\u00fcck zu Busl\u00f6sungen[\/vc_button][\/vc_column][\/vc_row][vc_row row_height_percent=&#8220;0&#8243; override_padding=&#8220;yes&#8220; h_padding=&#8220;2&#8243; top_padding=&#8220;0&#8243; bottom_padding=&#8220;2&#8243; overlay_alpha=&#8220;50&#8243; gutter_size=&#8220;3&#8243; column_width_percent=&#8220;100&#8243; shift_y=&#8220;0&#8243; z_index=&#8220;0&#8243; uncode_shortcode_id=&#8220;171308&#8243; el_class=&#8220;product&#8211;top-navigation&#8220;][vc_column column_width_percent=&#8220;100&#8243; gutter_size=&#8220;3&#8243; back_color=&#8220;color-gbc&#8220; overlay_alpha=&#8220;50&#8243; shift_x=&#8220;0&#8243; shift_y=&#8220;-2&#8243; shift_y_down=&#8220;0&#8243; z_index=&#8220;5&#8243; medium_width=&#8220;0&#8243; mobile_width=&#8220;0&#8243; radius=&#8220;sm&#8220; width=&#8220;1\/1&#8243; uncode_shortcode_id=&#8220;426243&#8243; back_color_type=&#8220;uncode-palette&#8220;][vc_row_inner row_inner_height_percent=&#8220;0&#8243; overlay_alpha=&#8220;50&#8243; equal_height=&#8220;yes&#8220; gutter_size=&#8220;2&#8243; shift_y=&#8220;0&#8243; z_index=&#8220;0&#8243; limit_content=&#8220;&#8220; uncode_shortcode_id=&#8220;689735&#8243; el_class=&#8220;inner-category&#8220;][vc_column_inner column_width_percent=&#8220;100&#8243; position_vertical=&#8220;middle&#8220; align_horizontal=&#8220;align_center&#8220; gutter_size=&#8220;3&#8243; back_color=&#8220;color-xsdn&#8220; overlay_alpha=&#8220;50&#8243; shift_x=&#8220;0&#8243; shift_y=&#8220;0&#8243; shift_y_down=&#8220;0&#8243; z_index=&#8220;0&#8243; medium_width=&#8220;3&#8243; mobile_width=&#8220;0&#8243; radius=&#8220;sm&#8220; width=&#8220;1\/3&#8243; uncode_shortcode_id=&#8220;108162&#8243; back_color_type=&#8220;uncode-palette&#8220; link_to=&#8220;url:%2Fde%2Fbuslosungen%2Fstation-displays%2F|title:On-board%20displays&#8220;][vc_column_text uncode_shortcode_id=&#8220;199160&#8243;]<strong>E-Paper Displays f\u00fcr Stationen und Haltestellen<\/strong>[\/vc_column_text][\/vc_column_inner][vc_column_inner column_width_percent=&#8220;100&#8243; position_vertical=&#8220;middle&#8220; align_horizontal=&#8220;align_center&#8220; gutter_size=&#8220;3&#8243; back_color=&#8220;color-xsdn&#8220; overlay_alpha=&#8220;50&#8243; shift_x=&#8220;0&#8243; shift_y=&#8220;0&#8243; shift_y_down=&#8220;0&#8243; z_index=&#8220;0&#8243; medium_width=&#8220;3&#8243; mobile_width=&#8220;0&#8243; radius=&#8220;sm&#8220; width=&#8220;1\/3&#8243; uncode_shortcode_id=&#8220;255658&#8243; back_color_type=&#8220;uncode-palette&#8220; link_to=&#8220;url:%2Fde%2Fbuslosungen%2Fstations-haltestellen-led-anzeigen%2F|title:Stations%20%26%20Stops%20Platform%20LED%20Displays&#8220;][vc_column_text uncode_shortcode_id=&#8220;838541&#8243;]<strong>LED Displays<\/strong>[\/vc_column_text][\/vc_column_inner][vc_column_inner column_width_percent=&#8220;100&#8243; position_vertical=&#8220;middle&#8220; align_horizontal=&#8220;align_center&#8220; gutter_size=&#8220;3&#8243; back_color=&#8220;color-xsdn&#8220; overlay_alpha=&#8220;50&#8243; shift_x=&#8220;0&#8243; shift_y=&#8220;0&#8243; shift_y_down=&#8220;0&#8243; z_index=&#8220;0&#8243; medium_width=&#8220;3&#8243; mobile_width=&#8220;0&#8243; radius=&#8220;sm&#8220; width=&#8220;1\/3&#8243; uncode_shortcode_id=&#8220;211524&#8243; back_color_type=&#8220;uncode-palette&#8220; el_class=&#8220;active&#8220;][vc_column_text uncode_shortcode_id=&#8220;163796&#8243;]<strong>TFT Displays<\/strong>[\/vc_column_text][\/vc_column_inner][\/vc_row_inner][\/vc_column][\/vc_row][vc_row row_height_percent=&#8220;0&#8243; overlay_alpha=&#8220;50&#8243; equal_height=&#8220;yes&#8220; gutter_size=&#8220;2&#8243; column_width_percent=&#8220;100&#8243; shift_y=&#8220;0&#8243; z_index=&#8220;0&#8243; uncode_shortcode_id=&#8220;136933&#8243;][vc_column column_width_percent=&#8220;100&#8243; gutter_size=&#8220;3&#8243; override_padding=&#8220;yes&#8220; column_padding=&#8220;2&#8243; overlay_alpha=&#8220;50&#8243; shift_x=&#8220;0&#8243; shift_y=&#8220;0&#8243; shift_y_down=&#8220;0&#8243; z_index=&#8220;0&#8243; medium_width=&#8220;0&#8243; mobile_width=&#8220;0&#8243; width=&#8220;5\/12&#8243; uncode_shortcode_id=&#8220;581781&#8243;][vc_gallery el_id=&#8220;gallery-product&#8220; type=&#8220;carousel&#8220; medias=&#8220;1993,1994,1995,1996&#8243; carousel_lg=&#8220;1&#8243; carousel_md=&#8220;1&#8243; carousel_sm=&#8220;1&#8243; gutter_size=&#8220;3&#8243; media_items=&#8220;media|lightbox|original&#8220; carousel_autoh=&#8220;yes&#8220; carousel_interval=&#8220;0&#8243; carousel_navspeed=&#8220;400&#8243; advanced_nav=&#8220;yes&#8220; el_id1=&#8220;gallery-product&#8220; stage_padding=&#8220;0&#8243; single_shape=&#8220;round&#8220; single_overlay_opacity=&#8220;50&#8243; single_overlay_anim=&#8220;no&#8220; single_image_anim=&#8220;no&#8220; single_padding=&#8220;2&#8243; single_border=&#8220;yes&#8220; single_css_animation=&#8220;alpha-anim&#8220; single_animation_first=&#8220;yes&#8220; lbox_skin=&#8220;white&#8220; uncode_shortcode_id=&#8220;142506&#8243;][uncode_carousel_nav padding=&#8220;0&#8243; h_align=&#8220;center&#8220; arrows_skin=&#8220;dark&#8220; arrows_position=&#8220;el_absolute&#8220; arrows_v_align=&#8220;middle&#8220; arrows_padding=&#8220;0&#8243; arrow_style=&#8220;round&#8220; icon=&#8220;fa fa-arrow-right2&#8243; arrow_size=&#8220;fa-075x&#8220; animated_arrows=&#8220;default&#8220; hide_dots=&#8220;yes&#8220; hide_counter=&#8220;yes&#8220; uncode_shortcode_id=&#8220;436112&#8243; target=&#8220;gallery-product&#8220;][vc_row_inner row_inner_height_percent=&#8220;0&#8243; overlay_alpha=&#8220;50&#8243; gutter_size=&#8220;3&#8243; shift_y=&#8220;0&#8243; z_index=&#8220;0&#8243; limit_content=&#8220;&#8220; uncode_shortcode_id=&#8220;130237&#8243; el_class=&#8220;product-notice&#8220;][vc_column_inner column_width_percent=&#8220;100&#8243; gutter_size=&#8220;2&#8243; back_color=&#8220;color-162048&#8243; overlay_alpha=&#8220;50&#8243; shift_x=&#8220;0&#8243; shift_y=&#8220;0&#8243; shift_y_down=&#8220;0&#8243; z_index=&#8220;0&#8243; medium_width=&#8220;0&#8243; mobile_width=&#8220;0&#8243; radius=&#8220;sm&#8220; width=&#8220;1\/1&#8243; uncode_shortcode_id=&#8220;184590&#8243; back_color_type=&#8220;uncode-palette&#8220;][vc_icon position=&#8220;left&#8220; space_reduced=&#8220;yes&#8220; icon_image=&#8220;1595&#8243; media_size=&#8220;17&#8243; text_size=&#8220;&#8220; uncode_shortcode_id=&#8220;848702&#8243;]Nachhaltigkeit trifft auf verbessertes Passagiererlebnis[\/vc_icon][vc_column_text text_lead=&#8220;small&#8220; uncode_shortcode_id=&#8220;539260&#8243; text_color_type=&#8220;uncode-solid&#8220; text_color_solid=&#8220;rgba(35,43,59,0.4)&#8220;]Bei HC Linear steht Nachhaltigkeit im Mittelpunkt unserer Mission. Wir verl\u00e4ngern die Lebensdauer unserer Produkte, minimieren den Energieverbrauch und maximieren die Effizienz, um Abfall zu reduzieren und eine nachhaltigere Zukunft zu f\u00f6rdern.[\/vc_column_text][\/vc_column_inner][\/vc_row_inner][\/vc_column][vc_column column_width_percent=&#8220;100&#8243; gutter_size=&#8220;3&#8243; override_padding=&#8220;yes&#8220; column_padding=&#8220;2&#8243; overlay_alpha=&#8220;50&#8243; shift_x=&#8220;0&#8243; shift_y=&#8220;0&#8243; shift_y_down=&#8220;0&#8243; z_index=&#8220;0&#8243; medium_width=&#8220;0&#8243; mobile_width=&#8220;0&#8243; width=&#8220;7\/12&#8243; uncode_shortcode_id=&#8220;982287&#8243;][vc_custom_heading text_size=&#8220;fontsize-60&#8243; text_weight=&#8220;800&#8243; uncode_shortcode_id=&#8220;495286&#8243; el_class=&#8220;gradient-header&#8220;]Stations &amp; Haltestellen <strong>Plattform TFT-Displays<\/strong>[\/vc_custom_heading][vc_column_text uncode_shortcode_id=&#8220;434155&#8243;]Mit lebendigen Farben und hoher Aufl\u00f6sung bieten unsere LCD-Displays hervorragende Lesbarkeit und eine einfache Anpassung der Parameter. Sie sind in ein- und beidseitiger Konfiguration erh\u00e4ltlich und eignen sich f\u00fcr die Decken-, Wand- oder S\u00e4ulenmontage.[\/vc_column_text][\/vc_column][\/vc_row][vc_row row_height_percent=&#8220;0&#8243; override_padding=&#8220;yes&#8220; h_padding=&#8220;2&#8243; top_padding=&#8220;3&#8243; bottom_padding=&#8220;3&#8243; overlay_alpha=&#8220;50&#8243; gutter_size=&#8220;3&#8243; column_width_percent=&#8220;100&#8243; shift_y=&#8220;0&#8243; z_index=&#8220;0&#8243; uncode_shortcode_id=&#8220;888135&#8243; el_class=&#8220;product-details-tabs&#8220;][vc_column column_width_percent=&#8220;100&#8243; gutter_size=&#8220;3&#8243; overlay_alpha=&#8220;50&#8243; shift_x=&#8220;0&#8243; shift_y=&#8220;0&#8243; shift_y_down=&#8220;0&#8243; z_index=&#8220;0&#8243; medium_width=&#8220;0&#8243; mobile_width=&#8220;0&#8243; width=&#8220;1\/1&#8243; uncode_shortcode_id=&#8220;892116&#8243;][vc_tabs typography=&#8220;advanced&#8220; width_100=&#8220;yes&#8220; tab_no_border=&#8220;yes&#8220; titles_weight=&#8220;700&#8243; uncode_shortcode_id=&#8220;200259&#8243;][vc_tab gutter_size=&#8220;2&#8243; column_padding=&#8220;3&#8243; title=&#8220;Term\u00e9kjellemz\u0151k&#8220; tab_id=&#8220;1715429088-1-834eb2-51a8&#8243;][uncode_list icon=&#8220;fa fa-square&#8220; icon_color=&#8220;color-125951&#8243; uncode_shortcode_id=&#8220;142015&#8243; icon_color_type=&#8220;uncode-palette&#8220; el_class=&#8220;custom-list&#8220;]<\/p>\n<ul>\n<li>Integrierter Lichtsensor, adaptive Helligkeitsregelung basierend auf Umgebungslicht<\/li>\n<li>Verschiedene Schnittstellen: Ethernet \/ Glasfaser \/ LTE<\/li>\n<li>Wetterbest\u00e4ndiges Geh\u00e4use<\/li>\n<li>Reflexionsfreies geh\u00e4rtetes Sicherheitsglas<\/li>\n<li>Ma\u00dfgeschneiderte, geneigte Halterung f\u00fcr Decken- oder Wandmontage<\/li>\n<li>In-house Entwicklung, Design, Fertigung &amp; Qualit\u00e4tskontrolle<\/li>\n<\/ul>\n<p>[\/uncode_list][vc_empty_space empty_h=&#8220;2&#8243;][vc_row_inner limit_content=&#8220;&#8220;][vc_column_inner column_width_percent=&#8220;100&#8243; gutter_size=&#8220;3&#8243; overlay_alpha=&#8220;50&#8243; shift_x=&#8220;0&#8243; shift_y=&#8220;0&#8243; shift_y_down=&#8220;0&#8243; z_index=&#8220;0&#8243; medium_width=&#8220;0&#8243; mobile_width=&#8220;0&#8243; radius=&#8220;sm&#8220; width=&#8220;1\/1&#8243; uncode_shortcode_id=&#8220;426312&#8243; back_color_type=&#8220;uncode-solid&#8220; back_color_solid=&#8220;rgba(35,43,59,0.05)&#8220;][vc_column_text uncode_shortcode_id=&#8220;600463&#8243;]<strong>Support-Dienste<\/strong>[\/vc_column_text][vc_column_text uncode_shortcode_id=&#8220;153566&#8243;]Unser Engagement endet nicht mit dem Verkauf. Neben dem 24\/7-Betrieb, der laufenden Wartung und zuk\u00fcnftigen Verbesserungen k\u00f6nnen Sie sich auf uns f\u00fcr umfassende Kundenbetreuung und Support-Dienste verlassen. Wir sind stolz darauf, nicht nur Produkte zu liefern, sondern L\u00f6sungen, die sich mit Ihren Bed\u00fcrfnissen weiterentwickeln. Vom ersten Beratungsgespr\u00e4ch bis hin zur Installation und dar\u00fcber hinaus steht unser engagiertes Team bereit, um sicherzustellen, dass Ihre Erfahrung reibungslos verl\u00e4uft und Ihre Zufriedenheit an erster Stelle steht. Mit dem Fokus auf langfristige Partnerschaften streben wir danach, mehr als nur ein Lieferant zu sein \u2013 wir sind Ihr vertrauensw\u00fcrdiger Partner, der Sie durch die Komplexit\u00e4ten der modernen Verkehrstechnologie begleitet.[\/vc_column_text][\/vc_column_inner][\/vc_row_inner][vc_empty_space empty_h=&#8220;3&#8243;][\/vc_tab][\/vc_tabs][\/vc_column][\/vc_row][vc_row][vc_column width=&#8220;1\/1&#8243;][uncode_block id=&#8220;3689&#8243;][\/vc_column][\/vc_row]<\/p>\n<\/div>","protected":false},"excerpt":{"rendered":"<p>[vc_row row_height_percent=&#8220;0&#8243; back_color=&#8220;color-bg-4&#8243; back_image=&#8220;184&#8243; overlay_alpha=&#8220;50&#8243; gutter_size=&#8220;3&#8243; column_width_percent=&#8220;100&#8243; shift_y=&#8220;0&#8243; z_index=&#8220;5&#8243; enable_bottom_divider=&#8220;custom&#8220; shape_bottom_custom=&#8220;174&#8243; shape_bottom_h_use_pixel=&#8220;&#8220; shape_bottom_height=&#8220;150&#8243; shape_bottom_color=&#8220;color-gbc&#8220; shape_bottom_opacity=&#8220;100&#8243; shape_bottom_index=&#8220;0&#8243; uncode_shortcode_id=&#8220;808838&#8243; back_color_type=&#8220;uncode-palette&#8220; el_class=&#8220;hcl-image-effect page-header-large [&hellip;]<\/p>\n","protected":false},"author":1,"featured_media":0,"parent":6044,"menu_order":0,"comment_status":"closed","ping_status":"closed","template":"","meta":{"_acf_changed":false,"_seopress_robots_primary_cat":"","_seopress_titles_title":"","_seopress_titles_desc":"","_seopress_robots_index":"","footnotes":""},"class_list":["post-6102","page","type-page","status-publish","hentry","page_category-bus-de"],"acf":[],"_links":{"self":[{"href":"https:\/\/hclinear.hu\/de\/wp-json\/wp\/v2\/pages\/6102","targetHints":{"allow":["GET"]}}],"collection":[{"href":"https:\/\/hclinear.hu\/de\/wp-json\/wp\/v2\/pages"}],"about":[{"href":"https:\/\/hclinear.hu\/de\/wp-json\/wp\/v2\/types\/page"}],"author":[{"embeddable":true,"href":"https:\/\/hclinear.hu\/de\/wp-json\/wp\/v2\/users\/1"}],"replies":[{"embeddable":true,"href":"https:\/\/hclinear.hu\/de\/wp-json\/wp\/v2\/comments?post=6102"}],"version-history":[{"count":4,"href":"https:\/\/hclinear.hu\/de\/wp-json\/wp\/v2\/pages\/6102\/revisions"}],"predecessor-version":[{"id":6405,"href":"https:\/\/hclinear.hu\/de\/wp-json\/wp\/v2\/pages\/6102\/revisions\/6405"}],"up":[{"embeddable":true,"href":"https:\/\/hclinear.hu\/de\/wp-json\/wp\/v2\/pages\/6044"}],"wp:attachment":[{"href":"https:\/\/hclinear.hu\/de\/wp-json\/wp\/v2\/media?parent=6102"}],"curies":[{"name":"wp","href":"https:\/\/api.w.org\/{rel}","templated":true}]}}