{"id":6116,"date":"2024-05-12T13:12:54","date_gmt":"2024-05-12T12:12:54","guid":{"rendered":"https:\/\/hclinear.hu\/zugangssystem\/"},"modified":"2025-01-21T10:45:04","modified_gmt":"2025-01-21T09:45:04","slug":"zugangssystem","status":"publish","type":"page","link":"https:\/\/hclinear.hu\/de\/zugangssystem\/","title":{"rendered":"Zugangssystem"},"content":{"rendered":"<div class=\"wpb-content-wrapper\"><p>[vc_row row_height_percent=&#8220;0&#8243; back_color=&#8220;color-bg-4&#8243; back_image=&#8220;184&#8243; overlay_alpha=&#8220;50&#8243; gutter_size=&#8220;3&#8243; column_width_percent=&#8220;100&#8243; shift_y=&#8220;0&#8243; z_index=&#8220;5&#8243; enable_bottom_divider=&#8220;custom&#8220; shape_bottom_custom=&#8220;174&#8243; shape_bottom_h_use_pixel=&#8220;&#8220; shape_bottom_height=&#8220;150&#8243; shape_bottom_color=&#8220;color-gbc&#8220; shape_bottom_opacity=&#8220;100&#8243; shape_bottom_index=&#8220;0&#8243; uncode_shortcode_id=&#8220;808838&#8243; back_color_type=&#8220;uncode-palette&#8220; el_class=&#8220;hcl-image-effect page-header-large divider-use-lines&#8220; shape_bottom_color_type=&#8220;uncode-palette&#8220;][vc_column column_width_percent=&#8220;100&#8243; position_vertical=&#8220;middle&#8220; align_horizontal=&#8220;align_center&#8220; gutter_size=&#8220;3&#8243; style=&#8220;dark&#8220; overlay_alpha=&#8220;50&#8243; shift_x=&#8220;0&#8243; shift_y=&#8220;0&#8243; shift_y_down=&#8220;0&#8243; z_index=&#8220;0&#8243; medium_width=&#8220;0&#8243; mobile_width=&#8220;0&#8243; width=&#8220;1\/1&#8243; uncode_shortcode_id=&#8220;175903&#8243;][vc_column_text text_lead=&#8220;small&#8220; uncode_shortcode_id=&#8220;174529&#8243; text_color_type=&#8220;uncode-solid&#8220; text_color_solid=&#8220;rgba(255,255,255,0.4)&#8220; el_class=&#8220;label-large&#8220;]PRODUKTE[\/vc_column_text][vc_custom_heading auto_text=&#8220;yes&#8220; text_size=&#8220;fontsize-80&#8243; text_weight=&#8220;800&#8243; uncode_shortcode_id=&#8220;561192&#8243; el_class=&#8220;gradient-header&#8220;][\/vc_custom_heading][vc_button button_color=&#8220;color-xsdn&#8220; size=&#8220;btn-link&#8220; scale_mobile=&#8220;no&#8220; button_color_type=&#8220;uncode-palette&#8220; uncode_shortcode_id=&#8220;115172&#8243; el_class=&#8220;btn&#8211;secondary btn&#8211;secondary-dark&#8220; link=&#8220;url:https%3A%2F%2Fhclinear.hu%2Fproducts%2Fbus-solutions%2F|title:Busl%C3%B6sungen|&#8220;]Zur\u00fcck zu Busl\u00f6sungen[\/vc_button][\/vc_column][\/vc_row][vc_row row_height_percent=&#8220;0&#8243; override_padding=&#8220;yes&#8220; h_padding=&#8220;2&#8243; top_padding=&#8220;0&#8243; bottom_padding=&#8220;2&#8243; overlay_alpha=&#8220;50&#8243; gutter_size=&#8220;3&#8243; column_width_percent=&#8220;100&#8243; shift_y=&#8220;0&#8243; z_index=&#8220;0&#8243; uncode_shortcode_id=&#8220;171308&#8243; el_class=&#8220;product&#8211;top-navigation&#8220;][vc_column column_width_percent=&#8220;100&#8243; gutter_size=&#8220;3&#8243; back_color=&#8220;color-gbc&#8220; overlay_alpha=&#8220;50&#8243; shift_x=&#8220;0&#8243; shift_y=&#8220;-2&#8243; shift_y_down=&#8220;0&#8243; z_index=&#8220;5&#8243; medium_width=&#8220;0&#8243; mobile_width=&#8220;0&#8243; radius=&#8220;sm&#8220; width=&#8220;1\/1&#8243; uncode_shortcode_id=&#8220;426243&#8243; back_color_type=&#8220;uncode-palette&#8220;][vc_row_inner row_inner_height_percent=&#8220;0&#8243; overlay_alpha=&#8220;50&#8243; equal_height=&#8220;yes&#8220; gutter_size=&#8220;2&#8243; shift_y=&#8220;0&#8243; z_index=&#8220;0&#8243; limit_content=&#8220;&#8220; uncode_shortcode_id=&#8220;689735&#8243; el_class=&#8220;inner-category&#8220;][vc_column_inner column_width_percent=&#8220;100&#8243; position_vertical=&#8220;middle&#8220; align_horizontal=&#8220;align_center&#8220; gutter_size=&#8220;3&#8243; back_color=&#8220;color-xsdn&#8220; overlay_alpha=&#8220;50&#8243; shift_x=&#8220;0&#8243; shift_y=&#8220;0&#8243; shift_y_down=&#8220;0&#8243; z_index=&#8220;0&#8243; medium_width=&#8220;4&#8243; mobile_width=&#8220;0&#8243; radius=&#8220;sm&#8220; width=&#8220;1\/2&#8243; uncode_shortcode_id=&#8220;165390&#8243; back_color_type=&#8220;uncode-palette&#8220; link_to=&#8220;url:%2Fproducts-2%2Fegyeb-termekek%2F|title:Other%20Products&#8220;][vc_column_text uncode_shortcode_id=&#8220;238414&#8243;]<strong>Andere Produkte<\/strong>[\/vc_column_text][\/vc_column_inner][vc_column_inner column_width_percent=&#8220;100&#8243; position_vertical=&#8220;middle&#8220; align_horizontal=&#8220;align_center&#8220; gutter_size=&#8220;3&#8243; back_color=&#8220;color-xsdn&#8220; overlay_alpha=&#8220;50&#8243; shift_x=&#8220;0&#8243; shift_y=&#8220;0&#8243; shift_y_down=&#8220;0&#8243; z_index=&#8220;0&#8243; medium_width=&#8220;4&#8243; mobile_width=&#8220;0&#8243; radius=&#8220;sm&#8220; width=&#8220;1\/2&#8243; uncode_shortcode_id=&#8220;141475&#8243; back_color_type=&#8220;uncode-palette&#8220; el_class=&#8220;active&#8220;][vc_column_text uncode_shortcode_id=&#8220;211445&#8243;]<strong>Zugangssystem<\/strong>[\/vc_column_text][\/vc_column_inner][\/vc_row_inner][\/vc_column][\/vc_row][vc_row row_height_percent=&#8220;0&#8243; overlay_alpha=&#8220;50&#8243; equal_height=&#8220;yes&#8220; gutter_size=&#8220;2&#8243; column_width_percent=&#8220;100&#8243; shift_y=&#8220;0&#8243; z_index=&#8220;0&#8243; uncode_shortcode_id=&#8220;634081&#8243;][vc_column column_width_percent=&#8220;100&#8243; gutter_size=&#8220;3&#8243; override_padding=&#8220;yes&#8220; column_padding=&#8220;2&#8243; overlay_alpha=&#8220;50&#8243; shift_x=&#8220;0&#8243; shift_y=&#8220;0&#8243; shift_y_down=&#8220;0&#8243; z_index=&#8220;0&#8243; medium_width=&#8220;0&#8243; mobile_width=&#8220;0&#8243; width=&#8220;5\/12&#8243; uncode_shortcode_id=&#8220;173188&#8243;][vc_gallery el_id=&#8220;gallery-product&#8220; type=&#8220;carousel&#8220; medias=&#8220;1786,1785,1784&#8243; carousel_lg=&#8220;1&#8243; carousel_md=&#8220;1&#8243; carousel_sm=&#8220;1&#8243; thumb_size=&#8220;four-three&#8220; gutter_size=&#8220;3&#8243; media_items=&#8220;media|lightbox|original&#8220; carousel_autoh=&#8220;yes&#8220; carousel_interval=&#8220;0&#8243; carousel_navspeed=&#8220;400&#8243; advanced_nav=&#8220;yes&#8220; el_id1=&#8220;gallery-product&#8220; stage_padding=&#8220;0&#8243; single_shape=&#8220;round&#8220; single_overlay_opacity=&#8220;50&#8243; single_overlay_anim=&#8220;no&#8220; single_image_anim=&#8220;no&#8220; single_padding=&#8220;2&#8243; single_border=&#8220;yes&#8220; single_css_animation=&#8220;alpha-anim&#8220; single_animation_first=&#8220;yes&#8220; lbox_skin=&#8220;white&#8220; uncode_shortcode_id=&#8220;119492&#8243;][uncode_carousel_nav padding=&#8220;0&#8243; h_align=&#8220;center&#8220; arrows_skin=&#8220;dark&#8220; arrows_position=&#8220;el_absolute&#8220; arrows_v_align=&#8220;middle&#8220; arrows_padding=&#8220;0&#8243; arrow_style=&#8220;round&#8220; icon=&#8220;fa fa-arrow-right2&#8243; arrow_size=&#8220;fa-075x&#8220; animated_arrows=&#8220;default&#8220; hide_dots=&#8220;yes&#8220; hide_counter=&#8220;yes&#8220; uncode_shortcode_id=&#8220;436112&#8243; target=&#8220;gallery-product&#8220;][vc_row_inner row_inner_height_percent=&#8220;0&#8243; overlay_alpha=&#8220;50&#8243; gutter_size=&#8220;3&#8243; shift_y=&#8220;0&#8243; z_index=&#8220;0&#8243; limit_content=&#8220;&#8220; uncode_shortcode_id=&#8220;130237&#8243; el_class=&#8220;product-notice&#8220;][vc_column_inner column_width_percent=&#8220;100&#8243; gutter_size=&#8220;2&#8243; back_color=&#8220;color-162048&#8243; overlay_alpha=&#8220;50&#8243; shift_x=&#8220;0&#8243; shift_y=&#8220;0&#8243; shift_y_down=&#8220;0&#8243; z_index=&#8220;0&#8243; medium_width=&#8220;0&#8243; mobile_width=&#8220;0&#8243; radius=&#8220;sm&#8220; width=&#8220;1\/1&#8243; uncode_shortcode_id=&#8220;184590&#8243; back_color_type=&#8220;uncode-palette&#8220;][vc_icon position=&#8220;left&#8220; space_reduced=&#8220;yes&#8220; icon_image=&#8220;1595&#8243; media_size=&#8220;17&#8243; text_size=&#8220;&#8220; uncode_shortcode_id=&#8220;848702&#8243;]Nachhaltigkeit trifft auf verbessertes Passagiererlebnis[\/vc_icon][vc_column_text text_lead=&#8220;small&#8220; uncode_shortcode_id=&#8220;539260&#8243; text_color_type=&#8220;uncode-solid&#8220; text_color_solid=&#8220;rgba(35,43,59,0.4)&#8220;]Bei HC Linear steht Nachhaltigkeit im Mittelpunkt unserer Mission. Wir verl\u00e4ngern die Lebensdauer unserer Produkte, minimieren den Energieverbrauch und maximieren die Effizienz, um Abfall zu reduzieren und eine nachhaltigere Zukunft zu f\u00f6rdern.[\/vc_column_text][\/vc_column_inner][\/vc_row_inner][\/vc_column][vc_column column_width_percent=&#8220;100&#8243; gutter_size=&#8220;3&#8243; override_padding=&#8220;yes&#8220; column_padding=&#8220;2&#8243; overlay_alpha=&#8220;50&#8243; shift_x=&#8220;0&#8243; shift_y=&#8220;0&#8243; shift_y_down=&#8220;0&#8243; z_index=&#8220;0&#8243; medium_width=&#8220;0&#8243; mobile_width=&#8220;0&#8243; width=&#8220;7\/12&#8243; uncode_shortcode_id=&#8220;112309&#8243;][vc_custom_heading text_size=&#8220;fontsize-60&#8243; text_weight=&#8220;800&#8243; uncode_shortcode_id=&#8220;180259&#8243; el_class=&#8220;gradient-header&#8220;]Zugangs<strong>system<\/strong>[\/vc_custom_heading][vc_column_text uncode_shortcode_id=&#8220;172019&#8243;]    <div class=\"expandable-text-container\">\n        <div class=\"text-container\">\n            <div class=\"text\">\n\t\t\t\t<\/p>\n<p>Entdecken Sie unsere vielseitigen Zugangskontrolloptionen, einschlie\u00dflich Kartenbasiertem, NFC, biometrischer (Fingerabdruck), PIN- und QR-Code-Identifikation. Unser System bietet umfassende Funktionen wie zeit-, standort- und statusbasierte Zugangskontrolle sowie robuste Datenprotokollierung und Aufzeichnungsfunktionen. <\/p>\n<p>Verbessern Sie die Sicherheitsma\u00dfnahmen mit G\u00e4stekarten, Besucheridentifikation (QR-Code) und Ger\u00e4teidentifikation (NFC).<\/p>\n<p>Von kleinen bis gro\u00dfen Setups bietet die Skalierbarkeit unseres Systems eine L\u00f6sung f\u00fcr vielf\u00e4ltige geografische und quantitative Anforderungen, die nahtlos mit Ihrem Wachstum und Ihren Anforderungen \u00fcbereinstimmt.Mit Verwaltungsoptionen, die von Fern- und Lokalsystemen bis hin zu verteilten und zentralisierten Ans\u00e4tzen reichen, bieten wir Flexibilit\u00e4t, die auf Ihre Vorlieben zugeschnitten ist. <\/p>\n<p>Unser System funktioniert unabh\u00e4ngig als Zugangskontrolll\u00f6sung oder l\u00e4sst sich nahtlos in bestehende Back-Office-Systeme f\u00fcr die Aufzeichnung integrieren und bietet eine integrierte L\u00f6sung f\u00fcr Zugangskontrolle und Zeitaufzeichnung. Entworfen f\u00fcr Vielseitigkeit, eignet es sich mit seinem stilvollen Touchscreen-Grafikterminal und dem fortschrittlichen Kartenleser f\u00fcr verschiedene Umgebungen. <\/p>\n<p>Unterst\u00fctzte Identifikationsm\u00f6glichkeiten und Kontrolloptionen umfassen den Zugang zu T\u00fcren, Toren, Drehkreuzen, Barrieren und Toren, mit fortschrittlichen Funktionen wie der Erkennung von Ger\u00e4teabbauten und der Messung von Umweltdaten.<\/p>\n<p>Seien Sie versichert, dass der Betrieb effizient ist, da unser System den Standards entspricht, zertifizierte technische Ger\u00e4te verwendet und kontinuierlich weiterentwickelte Software bietet. Profitieren Sie von der M\u00f6glichkeit, Updates aus der Ferne durchzuf\u00fchren, sowie von einer einfachen, anpassbaren Installation, die die Betriebseffizienz und die Wartungsfreundlichkeit erh\u00f6ht. <\/p>\n<p>            <\/div>\n            <div class=\"gradient-overlay\"><\/div>\n        <\/div>\n    <\/div>\n    <a href=\"#\" class=\"read-more btn btn--secondary btn--secondary--small\" onclick=\"expandText(event)\">Show more<\/a>\n    <script>\n        function expandText(event) {\n            event.preventDefault();\n            var container = document.querySelector('.text-container');\n            var gradientOverlay = document.querySelector('.gradient-overlay');\n            container.style.maxHeight = 'none';\n            gradientOverlay.style.display = 'none';\n            event.target.style.display = 'none';\n        }\n    <\/script>\n\t[\/vc_column_text][\/vc_column][\/vc_row][vc_row row_height_percent=&#8220;0&#8243; override_padding=&#8220;yes&#8220; h_padding=&#8220;2&#8243; top_padding=&#8220;3&#8243; bottom_padding=&#8220;3&#8243; overlay_alpha=&#8220;50&#8243; gutter_size=&#8220;3&#8243; column_width_percent=&#8220;100&#8243; shift_y=&#8220;0&#8243; z_index=&#8220;0&#8243; uncode_shortcode_id=&#8220;888135&#8243; el_class=&#8220;product-details-tabs&#8220;][vc_column column_width_percent=&#8220;100&#8243; gutter_size=&#8220;3&#8243; overlay_alpha=&#8220;50&#8243; shift_x=&#8220;0&#8243; shift_y=&#8220;0&#8243; shift_y_down=&#8220;0&#8243; z_index=&#8220;0&#8243; medium_width=&#8220;0&#8243; mobile_width=&#8220;0&#8243; width=&#8220;1\/1&#8243; uncode_shortcode_id=&#8220;892116&#8243;][vc_tabs typography=&#8220;advanced&#8220; width_100=&#8220;yes&#8220; tab_no_border=&#8220;yes&#8220; titles_weight=&#8220;700&#8243; uncode_shortcode_id=&#8220;177526&#8243;][vc_tab gutter_size=&#8220;2&#8243; column_padding=&#8220;3&#8243; title=&#8220;Term\u00e9kjellemz\u0151k&#8220; tab_id=&#8220;1715429088-1-838b5f-a1bc&#8220;][uncode_list icon=&#8220;fa fa-square&#8220; icon_color=&#8220;color-125951&#8243; uncode_shortcode_id=&#8220;128862&#8243; icon_color_type=&#8220;uncode-palette&#8220; el_class=&#8220;custom-list&#8220;]<\/p>\n<ul>\n<li>Fortschrittliche Sicherheits- und Identifikationsfunktionen<\/li>\n<li>Skalierbare, modulare, erweiterbare L\u00f6sung<\/li>\n<li>Komplexe, integrierbare L\u00f6sung<\/li>\n<li>Intelligente, bequeme Zugangskontrollger\u00e4te<\/li>\n<li>Zuverl\u00e4ssiger Betrieb und Wartung<\/li>\n<\/ul>\n<p>[\/uncode_list][vc_empty_space empty_h=&#8220;2&#8243;][vc_row_inner limit_content=&#8220;&#8220;][vc_column_inner column_width_percent=&#8220;100&#8243; gutter_size=&#8220;3&#8243; overlay_alpha=&#8220;50&#8243; shift_x=&#8220;0&#8243; shift_y=&#8220;0&#8243; shift_y_down=&#8220;0&#8243; z_index=&#8220;0&#8243; medium_width=&#8220;0&#8243; mobile_width=&#8220;0&#8243; radius=&#8220;sm&#8220; width=&#8220;1\/1&#8243; uncode_shortcode_id=&#8220;426312&#8243; back_color_type=&#8220;uncode-solid&#8220; back_color_solid=&#8220;rgba(35,43,59,0.05)&#8220;][vc_column_text uncode_shortcode_id=&#8220;600463&#8243;]<strong>Support-Dienste<\/strong>[\/vc_column_text][vc_column_text uncode_shortcode_id=&#8220;153566&#8243;]Unser Engagement endet nicht mit dem Verkauf. Neben dem Betrieb rund um die Uhr, kontinuierlicher Wartung und zuk\u00fcnftigen Verbesserungen k\u00f6nnen Sie auf uns z\u00e4hlen, wenn es um umfassenden Kundenservice und Support-Dienste geht. Wir sind stolz darauf, nicht nur Produkte zu liefern, sondern L\u00f6sungen, die sich mit Ihren Bed\u00fcrfnissen weiterentwickeln. Vom ersten Beratungsgespr\u00e4ch \u00fcber die Installation und dar\u00fcber hinaus steht Ihnen unser engagiertes Team zur Verf\u00fcgung, um sicherzustellen, dass Ihre Erfahrung reibungslos verl\u00e4uft und Ihre Zufriedenheit an erster Stelle steht. Mit dem Fokus auf langfristige Partnerschaften streben wir danach, mehr als nur ein Lieferant zu sein \u2013 wir sind Ihr vertrauensw\u00fcrdiger Partner bei der Navigation durch die Komplexit\u00e4ten der modernen Verkehrstechnologie.[\/vc_column_text][\/vc_column_inner][\/vc_row_inner][vc_empty_space empty_h=&#8220;3&#8243;][\/vc_tab][\/vc_tabs][\/vc_column][\/vc_row][vc_row][vc_column width=&#8220;1\/1&#8243;][uncode_block id=&#8220;3689&#8243;][\/vc_column][\/vc_row]<\/p>\n<\/div>","protected":false},"excerpt":{"rendered":"<p>[vc_row row_height_percent=&#8220;0&#8243; back_color=&#8220;color-bg-4&#8243; back_image=&#8220;184&#8243; overlay_alpha=&#8220;50&#8243; gutter_size=&#8220;3&#8243; column_width_percent=&#8220;100&#8243; shift_y=&#8220;0&#8243; z_index=&#8220;5&#8243; enable_bottom_divider=&#8220;custom&#8220; shape_bottom_custom=&#8220;174&#8243; shape_bottom_h_use_pixel=&#8220;&#8220; shape_bottom_height=&#8220;150&#8243; shape_bottom_color=&#8220;color-gbc&#8220; shape_bottom_opacity=&#8220;100&#8243; shape_bottom_index=&#8220;0&#8243; uncode_shortcode_id=&#8220;808838&#8243; back_color_type=&#8220;uncode-palette&#8220; el_class=&#8220;hcl-image-effect page-header-large [&hellip;]<\/p>\n","protected":false},"author":1,"featured_media":0,"parent":0,"menu_order":0,"comment_status":"closed","ping_status":"closed","template":"","meta":{"_acf_changed":false,"_seopress_robots_primary_cat":"","_seopress_titles_title":"","_seopress_titles_desc":"","_seopress_robots_index":"","footnotes":""},"class_list":["post-6116","page","type-page","status-publish","hentry"],"acf":[],"_links":{"self":[{"href":"https:\/\/hclinear.hu\/de\/wp-json\/wp\/v2\/pages\/6116","targetHints":{"allow":["GET"]}}],"collection":[{"href":"https:\/\/hclinear.hu\/de\/wp-json\/wp\/v2\/pages"}],"about":[{"href":"https:\/\/hclinear.hu\/de\/wp-json\/wp\/v2\/types\/page"}],"author":[{"embeddable":true,"href":"https:\/\/hclinear.hu\/de\/wp-json\/wp\/v2\/users\/1"}],"replies":[{"embeddable":true,"href":"https:\/\/hclinear.hu\/de\/wp-json\/wp\/v2\/comments?post=6116"}],"version-history":[{"count":1,"href":"https:\/\/hclinear.hu\/de\/wp-json\/wp\/v2\/pages\/6116\/revisions"}],"predecessor-version":[{"id":6118,"href":"https:\/\/hclinear.hu\/de\/wp-json\/wp\/v2\/pages\/6116\/revisions\/6118"}],"wp:attachment":[{"href":"https:\/\/hclinear.hu\/de\/wp-json\/wp\/v2\/media?parent=6116"}],"curies":[{"name":"wp","href":"https:\/\/api.w.org\/{rel}","templated":true}]}}