{"id":6142,"date":"2024-03-23T10:48:23","date_gmt":"2024-03-23T09:48:23","guid":{"rendered":"https:\/\/hclinear.hu\/kutatasi-es-fejlesztesi-megoldasok\/"},"modified":"2025-01-21T12:38:34","modified_gmt":"2025-01-21T11:38:34","slug":"kutatasi-es-fejlesztesi-megoldasok","status":"publish","type":"page","link":"https:\/\/hclinear.hu\/de\/kutatasi-es-fejlesztesi-megoldasok\/","title":{"rendered":"Kutat\u00e1si \u00e9s fejleszt\u00e9si megold\u00e1sok"},"content":{"rendered":"","protected":false},"excerpt":{"rendered":"","protected":false},"author":1,"featured_media":0,"parent":0,"menu_order":0,"comment_status":"closed","ping_status":"closed","template":"","meta":{"_acf_changed":false,"_seopress_robots_primary_cat":"","_seopress_titles_title":"","_seopress_titles_desc":"","_seopress_robots_index":"","footnotes":""},"class_list":["post-6142","page","type-page","status-publish","hentry"],"acf":[],"_links":{"self":[{"href":"https:\/\/hclinear.hu\/de\/wp-json\/wp\/v2\/pages\/6142","targetHints":{"allow":["GET"]}}],"collection":[{"href":"https:\/\/hclinear.hu\/de\/wp-json\/wp\/v2\/pages"}],"about":[{"href":"https:\/\/hclinear.hu\/de\/wp-json\/wp\/v2\/types\/page"}],"author":[{"embeddable":true,"href":"https:\/\/hclinear.hu\/de\/wp-json\/wp\/v2\/users\/1"}],"replies":[{"embeddable":true,"href":"https:\/\/hclinear.hu\/de\/wp-json\/wp\/v2\/comments?post=6142"}],"version-history":[{"count":1,"href":"https:\/\/hclinear.hu\/de\/wp-json\/wp\/v2\/pages\/6142\/revisions"}],"predecessor-version":[{"id":6144,"href":"https:\/\/hclinear.hu\/de\/wp-json\/wp\/v2\/pages\/6142\/revisions\/6144"}],"wp:attachment":[{"href":"https:\/\/hclinear.hu\/de\/wp-json\/wp\/v2\/media?parent=6142"}],"curies":[{"name":"wp","href":"https:\/\/api.w.org\/{rel}","templated":true}]}}