{"id":6151,"date":"2024-04-04T09:24:42","date_gmt":"2024-04-04T08:24:42","guid":{"rendered":"https:\/\/hclinear.hu\/kutatasi-es-fejlesztesi-megoldasok\/softwareentwicklung\/"},"modified":"2026-02-24T14:58:23","modified_gmt":"2026-02-24T13:58:23","slug":"softwareentwicklung","status":"publish","type":"page","link":"https:\/\/hclinear.hu\/de\/kutatasi-es-fejlesztesi-megoldasok\/softwareentwicklung\/","title":{"rendered":"Softwareentwicklung"},"content":{"rendered":"<div class=\"wpb-content-wrapper\"><p>[vc_row row_height_percent=&#8220;0&#8243; back_color=&#8220;color-bg-4&#8243; back_image=&#8220;184&#8243; overlay_alpha=&#8220;50&#8243; gutter_size=&#8220;3&#8243; column_width_percent=&#8220;100&#8243; shift_y=&#8220;0&#8243; z_index=&#8220;5&#8243; enable_bottom_divider=&#8220;custom&#8220; shape_bottom_custom=&#8220;174&#8243; shape_bottom_h_use_pixel=&#8220;&#8220; shape_bottom_height=&#8220;150&#8243; shape_bottom_color=&#8220;color-gbc&#8220; shape_bottom_opacity=&#8220;100&#8243; shape_bottom_index=&#8220;0&#8243; uncode_shortcode_id=&#8220;217847&#8243; back_color_type=&#8220;uncode-palette&#8220; el_class=&#8220;hcl-image-effect page-header-large divider-use-lines&#8220; shape_bottom_color_type=&#8220;uncode-palette&#8220;][vc_column column_width_percent=&#8220;100&#8243; position_vertical=&#8220;middle&#8220; align_horizontal=&#8220;align_center&#8220; gutter_size=&#8220;3&#8243; style=&#8220;dark&#8220; overlay_alpha=&#8220;50&#8243; shift_x=&#8220;0&#8243; shift_y=&#8220;0&#8243; shift_y_down=&#8220;0&#8243; z_index=&#8220;0&#8243; medium_width=&#8220;0&#8243; mobile_width=&#8220;0&#8243; width=&#8220;1\/1&#8243; uncode_shortcode_id=&#8220;175903&#8243;][vc_column_text text_lead=&#8220;small&#8220; uncode_shortcode_id=&#8220;899313&#8243; text_color_type=&#8220;uncode-solid&#8220; text_color_solid=&#8220;rgba(255,255,255,0.4)&#8220; el_class=&#8220;label-large&#8220;]Dientsleistung[\/vc_column_text][vc_custom_heading text_size=&#8220;fontsize-80&#8243; text_weight=&#8220;800&#8243; uncode_shortcode_id=&#8220;122460&#8243; el_class=&#8220;gradient-header&#8220;]Software<strong>entwicklung <\/strong>[\/vc_custom_heading][\/vc_column][\/vc_row][vc_row row_height_percent=&#8220;0&#8243; override_padding=&#8220;yes&#8220; h_padding=&#8220;2&#8243; top_padding=&#8220;0&#8243; bottom_padding=&#8220;2&#8243; overlay_alpha=&#8220;50&#8243; gutter_size=&#8220;3&#8243; column_width_percent=&#8220;100&#8243; shift_y=&#8220;0&#8243; z_index=&#8220;0&#8243; uncode_shortcode_id=&#8220;659453&#8243;][vc_column column_width_percent=&#8220;100&#8243; gutter_size=&#8220;3&#8243; overlay_alpha=&#8220;50&#8243; shift_x=&#8220;0&#8243; shift_y=&#8220;-4&#8243; shift_y_fixed=&#8220;yes&#8220; shift_y_down=&#8220;0&#8243; z_index=&#8220;5&#8243; medium_width=&#8220;0&#8243; mobile_width=&#8220;0&#8243; width=&#8220;1\/1&#8243; uncode_shortcode_id=&#8220;824679&#8243; el_class=&#8220;header-services-block&#8220;][vc_single_image media=&#8220;1152&#8243; media_width_percent=&#8220;100&#8243; shape=&#8220;img-round&#8220; uncode_shortcode_id=&#8220;151089&#8243;][\/vc_column][\/vc_row][vc_row row_height_percent=&#8220;0&#8243; override_padding=&#8220;yes&#8220; h_padding=&#8220;4&#8243; top_padding=&#8220;0&#8243; bottom_padding=&#8220;0&#8243; overlay_alpha=&#8220;50&#8243; gutter_size=&#8220;3&#8243; column_width_percent=&#8220;100&#8243; shift_y=&#8220;0&#8243; z_index=&#8220;0&#8243; uncode_shortcode_id=&#8220;109908&#8243;][vc_column column_width_percent=&#8220;100&#8243; gutter_size=&#8220;3&#8243; override_padding=&#8220;yes&#8220; column_padding=&#8220;3&#8243; back_color=&#8220;color-gbc&#8220; overlay_alpha=&#8220;50&#8243; shift_x=&#8220;0&#8243; shift_y=&#8220;-5&#8243; shift_y_down=&#8220;0&#8243; z_index=&#8220;5&#8243; medium_width=&#8220;0&#8243; mobile_width=&#8220;0&#8243; radius=&#8220;sm&#8220; width=&#8220;1\/1&#8243; uncode_shortcode_id=&#8220;234247&#8243; back_color_type=&#8220;uncode-palette&#8220;][vc_custom_heading text_size=&#8220;fontsize-60&#8243; text_weight=&#8220;800&#8243; uncode_shortcode_id=&#8220;185345&#8243; el_class=&#8220;gradient-header&#8220;]Agile<br \/>\n<strong>Softwarel\u00f6sungen <\/strong>[\/vc_custom_heading][vc_column_text uncode_shortcode_id=&#8220;179028&#8243;]Bei HC Linear setzen wir auf Agilit\u00e4t und f\u00f6rdern eine nahtlose Zusammenarbeit mit unseren Kunden, um schnell zu iterieren und erstklassige Softwarel\u00f6sungen zu liefern. Wir nutzen unsere Expertise in maschinellem Lernen (ML) und K\u00fcnstlicher Intelligenz (KI), um unsere IT-L\u00f6sungen zu verbessern. Dar\u00fcber hinaus setzen wir automatisiertes Testen ein, um sicherzustellen, dass Tests schneller und effizienter durchgef\u00fchrt werden.[\/vc_column_text][vc_single_image media=&#8220;1271&#8243; media_width_percent=&#8220;100&#8243; uncode_shortcode_id=&#8220;195403&#8243;][vc_column_text uncode_shortcode_id=&#8220;176271&#8243;]Bei HC Linear sind wir auf die Bereitstellung von End-to-End (E2E) Softwarel\u00f6sungen spezialisiert, die auf industrielle Umgebungen zugeschnitten sind. Mit einem Fokus auf Innovation, Zuverl\u00e4ssigkeit und Skalierbarkeit stellen wir sicher, dass Ihre Softwarel\u00f6sung nicht nur robust und effizient ist, sondern auch zukunftssicher, bereit, sich den sich entwickelnden Anforderungen Ihrer Branche anzupassen.[\/vc_column_text][\/vc_column][\/vc_row][vc_row row_height_percent=&#8220;0&#8243; override_padding=&#8220;yes&#8220; h_padding=&#8220;4&#8243; top_padding=&#8220;2&#8243; bottom_padding=&#8220;2&#8243; overlay_alpha=&#8220;50&#8243; gutter_size=&#8220;3&#8243; column_width_percent=&#8220;100&#8243; shift_y=&#8220;0&#8243; z_index=&#8220;0&#8243; uncode_shortcode_id=&#8220;121759&#8243;][vc_column column_width_percent=&#8220;100&#8243; gutter_size=&#8220;3&#8243; override_padding=&#8220;yes&#8220; column_padding=&#8220;3&#8243; back_color=&#8220;color-162048&#8243; overlay_alpha=&#8220;50&#8243; shift_x=&#8220;0&#8243; shift_y=&#8220;0&#8243; shift_y_down=&#8220;0&#8243; z_index=&#8220;0&#8243; medium_width=&#8220;0&#8243; mobile_width=&#8220;0&#8243; radius=&#8220;sm&#8220; width=&#8220;1\/1&#8243; uncode_shortcode_id=&#8220;451896&#8243; back_color_type=&#8220;uncode-palette&#8220;][vc_custom_heading heading_semantic=&#8220;h3&#8243; text_size=&#8220;h3&#8243; uncode_shortcode_id=&#8220;183225&#8243;]Unsere Expertise umfasst eine breite Palette von Softwarel\u00f6sungen, einschlie\u00dflich:[\/vc_custom_heading][vc_row_inner limit_content=&#8220;&#8220;][vc_column_inner column_width_percent=&#8220;100&#8243; gutter_size=&#8220;3&#8243; overlay_alpha=&#8220;50&#8243; shift_x=&#8220;0&#8243; shift_y=&#8220;0&#8243; shift_y_down=&#8220;0&#8243; z_index=&#8220;0&#8243; medium_width=&#8220;4&#8243; mobile_width=&#8220;0&#8243; width=&#8220;1\/3&#8243; uncode_shortcode_id=&#8220;175323&#8243;][uncode_list icon=&#8220;fa fa-square&#8220; icon_color=&#8220;color-hcl-green&#8220; uncode_shortcode_id=&#8220;197366&#8243; icon_color_type=&#8220;uncode-palette&#8220; el_class=&#8220;custom-list&#8220;]<\/p>\n<ul>\n<li>Datenanalyse<\/li>\n<li>Mobile Anwendungen<\/li>\n<\/ul>\n<p>[\/uncode_list][\/vc_column_inner][vc_column_inner column_width_percent=&#8220;100&#8243; gutter_size=&#8220;3&#8243; overlay_alpha=&#8220;50&#8243; shift_x=&#8220;0&#8243; shift_y=&#8220;0&#8243; shift_y_down=&#8220;0&#8243; z_index=&#8220;0&#8243; medium_width=&#8220;4&#8243; mobile_width=&#8220;0&#8243; width=&#8220;1\/3&#8243; uncode_shortcode_id=&#8220;775952&#8243;][uncode_list icon=&#8220;fa fa-square&#8220; icon_color=&#8220;color-hcl-bleu&#8220; uncode_shortcode_id=&#8220;168102&#8243; icon_color_type=&#8220;uncode-palette&#8220; el_class=&#8220;custom-list&#8220;]<\/p>\n<ul>\n<li>Webanwendungen<\/li>\n<li>Cloud-basierte L\u00f6sungen<\/li>\n<\/ul>\n<p>[\/uncode_list][\/vc_column_inner][vc_column_inner column_width_percent=&#8220;100&#8243; gutter_size=&#8220;3&#8243; overlay_alpha=&#8220;50&#8243; shift_x=&#8220;0&#8243; shift_y=&#8220;0&#8243; shift_y_down=&#8220;0&#8243; z_index=&#8220;0&#8243; medium_width=&#8220;0&#8243; mobile_visibility=&#8220;yes&#8220; mobile_width=&#8220;0&#8243; width=&#8220;1\/3&#8243; uncode_shortcode_id=&#8220;411780&#8243; el_class=&#8220;laptop-not-hide&#8220;][\/vc_column_inner][\/vc_row_inner][\/vc_column][\/vc_row][vc_row row_height_percent=&#8220;0&#8243; override_padding=&#8220;yes&#8220; h_padding=&#8220;2&#8243; top_padding=&#8220;5&#8243; bottom_padding=&#8220;4&#8243; back_color=&#8220;color-162048&#8243; overlay_alpha=&#8220;50&#8243; gutter_size=&#8220;3&#8243; column_width_percent=&#8220;100&#8243; shift_y=&#8220;0&#8243; z_index=&#8220;0&#8243; enable_top_divider=&#8220;custom&#8220; shape_top_custom=&#8220;1696&#8243; shape_top_h_use_pixel=&#8220;&#8220; shape_top_height=&#8220;150&#8243; shape_top_opacity=&#8220;100&#8243; shape_top_safe=&#8220;yes&#8220; shape_top_index=&#8220;0&#8243; shape_top_responsive=&#8220;yes&#8220; shape_top_tablet_hide=&#8220;yes&#8220; shape_top_mobile_hide=&#8220;yes&#8220; inverted_device_order=&#8220;yes&#8220; uncode_shortcode_id=&#8220;198295&#8243; el_class=&#8220;resources&#8211;page section-after-folder&#8220; back_color_type=&#8220;uncode-palette&#8220;][vc_column column_width_percent=&#8220;60&#8243; position_horizontal=&#8220;right&#8220; position_vertical=&#8220;middle&#8220; align_horizontal=&#8220;align_right&#8220; gutter_size=&#8220;2&#8243; overlay_alpha=&#8220;50&#8243; shift_x=&#8220;0&#8243; shift_y=&#8220;0&#8243; shift_y_down=&#8220;0&#8243; z_index=&#8220;3&#8243; medium_width=&#8220;4&#8243; mobile_width=&#8220;0&#8243; width=&#8220;1\/2&#8243; uncode_shortcode_id=&#8220;138686&#8243;][vc_row_inner row_inner_height_percent=&#8220;0&#8243; overlay_alpha=&#8220;50&#8243; equal_height=&#8220;yes&#8220; gutter_size=&#8220;2&#8243; shift_y=&#8220;0&#8243; z_index=&#8220;0&#8243; limit_content=&#8220;&#8220; uncode_shortcode_id=&#8220;443905&#8243; el_class=&#8220;file-download-container&#8220;][vc_column_inner column_width_percent=&#8220;100&#8243; gutter_size=&#8220;3&#8243; back_color=&#8220;color-xsdn&#8220; overlay_alpha=&#8220;50&#8243; shift_x=&#8220;0&#8243; shift_y=&#8220;0&#8243; shift_y_down=&#8220;0&#8243; z_index=&#8220;0&#8243; medium_width=&#8220;3&#8243; mobile_width=&#8220;0&#8243; radius=&#8220;sm&#8220; width=&#8220;1\/2&#8243; uncode_shortcode_id=&#8220;135760&#8243; back_color_type=&#8220;uncode-palette&#8220;][vc_single_image media=&#8220;678&#8243; media_width_percent=&#8220;100&#8243; shape=&#8220;img-round&#8220; uncode_shortcode_id=&#8220;418202&#8243; media_link=&#8220;url:https%3A%2F%2Fhclinear.hu%2Fwp-content%2Fuploads%2Fcatalogs%2Feng%2Fr%26d_solutions.pdf|target:_blank&#8220;][vc_icon position=&#8220;right&#8220; icon=&#8220;fa fa-external-link&#8220; heading_semantic=&#8220;h5&#8243; text_size=&#8220;&#8220; text_weight=&#8220;700&#8243; linked_title=&#8220;yes&#8220; uncode_shortcode_id=&#8220;147167&#8243; title=&#8220;F&#038;E L\u00f6sungen&#8220; el_class=&#8220;file-download&#8220; link=&#8220;url:https%3A%2F%2Fhclinear.hu%2Fwp-content%2Fuploads%2Fcatalogs%2Feng%2Fr%26d_solutions.pdf|target:_blank&#8220;]PDF[\/vc_icon][\/vc_column_inner][\/vc_row_inner][\/vc_column][vc_column column_width_percent=&#8220;80&#8243; position_horizontal=&#8220;left&#8220; position_vertical=&#8220;middle&#8220; gutter_size=&#8220;3&#8243; overlay_alpha=&#8220;50&#8243; shift_x=&#8220;0&#8243; shift_y=&#8220;0&#8243; shift_y_down=&#8220;0&#8243; z_index=&#8220;0&#8243; medium_width=&#8220;4&#8243; mobile_width=&#8220;0&#8243; width=&#8220;1\/2&#8243; uncode_shortcode_id=&#8220;667754&#8243;][vc_icon icon_image=&#8220;935&#8243; uncode_shortcode_id=&#8220;594467&#8243;][\/vc_icon][vc_custom_heading text_size=&#8220;fontsize-60&#8243; text_weight=&#8220;800&#8243; uncode_shortcode_id=&#8220;344447&#8243; el_class=&#8220;gradient-header&#8220;]<strong>Speichern Sie<\/strong> unseren Katalog f\u00fcr sp\u00e4ter[\/vc_custom_heading][vc_column_text uncode_shortcode_id=&#8220;176701&#8243;]Entdecken Sie unser breites Sortiment an Busl\u00f6sungen, die die Verwaltung des \u00f6ffentlichen Nahverkehrs individuell an Ihre Bed\u00fcrfnisse anpassen.[\/vc_column_text][\/vc_column][\/vc_row]<\/p>\n<\/div>","protected":false},"excerpt":{"rendered":"<p>Bei HC Linear sind wir auf die Bereitstellung von End-to-End (E2E) Softwarel\u00f6sungen spezialisiert, die auf industrielle Umgebungen zugeschnitten sind.<\/p>\n","protected":false},"author":1,"featured_media":0,"parent":6142,"menu_order":0,"comment_status":"closed","ping_status":"closed","template":"","meta":{"_acf_changed":false,"_seopress_robots_primary_cat":"","_seopress_titles_title":"","_seopress_titles_desc":"","_seopress_robots_index":"","footnotes":""},"class_list":["post-6151","page","type-page","status-publish","hentry","page_category-kiemelt-fooldali-bejegyzes-de"],"acf":[],"_links":{"self":[{"href":"https:\/\/hclinear.hu\/de\/wp-json\/wp\/v2\/pages\/6151","targetHints":{"allow":["GET"]}}],"collection":[{"href":"https:\/\/hclinear.hu\/de\/wp-json\/wp\/v2\/pages"}],"about":[{"href":"https:\/\/hclinear.hu\/de\/wp-json\/wp\/v2\/types\/page"}],"author":[{"embeddable":true,"href":"https:\/\/hclinear.hu\/de\/wp-json\/wp\/v2\/users\/1"}],"replies":[{"embeddable":true,"href":"https:\/\/hclinear.hu\/de\/wp-json\/wp\/v2\/comments?post=6151"}],"version-history":[{"count":4,"href":"https:\/\/hclinear.hu\/de\/wp-json\/wp\/v2\/pages\/6151\/revisions"}],"predecessor-version":[{"id":8181,"href":"https:\/\/hclinear.hu\/de\/wp-json\/wp\/v2\/pages\/6151\/revisions\/8181"}],"up":[{"embeddable":true,"href":"https:\/\/hclinear.hu\/de\/wp-json\/wp\/v2\/pages\/6142"}],"wp:attachment":[{"href":"https:\/\/hclinear.hu\/de\/wp-json\/wp\/v2\/media?parent=6151"}],"curies":[{"name":"wp","href":"https:\/\/api.w.org\/{rel}","templated":true}]}}