{"id":6191,"date":"2024-03-23T11:49:58","date_gmt":"2024-03-23T10:49:58","guid":{"rendered":"https:\/\/hclinear.hu\/rolunk\/wer-wir-sind\/"},"modified":"2026-01-09T07:47:28","modified_gmt":"2026-01-09T06:47:28","slug":"wer-wir-sind","status":"publish","type":"page","link":"https:\/\/hclinear.hu\/de\/rolunk\/wer-wir-sind\/","title":{"rendered":"Wer wir sind?"},"content":{"rendered":"<div class=\"wpb-content-wrapper\"><p>[vc_row row_height_percent=&#8220;0&#8243; back_color=&#8220;color-bg-4&#8243; back_image=&#8220;184&#8243; overlay_alpha=&#8220;50&#8243; gutter_size=&#8220;3&#8243; column_width_percent=&#8220;100&#8243; shift_y=&#8220;0&#8243; z_index=&#8220;5&#8243; enable_bottom_divider=&#8220;custom&#8220; shape_bottom_custom=&#8220;174&#8243; shape_bottom_h_use_pixel=&#8220;&#8220; shape_bottom_height=&#8220;150&#8243; shape_bottom_color=&#8220;color-gbc&#8220; shape_bottom_opacity=&#8220;100&#8243; shape_bottom_index=&#8220;0&#8243; uncode_shortcode_id=&#8220;195602&#8243; back_color_type=&#8220;uncode-palette&#8220; el_class=&#8220;hcl-image-effect page-header-large divider-use-lines&#8220; shape_bottom_color_type=&#8220;uncode-palette&#8220;][vc_column column_width_percent=&#8220;100&#8243; position_vertical=&#8220;middle&#8220; align_horizontal=&#8220;align_center&#8220; gutter_size=&#8220;3&#8243; style=&#8220;dark&#8220; overlay_alpha=&#8220;50&#8243; shift_x=&#8220;0&#8243; shift_y=&#8220;0&#8243; shift_y_down=&#8220;0&#8243; z_index=&#8220;0&#8243; medium_width=&#8220;0&#8243; mobile_width=&#8220;0&#8243; width=&#8220;1\/1&#8243; uncode_shortcode_id=&#8220;175903&#8243;][vc_column_text text_lead=&#8220;small&#8220; uncode_shortcode_id=&#8220;825400&#8243; text_color_type=&#8220;uncode-solid&#8220; text_color_solid=&#8220;rgba(255,255,255,0.4)&#8220; el_class=&#8220;label-large&#8220;]Wer wir sind[\/vc_column_text][vc_custom_heading text_size=&#8220;fontsize-80&#8243; text_weight=&#8220;800&#8243; uncode_shortcode_id=&#8220;156269&#8243; el_class=&#8220;gradient-header&#8220;]Kraftwerk der <strong>Innovation<\/strong>[\/vc_custom_heading][\/vc_column][\/vc_row][vc_row row_height_percent=&#8220;0&#8243; override_padding=&#8220;yes&#8220; h_padding=&#8220;2&#8243; top_padding=&#8220;0&#8243; bottom_padding=&#8220;2&#8243; overlay_alpha=&#8220;50&#8243; gutter_size=&#8220;3&#8243; column_width_percent=&#8220;100&#8243; shift_y=&#8220;0&#8243; z_index=&#8220;7&#8243; uncode_shortcode_id=&#8220;672387&#8243; el_class=&#8220;who-we-are-top-images&#8220;][vc_column column_width_percent=&#8220;100&#8243; gutter_size=&#8220;2&#8243; overlay_alpha=&#8220;50&#8243; shift_x=&#8220;0&#8243; shift_y=&#8220;-2&#8243; shift_y_fixed=&#8220;yes&#8220; shift_y_down=&#8220;0&#8243; z_index=&#8220;0&#8243; medium_width=&#8220;0&#8243; mobile_width=&#8220;0&#8243; width=&#8220;1\/1&#8243; uncode_shortcode_id=&#8220;527367&#8243;][vc_row_inner limit_content=&#8220;&#8220;][vc_column_inner column_width_percent=&#8220;100&#8243; gutter_size=&#8220;3&#8243; overlay_alpha=&#8220;50&#8243; shift_x=&#8220;0&#8243; shift_y=&#8220;0&#8243; shift_y_down=&#8220;0&#8243; z_index=&#8220;0&#8243; medium_width=&#8220;4&#8243; mobile_width=&#8220;0&#8243; width=&#8220;1\/2&#8243; uncode_shortcode_id=&#8220;125605&#8243;][vc_single_image media=&#8220;1525&#8243; media_width_percent=&#8220;100&#8243; media_ratio=&#8220;five-four&#8220; shape=&#8220;img-round&#8220; uncode_shortcode_id=&#8220;135689&#8243;][vc_single_image media=&#8220;1527&#8243; media_width_percent=&#8220;100&#8243; media_ratio=&#8220;five-four&#8220; shape=&#8220;img-round&#8220; uncode_shortcode_id=&#8220;231471&#8243;][\/vc_column_inner][vc_column_inner column_width_percent=&#8220;100&#8243; position_vertical=&#8220;middle&#8220; gutter_size=&#8220;3&#8243; overlay_alpha=&#8220;50&#8243; shift_x=&#8220;0&#8243; shift_y=&#8220;0&#8243; shift_y_down=&#8220;0&#8243; z_index=&#8220;0&#8243; medium_width=&#8220;4&#8243; mobile_width=&#8220;0&#8243; width=&#8220;1\/2&#8243; uncode_shortcode_id=&#8220;131522&#8243; el_class=&#8220;right-side&#8220;][vc_single_image media=&#8220;1526&#8243; media_width_percent=&#8220;100&#8243; media_ratio=&#8220;five-four&#8220; shape=&#8220;img-round&#8220; uncode_shortcode_id=&#8220;174656&#8243;][\/vc_column_inner][\/vc_row_inner][\/vc_column][\/vc_row][vc_row row_height_percent=&#8220;0&#8243; override_padding=&#8220;yes&#8220; h_padding=&#8220;2&#8243; top_padding=&#8220;2&#8243; bottom_padding=&#8220;2&#8243; overlay_alpha=&#8220;50&#8243; gutter_size=&#8220;3&#8243; column_width_percent=&#8220;100&#8243; shift_y=&#8220;0&#8243; z_index=&#8220;0&#8243; uncode_shortcode_id=&#8220;100652&#8243;][vc_column column_width_percent=&#8220;90&#8243; gutter_size=&#8220;3&#8243; overlay_alpha=&#8220;50&#8243; shift_x=&#8220;0&#8243; shift_y=&#8220;0&#8243; shift_y_down=&#8220;0&#8243; z_index=&#8220;0&#8243; medium_width=&#8220;0&#8243; mobile_width=&#8220;0&#8243; width=&#8220;1\/1&#8243; uncode_shortcode_id=&#8220;186415&#8243;][vc_custom_heading text_size=&#8220;fontsize-60&#8243; text_weight=&#8220;800&#8243; uncode_shortcode_id=&#8220;185995&#8243; el_class=&#8220;gradient-header&#8220;]<strong>HC Linear Kft,<\/strong> die L\u00f6sungsschmiede[\/vc_custom_heading][vc_column_text uncode_shortcode_id=&#8220;180139&#8243; el_class=&#8220;quote&#8220;]<\/p>\n<blockquote><p>Unsere Reise begann mit einem einfachen, aber tiefgreifenden Ziel: digitale L\u00f6sungen f\u00fcr die dr\u00e4ngendsten Probleme der Zukunft zu finden. Mit dieser Vision vor Augen haben wir uns zu einem Kraftwerk der Innovation entwickelt und gestalten die Landschaft der industriellen Elektronik, Softwareentwicklung und Systemintegration. Von unseren bescheidenen Anf\u00e4ngen als Kleinunternehmen haben wir uns zu einem mittelst\u00e4ndischen Unternehmen gewandelt, das von den Prinzipien des bewussten Unternehmensaufbaus und nachhaltiger Entwicklung geleitet wird.<\/p><\/blockquote>\n<p>[\/vc_column_text][\/vc_column][\/vc_row][vc_row row_height_percent=&#8220;0&#8243; overlay_alpha=&#8220;50&#8243; gutter_size=&#8220;3&#8243; column_width_percent=&#8220;100&#8243; shift_y=&#8220;0&#8243; z_index=&#8220;0&#8243; uncode_shortcode_id=&#8220;191382&#8243; el_class=&#8220;who-we-are&#8211;page-usp&#8220;][vc_column column_width_percent=&#8220;90&#8243; gutter_size=&#8220;2&#8243; overlay_alpha=&#8220;50&#8243; shift_x=&#8220;0&#8243; shift_y=&#8220;0&#8243; shift_y_down=&#8220;0&#8243; z_index=&#8220;0&#8243; medium_width=&#8220;0&#8243; mobile_width=&#8220;0&#8243; width=&#8220;1\/1&#8243; uncode_shortcode_id=&#8220;191920&#8243;][vc_row_inner row_inner_height_percent=&#8220;0&#8243; overlay_alpha=&#8220;50&#8243; equal_height=&#8220;yes&#8220; gutter_size=&#8220;2&#8243; shift_y=&#8220;0&#8243; z_index=&#8220;0&#8243; limit_content=&#8220;&#8220; uncode_shortcode_id=&#8220;660458&#8243;][vc_column_inner column_width_percent=&#8220;100&#8243; position_vertical=&#8220;middle&#8220; gutter_size=&#8220;3&#8243; back_color=&#8220;color-xsdn&#8220; overlay_alpha=&#8220;50&#8243; shift_x=&#8220;0&#8243; shift_y=&#8220;0&#8243; shift_y_down=&#8220;0&#8243; z_index=&#8220;0&#8243; medium_width=&#8220;4&#8243; mobile_width=&#8220;0&#8243; radius=&#8220;sm&#8220; width=&#8220;1\/2&#8243; uncode_shortcode_id=&#8220;775082&#8243; back_color_type=&#8220;uncode-palette&#8220;][vc_icon position=&#8220;left&#8220; space_reduced=&#8220;yes&#8220; icon_image=&#8220;1531&#8243; heading_semantic=&#8220;h6&#8243; text_size=&#8220;h6&#8243; uncode_shortcode_id=&#8220;408011&#8243; title=&#8220;Gegr\u00fcndet im Jahr 1990&#8243;][\/vc_icon][\/vc_column_inner][vc_column_inner column_width_percent=&#8220;100&#8243; position_vertical=&#8220;middle&#8220; gutter_size=&#8220;3&#8243; back_color=&#8220;color-xsdn&#8220; overlay_alpha=&#8220;50&#8243; shift_x=&#8220;0&#8243; shift_y=&#8220;0&#8243; shift_y_down=&#8220;0&#8243; z_index=&#8220;0&#8243; medium_width=&#8220;4&#8243; mobile_width=&#8220;0&#8243; radius=&#8220;sm&#8220; width=&#8220;1\/2&#8243; uncode_shortcode_id=&#8220;825403&#8243; back_color_type=&#8220;uncode-palette&#8220;][vc_icon position=&#8220;left&#8220; space_reduced=&#8220;yes&#8220; icon_image=&#8220;1636&#8243; heading_semantic=&#8220;h6&#8243; text_size=&#8220;h6&#8243; uncode_shortcode_id=&#8220;962053&#8243; title=&#8220;Finanziell stabil (AAA)&#8220;][\/vc_icon][\/vc_column_inner][\/vc_row_inner][vc_row_inner row_inner_height_percent=&#8220;0&#8243; overlay_alpha=&#8220;50&#8243; equal_height=&#8220;yes&#8220; gutter_size=&#8220;2&#8243; shift_y=&#8220;0&#8243; z_index=&#8220;0&#8243; limit_content=&#8220;&#8220; uncode_shortcode_id=&#8220;660458&#8243;][vc_column_inner column_width_percent=&#8220;100&#8243; position_vertical=&#8220;middle&#8220; gutter_size=&#8220;3&#8243; back_color=&#8220;color-xsdn&#8220; overlay_alpha=&#8220;50&#8243; shift_x=&#8220;0&#8243; shift_y=&#8220;0&#8243; shift_y_down=&#8220;0&#8243; z_index=&#8220;0&#8243; medium_width=&#8220;4&#8243; mobile_width=&#8220;0&#8243; radius=&#8220;sm&#8220; width=&#8220;1\/2&#8243; uncode_shortcode_id=&#8220;153155&#8243; back_color_type=&#8220;uncode-palette&#8220;][vc_icon position=&#8220;left&#8220; space_reduced=&#8220;yes&#8220; icon_image=&#8220;1637&#8243; heading_semantic=&#8220;h6&#8243; text_size=&#8220;h6&#8243; uncode_shortcode_id=&#8220;167865&#8243; title=&#8220;Unabh\u00e4ngiges, 100% familiengef\u00fchrtes&#8220;][\/vc_icon][\/vc_column_inner][vc_column_inner column_width_percent=&#8220;100&#8243; position_vertical=&#8220;middle&#8220; gutter_size=&#8220;3&#8243; back_color=&#8220;color-xsdn&#8220; overlay_alpha=&#8220;50&#8243; shift_x=&#8220;0&#8243; shift_y=&#8220;0&#8243; shift_y_down=&#8220;0&#8243; z_index=&#8220;0&#8243; medium_width=&#8220;4&#8243; mobile_width=&#8220;0&#8243; radius=&#8220;sm&#8220; width=&#8220;1\/2&#8243; uncode_shortcode_id=&#8220;207220&#8243; back_color_type=&#8220;uncode-palette&#8220;][vc_icon position=&#8220;left&#8220; space_reduced=&#8220;yes&#8220; icon_image=&#8220;1638&#8243; heading_semantic=&#8220;h6&#8243; text_size=&#8220;h6&#8243; uncode_shortcode_id=&#8220;662956&#8243; title=&#8220;Unternehmen Mehr als 1000 entwickelte Produkte&#8220;][\/vc_icon][\/vc_column_inner][\/vc_row_inner][vc_row_inner row_inner_height_percent=&#8220;0&#8243; overlay_alpha=&#8220;50&#8243; equal_height=&#8220;yes&#8220; gutter_size=&#8220;2&#8243; shift_y=&#8220;0&#8243; z_index=&#8220;0&#8243; limit_content=&#8220;&#8220; uncode_shortcode_id=&#8220;660458&#8243;][vc_column_inner column_width_percent=&#8220;100&#8243; position_vertical=&#8220;middle&#8220; gutter_size=&#8220;3&#8243; back_color=&#8220;color-xsdn&#8220; overlay_alpha=&#8220;50&#8243; shift_x=&#8220;0&#8243; shift_y=&#8220;0&#8243; shift_y_down=&#8220;0&#8243; z_index=&#8220;0&#8243; medium_width=&#8220;4&#8243; mobile_width=&#8220;0&#8243; radius=&#8220;sm&#8220; width=&#8220;1\/2&#8243; uncode_shortcode_id=&#8220;831720&#8243; back_color_type=&#8220;uncode-palette&#8220;][vc_icon position=&#8220;left&#8220; space_reduced=&#8220;yes&#8220; icon_image=&#8220;1532&#8243; heading_semantic=&#8220;h6&#8243; text_size=&#8220;h6&#8243; uncode_shortcode_id=&#8220;886154&#8243; title=&#8220;In-house Entwicklung &amp; Fertigung&#8220;][\/vc_icon][\/vc_column_inner][vc_column_inner column_width_percent=&#8220;100&#8243; position_vertical=&#8220;middle&#8220; gutter_size=&#8220;3&#8243; back_color=&#8220;color-xsdn&#8220; overlay_alpha=&#8220;50&#8243; shift_x=&#8220;0&#8243; shift_y=&#8220;0&#8243; shift_y_down=&#8220;0&#8243; z_index=&#8220;0&#8243; medium_width=&#8220;4&#8243; mobile_width=&#8220;0&#8243; radius=&#8220;sm&#8220; width=&#8220;1\/2&#8243; uncode_shortcode_id=&#8220;156925&#8243; back_color_type=&#8220;uncode-palette&#8220;][vc_icon position=&#8220;left&#8220; space_reduced=&#8220;yes&#8220; icon_image=&#8220;1536&#8243; heading_semantic=&#8220;h6&#8243; text_size=&#8220;h6&#8243; uncode_shortcode_id=&#8220;791227&#8243; title=&#8220;Nachhaltige Unterst\u00fctzung&#8220;][\/vc_icon][\/vc_column_inner][\/vc_row_inner][\/vc_column][\/vc_row][vc_row row_height_percent=&#8220;0&#8243; override_padding=&#8220;yes&#8220; h_padding=&#8220;2&#8243; top_padding=&#8220;2&#8243; bottom_padding=&#8220;0&#8243; overlay_alpha=&#8220;50&#8243; gutter_size=&#8220;3&#8243; column_width_percent=&#8220;100&#8243; shift_y=&#8220;0&#8243; z_index=&#8220;2&#8243; uncode_shortcode_id=&#8220;288059&#8243; el_class=&#8220;who-we-are-location-image content-divider-center&#8220;][vc_column column_width_percent=&#8220;100&#8243; position_vertical=&#8220;middle&#8220; align_horizontal=&#8220;align_center&#8220; gutter_size=&#8220;3&#8243; overlay_alpha=&#8220;50&#8243; shift_x=&#8220;0&#8243; shift_y=&#8220;0&#8243; shift_y_down=&#8220;0&#8243; z_index=&#8220;0&#8243; medium_width=&#8220;0&#8243; align_mobile=&#8220;align_center_mobile&#8220; mobile_width=&#8220;0&#8243; width=&#8220;1\/1&#8243; uncode_shortcode_id=&#8220;994052&#8243;][vc_row_inner limit_content=&#8220;&#8220;][vc_column_inner column_width_percent=&#8220;100&#8243; gutter_size=&#8220;3&#8243; override_padding=&#8220;yes&#8220; column_padding=&#8220;0&#8243; overlay_alpha=&#8220;50&#8243; shift_x=&#8220;0&#8243; shift_y=&#8220;0&#8243; shift_y_down=&#8220;0&#8243; z_index=&#8220;3&#8243; medium_width=&#8220;0&#8243; mobile_width=&#8220;0&#8243; width=&#8220;1\/1&#8243; uncode_shortcode_id=&#8220;118345&#8243;][vc_single_image media=&#8220;4611&#8243; media_width_percent=&#8220;100&#8243; shape=&#8220;img-round&#8220; advanced=&#8220;yes&#8220; media_items=&#8220;media|original,description&#8220; media_overlay_opacity=&#8220;50&#8243; media_overlay_anim=&#8220;no&#8220; media_text_visible=&#8220;yes&#8220; media_text_anim=&#8220;no&#8220; media_image_anim=&#8220;no&#8220; media_reduced=&#8220;three_quarter&#8220; media_padding=&#8220;3&#8243; media_title_dimension=&#8220;fontsize-60&#8243; text_lead=&#8220;yes&#8220; uncode_shortcode_id=&#8220;607631&#8243; el_class=&#8220;extra-width-image&#8220;][\/vc_column_inner][\/vc_row_inner][\/vc_column][\/vc_row][vc_row row_height_percent=&#8220;0&#8243; override_padding=&#8220;yes&#8220; h_padding=&#8220;2&#8243; top_padding=&#8220;2&#8243; bottom_padding=&#8220;3&#8243; back_color=&#8220;color-162048&#8243; overlay_alpha=&#8220;50&#8243; gutter_size=&#8220;3&#8243; column_width_percent=&#8220;100&#8243; shift_y=&#8220;0&#8243; z_index=&#8220;0&#8243; enable_top_divider=&#8220;custom&#8220; shape_top_custom=&#8220;174&#8243; shape_top_h_use_pixel=&#8220;&#8220; shape_top_height=&#8220;160&#8243; shape_top_color=&#8220;color-xsdn&#8220; shape_top_opacity=&#8220;100&#8243; shape_top_safe=&#8220;yes&#8220; shape_top_index=&#8220;0&#8243; uncode_shortcode_id=&#8220;554841&#8243; back_color_type=&#8220;uncode-palette&#8220; shape_top_color_type=&#8220;uncode-palette&#8220; el_class=&#8220;who-we-are-location-blocks&#8220;][vc_column column_width_percent=&#8220;100&#8243; align_horizontal=&#8220;align_center&#8220; gutter_size=&#8220;3&#8243; overlay_alpha=&#8220;50&#8243; shift_x=&#8220;0&#8243; shift_y=&#8220;0&#8243; shift_y_down=&#8220;0&#8243; z_index=&#8220;0&#8243; medium_width=&#8220;0&#8243; mobile_width=&#8220;0&#8243; width=&#8220;1\/1&#8243;][vc_row_inner row_inner_height_percent=&#8220;0&#8243; overlay_alpha=&#8220;50&#8243; equal_height=&#8220;yes&#8220; gutter_size=&#8220;2&#8243; shift_y=&#8220;0&#8243; shift_y_fixed=&#8220;yes&#8220; z_index=&#8220;5&#8243; limit_content=&#8220;&#8220; uncode_shortcode_id=&#8220;195697&#8243;][vc_column_inner column_width_percent=&#8220;100&#8243; position_vertical=&#8220;middle&#8220; gutter_size=&#8220;3&#8243; back_color=&#8220;color-xsdn&#8220; overlay_alpha=&#8220;50&#8243; shift_x=&#8220;0&#8243; shift_y=&#8220;0&#8243; shift_y_down=&#8220;0&#8243; z_index=&#8220;5&#8243; medium_width=&#8220;3&#8243; mobile_width=&#8220;0&#8243; radius=&#8220;sm&#8220; width=&#8220;1\/3&#8243; uncode_shortcode_id=&#8220;900523&#8243; back_color_type=&#8220;uncode-palette&#8220;][vc_icon icon_image=&#8220;7823&#8243; heading_semantic=&#8220;h4&#8243; text_size=&#8220;h4&#8243; uncode_shortcode_id=&#8220;159241&#8243; title=&#8220;Mehr als 35 Jahre Expertise&#8220;][\/vc_icon][\/vc_column_inner][vc_column_inner column_width_percent=&#8220;100&#8243; position_vertical=&#8220;middle&#8220; gutter_size=&#8220;3&#8243; back_color=&#8220;color-xsdn&#8220; overlay_alpha=&#8220;50&#8243; shift_x=&#8220;0&#8243; shift_y=&#8220;0&#8243; shift_y_down=&#8220;0&#8243; z_index=&#8220;5&#8243; medium_width=&#8220;3&#8243; mobile_width=&#8220;0&#8243; radius=&#8220;sm&#8220; width=&#8220;1\/3&#8243; uncode_shortcode_id=&#8220;201534&#8243; back_color_type=&#8220;uncode-palette&#8220;][vc_icon icon_image=&#8220;1556&#8243; heading_semantic=&#8220;h4&#8243; text_size=&#8220;h4&#8243; uncode_shortcode_id=&#8220;180919&#8243; title=&#8220;2000 m\u00b2 + F&amp;E auf \u00fcber 2000 Quadratmetern&#8220;][\/vc_icon][\/vc_column_inner][vc_column_inner column_width_percent=&#8220;100&#8243; gutter_size=&#8220;3&#8243; back_color=&#8220;color-xsdn&#8220; overlay_alpha=&#8220;50&#8243; shift_x=&#8220;0&#8243; shift_y=&#8220;0&#8243; shift_y_down=&#8220;0&#8243; z_index=&#8220;5&#8243; medium_width=&#8220;3&#8243; mobile_width=&#8220;0&#8243; radius=&#8220;sm&#8220; width=&#8220;1\/3&#8243; uncode_shortcode_id=&#8220;160539&#8243; back_color_type=&#8220;uncode-palette&#8220;][vc_icon icon_image=&#8220;1555&#8243; heading_semantic=&#8220;h4&#8243; text_size=&#8220;h4&#8243; uncode_shortcode_id=&#8220;595082&#8243; title=&#8220;\u00dcber 3 Millionen Nutzer t\u00e4glich&#8220;][\/vc_icon][\/vc_column_inner][\/vc_row_inner][vc_row_inner limit_content=&#8220;&#8220;][vc_column_inner column_width_use_pixel=&#8220;yes&#8220; gutter_size=&#8220;3&#8243; overlay_alpha=&#8220;50&#8243; shift_x=&#8220;0&#8243; shift_y=&#8220;0&#8243; shift_y_down=&#8220;0&#8243; z_index=&#8220;0&#8243; medium_width=&#8220;0&#8243; mobile_width=&#8220;0&#8243; width=&#8220;1\/1&#8243; uncode_shortcode_id=&#8220;204213&#8243; column_width_pixel=&#8220;680&#8243;][vc_empty_space empty_h=&#8220;3&#8243; medium_visibility=&#8220;yes&#8220; mobile_visibility=&#8220;yes&#8220;][vc_column_text uncode_shortcode_id=&#8220;185122&#8243; text_color_type=&#8220;uncode-solid&#8220; text_color_solid=&#8220;rgba(35,43,59,0.72)&#8220;]Unser Hauptsitz befindet sich in der lebhaften stadt P\u00e9cs, Ungarn, wo Innovation auf L\u00f6sungsentwicklung im Herzen Europas trifft. Gegr\u00fcndet im Jahr 1990, sind wir ein zu 100 % familiengef\u00fchrtes unabh\u00e4ngiges Unternehmen mit \u00fcber drei Jahrzehnten Erfahrung und f\u00fchrend in der Entwicklung bahnbrechender L\u00f6sungen in den Bereichen Elektronik und Software-Forschung und -Entwicklung.[\/vc_column_text][\/vc_column_inner][\/vc_row_inner][\/vc_column][\/vc_row][vc_row row_height_percent=&#8220;0&#8243; override_padding=&#8220;yes&#8220; h_padding=&#8220;2&#8243; top_padding=&#8220;3&#8243; bottom_padding=&#8220;2&#8243; overlay_alpha=&#8220;50&#8243; gutter_size=&#8220;3&#8243; column_width_percent=&#8220;100&#8243; shift_y=&#8220;0&#8243; z_index=&#8220;0&#8243; uncode_shortcode_id=&#8220;122098&#8243;][vc_column width=&#8220;1\/1&#8243;][vc_single_image media=&#8220;1545&#8243; media_width_percent=&#8220;100&#8243; shape=&#8220;img-round&#8220; uncode_shortcode_id=&#8220;813551&#8243;][\/vc_column][\/vc_row][vc_row row_height_percent=&#8220;0&#8243; override_padding=&#8220;yes&#8220; h_padding=&#8220;4&#8243; top_padding=&#8220;2&#8243; bottom_padding=&#8220;3&#8243; overlay_alpha=&#8220;50&#8243; gutter_size=&#8220;3&#8243; column_width_percent=&#8220;100&#8243; shift_y=&#8220;0&#8243; z_index=&#8220;0&#8243; uncode_shortcode_id=&#8220;164006&#8243;][vc_column column_width_percent=&#8220;90&#8243; gutter_size=&#8220;3&#8243; overlay_alpha=&#8220;50&#8243; shift_x=&#8220;0&#8243; shift_y=&#8220;0&#8243; shift_y_down=&#8220;0&#8243; z_index=&#8220;0&#8243; medium_width=&#8220;0&#8243; mobile_width=&#8220;0&#8243; width=&#8220;1\/1&#8243; uncode_shortcode_id=&#8220;118377&#8243;][vc_custom_heading text_size=&#8220;fontsize-60&#8243; text_weight=&#8220;800&#8243; uncode_shortcode_id=&#8220;202102&#8243; el_class=&#8220;gradient-header&#8220;]Unser <strong>Team <\/strong>[\/vc_custom_heading][vc_column_text uncode_shortcode_id=&#8220;196769&#8243; el_class=&#8220;quote&#8220;]<\/p>\n<blockquote><p>Mit einem Team aus engagierten Ingenieuren und Experten sind wir auf die Entwicklung und Herstellung von Industrieelektronik, Software und Systemen unter Verwendung modernster Technologien spezialisiert. Vom Prototypenbau bis hin zur Serienproduktion decken wir den gesamten Prozess ab und gew\u00e4hrleisten unvergleichliche Qualit\u00e4t und Zuverl\u00e4ssigkeit in jedem Produkt, das wir liefern. Unsere Erfolgsgeschichte ist ein Beweis f\u00fcr das Engagement unseres Teams f\u00fcr Exzellenz, das von jahrzehntelanger Erfahrung, einer soliden finanziellen Basis und einem vision\u00e4ren Gesch\u00e4ftsansatz getragen wird.<\/p><\/blockquote>\n<p>[\/vc_column_text][\/vc_column][\/vc_row][vc_row row_height_percent=&#8220;0&#8243; override_padding=&#8220;yes&#8220; h_padding=&#8220;2&#8243; top_padding=&#8220;3&#8243; bottom_padding=&#8220;0&#8243; overlay_alpha=&#8220;50&#8243; gutter_size=&#8220;3&#8243; column_width_percent=&#8220;100&#8243; shift_y=&#8220;0&#8243; z_index=&#8220;0&#8243; uncode_shortcode_id=&#8220;164502&#8243; el_class=&#8220;default&#8211;tabs&#8220; row_name=&#8220;transport-system&#8220;][vc_column column_width_percent=&#8220;80&#8243; gutter_size=&#8220;3&#8243; override_padding=&#8220;yes&#8220; column_padding=&#8220;3&#8243; back_color=&#8220;color-gbc&#8220; overlay_alpha=&#8220;50&#8243; shift_x=&#8220;0&#8243; shift_y=&#8220;0&#8243; shift_y_down=&#8220;-3&#8243; z_index=&#8220;3&#8243; medium_width=&#8220;0&#8243; mobile_width=&#8220;0&#8243; radius=&#8220;sm&#8220; width=&#8220;1\/1&#8243; uncode_shortcode_id=&#8220;889164&#8243; back_color_type=&#8220;uncode-palette&#8220;][vc_custom_heading text_size=&#8220;fontsize-60&#8243; text_weight=&#8220;800&#8243; uncode_shortcode_id=&#8220;152583&#8243; el_class=&#8220;gradient-header&#8220;]Unsere Zukunft h\u00e4ngt von den Entscheidungen ab,<br \/>\n<strong>die wir heute treffen. <\/strong>[\/vc_custom_heading][vc_accordion typography=&#8220;advanced&#8220; label_border=&#8220;yes&#8220; content_border=&#8220;yes&#8220; gutter_simple=&#8220;0&#8243; active_txt_color=&#8220;color-hcl-dark&#8220; titles_size=&#8220;h3&#8243; titles_weight=&#8220;700&#8243; active_tab=&#8220;1&#8243; uncode_shortcode_id=&#8220;274315&#8243; active_txt_color_type=&#8220;uncode-palette&#8220;][vc_accordion_tab gutter_size=&#8220;3&#8243; column_padding=&#8220;0&#8243; title=&#8220;Nachhaltige L\u00f6sungen&#8220; tab_id=&#8220;d21d5937-3bb0-2155567891400117151939668631715431825964&#8243;][vc_column_text uncode_shortcode_id=&#8220;872501&#8243;]Wir k\u00fcmmern uns tief um die Zukunft unseres Planeten und streben danach, nachhaltige elektronische L\u00f6sungen zu entwickeln. Durch die Betonung der Software-Upgradef\u00e4higkeit minimieren wir den Elektronikm\u00fcll und tragen so zu einem gr\u00fcneren Planeten bei.[\/vc_column_text][\/vc_accordion_tab][vc_accordion_tab gutter_size=&#8220;2&#8243; column_padding=&#8220;0&#8243; title=&#8220;Gemeinsam gestalten wir die Zukunft&#8220; tab_id=&#8220;6dad8f3c-7309-8155567891400117151939668631715431825964&#8243;][vc_column_text uncode_shortcode_id=&#8220;146533&#8243;]Doch unsere Reise ist noch lange nicht zu Ende. W\u00e4hrend wir weiterhin wachsen und innovieren, bleiben wir fest davon \u00fcberzeugt, dass gro\u00dfe Erfolge nur mit einem starken Team und einer klaren Vision f\u00fcr die Zukunft erreicht werden k\u00f6nnen. Wir laden Sie ein, uns auf dieser Reise zu begleiten, w\u00e4hrend wir die Grenzen des M\u00f6glichen verschieben und die Zukunft der digitalen Innovation gemeinsam gestalten.[\/vc_column_text][\/vc_accordion_tab][\/vc_accordion][\/vc_column][\/vc_row][vc_row row_height_percent=&#8220;0&#8243; override_padding=&#8220;yes&#8220; h_padding=&#8220;4&#8243; top_padding=&#8220;7&#8243; bottom_padding=&#8220;5&#8243; back_color=&#8220;color-162048&#8243; overlay_alpha=&#8220;50&#8243; gutter_size=&#8220;3&#8243; column_width_percent=&#8220;80&#8243; shift_y=&#8220;0&#8243; z_index=&#8220;0&#8243; uncode_shortcode_id=&#8220;178456&#8243; back_color_type=&#8220;uncode-palette&#8220;][vc_column width=&#8220;1\/1&#8243;][vc_column_text text_lead=&#8220;small&#8220; uncode_shortcode_id=&#8220;161389&#8243; el_class=&#8220;quote quote&#8211;large&#8220;]<\/p>\n<blockquote>\n<h1>\u201cAlle sagten: Das geht nicht. Dann kam einer, der wusste das nicht und hat es einfach gemacht.\u201d<\/h1>\n<p>Albert Einstein<\/p><\/blockquote>\n<p>[\/vc_column_text][\/vc_column][\/vc_row]<\/p>\n<\/div>","protected":false},"excerpt":{"rendered":"<p>[vc_row row_height_percent=&#8220;0&#8243; back_color=&#8220;color-bg-4&#8243; back_image=&#8220;184&#8243; overlay_alpha=&#8220;50&#8243; gutter_size=&#8220;3&#8243; column_width_percent=&#8220;100&#8243; shift_y=&#8220;0&#8243; z_index=&#8220;5&#8243; enable_bottom_divider=&#8220;custom&#8220; shape_bottom_custom=&#8220;174&#8243; shape_bottom_h_use_pixel=&#8220;&#8220; shape_bottom_height=&#8220;150&#8243; shape_bottom_color=&#8220;color-gbc&#8220; shape_bottom_opacity=&#8220;100&#8243; shape_bottom_index=&#8220;0&#8243; uncode_shortcode_id=&#8220;195602&#8243; back_color_type=&#8220;uncode-palette&#8220; el_class=&#8220;hcl-image-effect page-header-large [&hellip;]<\/p>\n","protected":false},"author":1,"featured_media":0,"parent":6184,"menu_order":0,"comment_status":"closed","ping_status":"closed","template":"","meta":{"_acf_changed":false,"_seopress_robots_primary_cat":"","_seopress_titles_title":"","_seopress_titles_desc":"","_seopress_robots_index":"","footnotes":""},"class_list":["post-6191","page","type-page","status-publish","hentry"],"acf":[],"_links":{"self":[{"href":"https:\/\/hclinear.hu\/de\/wp-json\/wp\/v2\/pages\/6191","targetHints":{"allow":["GET"]}}],"collection":[{"href":"https:\/\/hclinear.hu\/de\/wp-json\/wp\/v2\/pages"}],"about":[{"href":"https:\/\/hclinear.hu\/de\/wp-json\/wp\/v2\/types\/page"}],"author":[{"embeddable":true,"href":"https:\/\/hclinear.hu\/de\/wp-json\/wp\/v2\/users\/1"}],"replies":[{"embeddable":true,"href":"https:\/\/hclinear.hu\/de\/wp-json\/wp\/v2\/comments?post=6191"}],"version-history":[{"count":5,"href":"https:\/\/hclinear.hu\/de\/wp-json\/wp\/v2\/pages\/6191\/revisions"}],"predecessor-version":[{"id":7828,"href":"https:\/\/hclinear.hu\/de\/wp-json\/wp\/v2\/pages\/6191\/revisions\/7828"}],"up":[{"embeddable":true,"href":"https:\/\/hclinear.hu\/de\/wp-json\/wp\/v2\/pages\/6184"}],"wp:attachment":[{"href":"https:\/\/hclinear.hu\/de\/wp-json\/wp\/v2\/media?parent=6191"}],"curies":[{"name":"wp","href":"https:\/\/api.w.org\/{rel}","templated":true}]}}