{"id":6197,"date":"2024-03-23T11:50:05","date_gmt":"2024-03-23T10:50:05","guid":{"rendered":"https:\/\/hclinear.hu\/rolunk\/certificates-awards\/"},"modified":"2025-07-22T14:54:30","modified_gmt":"2025-07-22T13:54:30","slug":"certificates-awards","status":"publish","type":"page","link":"https:\/\/hclinear.hu\/de\/rolunk\/certificates-awards\/","title":{"rendered":"Certificates &amp; Awards"},"content":{"rendered":"<div class=\"wpb-content-wrapper\"><p>[vc_row row_height_percent=&#8220;0&#8243; override_padding=&#8220;yes&#8220; h_padding=&#8220;2&#8243; top_padding=&#8220;3&#8243; bottom_padding=&#8220;3&#8243; overlay_alpha=&#8220;50&#8243; gutter_size=&#8220;3&#8243; column_width_percent=&#8220;100&#8243; shift_y=&#8220;0&#8243; z_index=&#8220;0&#8243; uncode_shortcode_id=&#8220;180257&#8243; el_class=&#8220;certs&#8211;page&#8220;][vc_column column_width_use_pixel=&#8220;yes&#8220; gutter_size=&#8220;2&#8243; overlay_alpha=&#8220;50&#8243; shift_x=&#8220;0&#8243; shift_y=&#8220;0&#8243; shift_y_down=&#8220;0&#8243; z_index=&#8220;0&#8243; medium_width=&#8220;0&#8243; mobile_width=&#8220;0&#8243; width=&#8220;1\/1&#8243; uncode_shortcode_id=&#8220;209820&#8243; column_width_pixel=&#8220;912&#8243;][vc_row_inner row_inner_height_percent=&#8220;0&#8243; overlay_alpha=&#8220;50&#8243; equal_height=&#8220;yes&#8220; gutter_size=&#8220;2&#8243; shift_y=&#8220;0&#8243; z_index=&#8220;0&#8243; limit_content=&#8220;&#8220; uncode_shortcode_id=&#8220;213664&#8243;][vc_column_inner column_width_percent=&#8220;100&#8243; gutter_size=&#8220;3&#8243; override_padding=&#8220;yes&#8220; column_padding=&#8220;3&#8243; back_color=&#8220;color-xsdn&#8220; overlay_alpha=&#8220;50&#8243; shift_x=&#8220;0&#8243; shift_y=&#8220;0&#8243; shift_y_down=&#8220;0&#8243; z_index=&#8220;0&#8243; medium_width=&#8220;4&#8243; mobile_width=&#8220;0&#8243; radius=&#8220;sm&#8220; width=&#8220;1\/2&#8243; uncode_shortcode_id=&#8220;116537&#8243; back_color_type=&#8220;uncode-palette&#8220; link_to=&#8220;url:https%3A%2F%2Fhclinear.hu%2Fen%2Fmagyar-brands%2F|title:Magyar%20Brands&#8220; el_class=&#8220;has-link&#8220;][vc_single_image media=&#8220;7192&#8243; media_width_percent=&#8220;60&#8243; uncode_shortcode_id=&#8220;143227&#8243;][vc_empty_space][vc_custom_heading heading_semantic=&#8220;h4&#8243; text_size=&#8220;h4&#8243; uncode_shortcode_id=&#8220;180592&#8243; subheading=&#8220;Der Gewinn des \u201eInnovative Brand\u201c Awards bei der Ungarischen Brands Gala 2024 markiert unseren sechsten Sieg in dieser renommierten Kategorie. Unter mehr als 70 herausragenden ungarischen Marken konnten wir uns stolz durch unsere Exzellenz in den Kategorien Verbraucher, Business, Arbeitgeber und Innovation hervorheben. Diese Auszeichnung folgt auf unsere bisherigen Erfolge in den Jahren 2017, 2019, 2021, 2022 und 2023 und unterstreicht unser kontinuierliches Engagement f\u00fcr Innovation und Exzellenz. Unser herzlicher Dank gilt unserem gro\u00dfartigen Team f\u00fcr seine herausragende Arbeit und Hingabe.&#8220;]6x Hungarian Brand Award[\/vc_custom_heading][vc_icon position=&#8220;left&#8220; icon_image=&#8220;367&#8243; uncode_shortcode_id=&#8220;127907&#8243; el_class=&#8220;btn-link-to&#8220;][\/vc_icon][\/vc_column_inner][vc_column_inner column_width_percent=&#8220;100&#8243; gutter_size=&#8220;3&#8243; override_padding=&#8220;yes&#8220; column_padding=&#8220;3&#8243; back_color=&#8220;color-xsdn&#8220; overlay_alpha=&#8220;50&#8243; shift_x=&#8220;0&#8243; shift_y=&#8220;0&#8243; shift_y_down=&#8220;0&#8243; z_index=&#8220;0&#8243; medium_width=&#8220;4&#8243; mobile_width=&#8220;0&#8243; radius=&#8220;sm&#8220; width=&#8220;1\/2&#8243; uncode_shortcode_id=&#8220;160870&#8243; back_color_type=&#8220;uncode-palette&#8220;][vc_single_image media=&#8220;590&#8243; media_width_percent=&#8220;70&#8243; uncode_shortcode_id=&#8220;299414&#8243;][vc_empty_space][vc_custom_heading heading_semantic=&#8220;h4&#8243; text_size=&#8220;h4&#8243; uncode_shortcode_id=&#8220;180528&#8243; subheading=&#8220;Wir wurden bei der ungarischen Innovationsmeisterschaft mit einer Sonderauszeichnung f\u00fcr unser Projekt \u201eDie IT des \u00f6ffentlichen Nahverkehrs von morgen \u2013 schon heute\u201c geehrt. Diese Anerkennung unterstreicht unser Engagement, die Grenzen der Innovation im Bereich des \u00f6ffentlichen Nahverkehrs zu erweitern. Wir sind stolz darauf, mit unseren wegweisenden L\u00f6sungen die Zukunft der Mobilit\u00e4t mitzugestalten&#8220;]Hungarian Innovation Championship Special Honor[\/vc_custom_heading][vc_icon position=&#8220;left&#8220; icon_image=&#8220;367&#8243; uncode_shortcode_id=&#8220;127907&#8243; el_class=&#8220;btn-link-to&#8220;][\/vc_icon][\/vc_column_inner][\/vc_row_inner][vc_row_inner row_inner_height_percent=&#8220;0&#8243; overlay_alpha=&#8220;50&#8243; equal_height=&#8220;yes&#8220; gutter_size=&#8220;2&#8243; shift_y=&#8220;0&#8243; z_index=&#8220;0&#8243; limit_content=&#8220;&#8220; uncode_shortcode_id=&#8220;212969&#8243;][vc_column_inner column_width_percent=&#8220;100&#8243; gutter_size=&#8220;3&#8243; override_padding=&#8220;yes&#8220; column_padding=&#8220;3&#8243; back_color=&#8220;color-xsdn&#8220; overlay_alpha=&#8220;50&#8243; shift_x=&#8220;0&#8243; shift_y=&#8220;0&#8243; shift_y_down=&#8220;0&#8243; z_index=&#8220;0&#8243; medium_width=&#8220;4&#8243; mobile_width=&#8220;0&#8243; radius=&#8220;sm&#8220; width=&#8220;1\/2&#8243; uncode_shortcode_id=&#8220;201770&#8243; back_color_type=&#8220;uncode-palette&#8220;][vc_single_image media=&#8220;988&#8243; media_width_percent=&#8220;60&#8243; uncode_shortcode_id=&#8220;169780&#8243;][vc_empty_space][vc_custom_heading heading_semantic=&#8220;h4&#8243; text_size=&#8220;h4&#8243; uncode_shortcode_id=&#8220;413956&#8243; subheading=&#8220;Durch kontinuierliche Forschungs- und Entwicklungsarbeit haben wir umfangreiche Erfahrungen in den Bereichen ber\u00fchrungslose Identifikation, Datenerfassung, Fernverwaltung, Satellitenortung und Verkehrsinformatik gesammelt. Die Vielfalt unseres Produktsortiments und die erhaltenen Auszeichnungen sind ein Beweis f\u00fcr unser innovatives Denken.&#8220;]S\u00fcdtransdanubischer Innovationspreis[\/vc_custom_heading][vc_icon position=&#8220;left&#8220; icon_image=&#8220;367&#8243; uncode_shortcode_id=&#8220;127907&#8243; el_class=&#8220;btn-link-to&#8220;][\/vc_icon][\/vc_column_inner][vc_column_inner column_width_percent=&#8220;100&#8243; gutter_size=&#8220;3&#8243; override_padding=&#8220;yes&#8220; column_padding=&#8220;3&#8243; back_color=&#8220;color-xsdn&#8220; overlay_alpha=&#8220;50&#8243; shift_x=&#8220;0&#8243; shift_y=&#8220;0&#8243; shift_y_down=&#8220;0&#8243; z_index=&#8220;0&#8243; medium_width=&#8220;4&#8243; mobile_width=&#8220;0&#8243; radius=&#8220;sm&#8220; width=&#8220;1\/2&#8243; uncode_shortcode_id=&#8220;896617&#8243; back_color_type=&#8220;uncode-palette&#8220; link_to=&#8220;url:%2Fbet-50%2F|title:B%C3%89T%2050&#8243; el_class=&#8220;has-link&#8220;][vc_single_image media=&#8220;587&#8243; media_width_percent=&#8220;50&#8243; uncode_shortcode_id=&#8220;185849&#8243;][vc_empty_space][vc_custom_heading heading_semantic=&#8220;h4&#8243; text_size=&#8220;h4&#8243; uncode_shortcode_id=&#8220;200250&#8243; subheading=&#8220;Im Jahr 2023 trat die HC Linear stolz den renommierten Reihen der Preistr\u00e4ger des B\u00c9T 50 bei, was ihr unersch\u00fctterliches Engagement f\u00fcr digitale Innovation und nachhaltige Gesch\u00e4ftspraktiken bezeugt. Der B\u00c9T50 Award ist ein Leuchtturm der Exzellenz im ungarischen Finanzwesen und zeichnet Unternehmen aus, die Innovation, F\u00fchrung und Widerstandsf\u00e4higkeit verk\u00f6rpern. Aus einer Gruppe herausragender Bewerber ausgew\u00e4hlt, repr\u00e4sentieren die Empf\u00e4nger des B\u00c9T50 Awards den Gipfel des Erfolgs in ihren jeweiligen Branchen, f\u00f6rdern das Wirtschaftswachstum und gestalten die Zukunft der ungarischen Unternehmenslandschaft.&#8220;]B\u00c9T50[\/vc_custom_heading][vc_icon position=&#8220;left&#8220; icon_image=&#8220;367&#8243; uncode_shortcode_id=&#8220;127907&#8243; el_class=&#8220;btn-link-to&#8220;][\/vc_icon][\/vc_column_inner][\/vc_row_inner][vc_row_inner row_inner_height_percent=&#8220;0&#8243; overlay_alpha=&#8220;50&#8243; equal_height=&#8220;yes&#8220; gutter_size=&#8220;2&#8243; shift_y=&#8220;0&#8243; z_index=&#8220;0&#8243; limit_content=&#8220;&#8220; uncode_shortcode_id=&#8220;590091&#8243;][vc_column_inner column_width_percent=&#8220;100&#8243; gutter_size=&#8220;3&#8243; override_padding=&#8220;yes&#8220; column_padding=&#8220;3&#8243; back_color=&#8220;color-xsdn&#8220; overlay_alpha=&#8220;50&#8243; shift_x=&#8220;0&#8243; shift_y=&#8220;0&#8243; shift_y_down=&#8220;0&#8243; z_index=&#8220;0&#8243; medium_width=&#8220;4&#8243; mobile_width=&#8220;0&#8243; radius=&#8220;sm&#8220; width=&#8220;1\/2&#8243; uncode_shortcode_id=&#8220;201147&#8243; back_color_type=&#8220;uncode-palette&#8220;][vc_single_image media=&#8220;7019&#8243; media_width_percent=&#8220;40&#8243; uncode_shortcode_id=&#8220;201055&#8243;][vc_empty_space][vc_custom_heading heading_semantic=&#8220;h4&#8243; text_size=&#8220;h4&#8243; uncode_shortcode_id=&#8220;478859&#8243; subheading=&#8220;Die HC Linear bleibt eines der finanziell stabilsten Unternehmen in Ungarn. Wir f\u00fchlen uns geehrt, auch 2024 von Dun &amp; Bradstreet als eines der finanziell st\u00e4rksten Unternehmen Ungarns anerkannt zu werden. Diese unabh\u00e4ngige Auszeichnung best\u00e4tigt unser Engagement f\u00fcr Fairness und Zuverl\u00e4ssigkeit auf dem Markt. Unsere Stabilit\u00e4t gilt nicht nur f\u00fcr die Gegenwart, sondern schafft auch Vertrauen in unsere Zukunft bei unseren Partnern, Kunden und Kollegen. Wir sind stolz darauf, ein solides und herausragendes Unternehmen auf dem Markt zu sein \u2013 jetzt und in den kommenden Jahren.&#8220;]AAA H\u00f6chste Kreditw\u00fcrdigkeit[\/vc_custom_heading][vc_icon position=&#8220;left&#8220; icon_image=&#8220;367&#8243; uncode_shortcode_id=&#8220;127907&#8243; el_class=&#8220;btn-link-to&#8220;][\/vc_icon][\/vc_column_inner][vc_column_inner column_width_percent=&#8220;100&#8243; gutter_size=&#8220;3&#8243; override_padding=&#8220;yes&#8220; column_padding=&#8220;3&#8243; back_color=&#8220;color-xsdn&#8220; overlay_alpha=&#8220;50&#8243; shift_x=&#8220;0&#8243; shift_y=&#8220;0&#8243; shift_y_down=&#8220;0&#8243; z_index=&#8220;0&#8243; medium_width=&#8220;4&#8243; mobile_width=&#8220;0&#8243; radius=&#8220;sm&#8220; width=&#8220;1\/2&#8243; uncode_shortcode_id=&#8220;382929&#8243; back_color_type=&#8220;uncode-palette&#8220; link_to=&#8220;url:%2Fen%2Four-resources%2F%23certificates|title:Certificates&#8220; el_class=&#8220;has-link&#8220;][vc_single_image media=&#8220;7297&#8243; media_width_percent=&#8220;65&#8243; uncode_shortcode_id=&#8220;715670&#8243;][vc_empty_space][vc_custom_heading heading_semantic=&#8220;h4&#8243; text_size=&#8220;h4&#8243; uncode_shortcode_id=&#8220;993367&#8243; subheading=&#8220;Die ISO 9001-Zertifizierung best\u00e4tigt unser Engagement, die Kundenanforderungen kontinuierlich zu erf\u00fcllen und Produkte sowie Dienstleistungen von hoher Qualit\u00e4t zu liefern. Die ISO 27001-Zertifizierung zeigt unser robustes Informationssicherheitsmanagementsystem, das die Vertraulichkeit, Integrit\u00e4t und Verf\u00fcgbarkeit sensibler Informationen gew\u00e4hrleistet. Schlie\u00dflich spiegelt die ISO 14001-Zertifizierung unsere Bem\u00fchungen wider, unsere Umweltbelastung durch effizientes Ressourcenmanagement und nachhaltige Praktiken zu minimieren.&#8220;]ISO-zertifiziert[\/vc_custom_heading][vc_icon position=&#8220;left&#8220; icon_image=&#8220;367&#8243; uncode_shortcode_id=&#8220;127907&#8243; el_class=&#8220;btn-link-to&#8220;][\/vc_icon][\/vc_column_inner][\/vc_row_inner][\/vc_column][\/vc_row]<\/p>\n<\/div>","protected":false},"excerpt":{"rendered":"<p>[vc_row row_height_percent=&#8220;0&#8243; override_padding=&#8220;yes&#8220; h_padding=&#8220;2&#8243; top_padding=&#8220;3&#8243; bottom_padding=&#8220;3&#8243; overlay_alpha=&#8220;50&#8243; gutter_size=&#8220;3&#8243; column_width_percent=&#8220;100&#8243; shift_y=&#8220;0&#8243; z_index=&#8220;0&#8243; uncode_shortcode_id=&#8220;180257&#8243; el_class=&#8220;certs&#8211;page&#8220;][vc_column column_width_use_pixel=&#8220;yes&#8220; gutter_size=&#8220;2&#8243; overlay_alpha=&#8220;50&#8243; shift_x=&#8220;0&#8243; shift_y=&#8220;0&#8243; shift_y_down=&#8220;0&#8243; z_index=&#8220;0&#8243; [&hellip;]<\/p>\n","protected":false},"author":1,"featured_media":0,"parent":6184,"menu_order":0,"comment_status":"closed","ping_status":"closed","template":"","meta":{"_acf_changed":false,"_seopress_robots_primary_cat":"","_seopress_titles_title":"","_seopress_titles_desc":"","_seopress_robots_index":"","footnotes":""},"class_list":["post-6197","page","type-page","status-publish","hentry"],"acf":[],"_links":{"self":[{"href":"https:\/\/hclinear.hu\/de\/wp-json\/wp\/v2\/pages\/6197","targetHints":{"allow":["GET"]}}],"collection":[{"href":"https:\/\/hclinear.hu\/de\/wp-json\/wp\/v2\/pages"}],"about":[{"href":"https:\/\/hclinear.hu\/de\/wp-json\/wp\/v2\/types\/page"}],"author":[{"embeddable":true,"href":"https:\/\/hclinear.hu\/de\/wp-json\/wp\/v2\/users\/1"}],"replies":[{"embeddable":true,"href":"https:\/\/hclinear.hu\/de\/wp-json\/wp\/v2\/comments?post=6197"}],"version-history":[{"count":5,"href":"https:\/\/hclinear.hu\/de\/wp-json\/wp\/v2\/pages\/6197\/revisions"}],"predecessor-version":[{"id":7637,"href":"https:\/\/hclinear.hu\/de\/wp-json\/wp\/v2\/pages\/6197\/revisions\/7637"}],"up":[{"embeddable":true,"href":"https:\/\/hclinear.hu\/de\/wp-json\/wp\/v2\/pages\/6184"}],"wp:attachment":[{"href":"https:\/\/hclinear.hu\/de\/wp-json\/wp\/v2\/media?parent=6197"}],"curies":[{"name":"wp","href":"https:\/\/api.w.org\/{rel}","templated":true}]}}