{"id":6220,"date":"2024-03-23T11:51:53","date_gmt":"2024-03-23T10:51:53","guid":{"rendered":"https:\/\/hclinear.hu\/kontakt\/"},"modified":"2025-01-21T14:18:20","modified_gmt":"2025-01-21T13:18:20","slug":"kontakt","status":"publish","type":"page","link":"https:\/\/hclinear.hu\/de\/kontakt\/","title":{"rendered":"Kontakt"},"content":{"rendered":"<div class=\"wpb-content-wrapper\"><p>[vc_row row_height_percent=&#8220;80&#8243; back_color=&#8220;color-bg-4&#8243; back_image=&#8220;864&#8243; overlay_alpha=&#8220;50&#8243; equal_height=&#8220;yes&#8220; gutter_size=&#8220;3&#8243; column_width_percent=&#8220;100&#8243; shift_y=&#8220;0&#8243; z_index=&#8220;0&#8243; inverted_device_order=&#8220;yes&#8220; uncode_shortcode_id=&#8220;111277&#8243; back_color_type=&#8220;uncode-palette&#8220; el_class=&#8220;contact&#8211;page&#8220;][vc_column column_width_percent=&#8220;100&#8243; position_horizontal=&#8220;left&#8220; position_vertical=&#8220;middle&#8220; gutter_size=&#8220;3&#8243; style=&#8220;dark&#8220; overlay_alpha=&#8220;50&#8243; shift_x=&#8220;0&#8243; shift_y=&#8220;0&#8243; shift_y_down=&#8220;0&#8243; z_index=&#8220;5&#8243; medium_width=&#8220;0&#8243; mobile_width=&#8220;0&#8243; width=&#8220;2\/3&#8243; uncode_shortcode_id=&#8220;183222&#8243; el_class=&#8220;contact-details-column&#8220;][vc_custom_heading heading_semantic=&#8220;h1&#8243; text_size=&#8220;fontsize-80&#8243; text_weight=&#8220;800&#8243; uncode_shortcode_id=&#8220;127172&#8243; el_class=&#8220;gradient-header&#8220;]HC Linear<br \/>\n<strong>Hauptb\u00fcro<\/strong>[\/vc_custom_heading][vc_custom_heading heading_semantic=&#8220;h4&#8243; text_size=&#8220;h4&#8243; text_weight=&#8220;700&#8243; sub_lead=&#8220;small&#8220; sub_reduced=&#8220;yes&#8220; uncode_shortcode_id=&#8220;157830&#8243; subheading=&#8220;\u00d6ffnungszeiten: 08:00 &#8211; 16:00 (Montag &#8211; Freitag)&#8220; el_class=&#8220;contact&#8211;details&#8220;]HU 7630 P\u00e9cs, Heged\u0171s J\u00e1nos u. 10.[\/vc_custom_heading][vc_row_inner limit_content=&#8220;&#8220;][vc_column_inner column_width_percent=&#8220;100&#8243; position_vertical=&#8220;middle&#8220; gutter_size=&#8220;3&#8243; style=&#8220;dark&#8220; overlay_alpha=&#8220;50&#8243; shift_x=&#8220;0&#8243; shift_y=&#8220;0&#8243; shift_y_down=&#8220;0&#8243; z_index=&#8220;0&#8243; medium_width=&#8220;0&#8243; mobile_width=&#8220;0&#8243; width=&#8220;1\/3&#8243; uncode_shortcode_id=&#8220;779304&#8243;][vc_icon position=&#8220;left&#8220; display=&#8220;inline&#8220; icon_image=&#8220;3094&#8243; media_size=&#8220;50&#8243; heading_semantic=&#8220;h6&#8243; text_size=&#8220;h6&#8243; linked_title=&#8220;yes&#8220; text_lead=&#8220;small&#8220; uncode_shortcode_id=&#8220;644109&#8243; title=&#8220;Allgemeiner Kontakt:&#8220; el_class=&#8220;icon-blue&#8220; link=&#8220;url:mailto%3Ainfo%40test.hclinear.com|&#8220;]<a href=\"mailto:info@hclinear.com\">info@hclinear.com<\/a>[\/vc_icon][\/vc_column_inner][vc_column_inner column_width_percent=&#8220;100&#8243; position_vertical=&#8220;middle&#8220; gutter_size=&#8220;3&#8243; style=&#8220;dark&#8220; overlay_alpha=&#8220;50&#8243; shift_x=&#8220;0&#8243; shift_y=&#8220;0&#8243; shift_y_down=&#8220;0&#8243; z_index=&#8220;0&#8243; medium_width=&#8220;0&#8243; mobile_width=&#8220;0&#8243; width=&#8220;1\/3&#8243; uncode_shortcode_id=&#8220;934154&#8243;][vc_icon position=&#8220;left&#8220; display=&#8220;inline&#8220; icon_image=&#8220;3098&#8243; media_size=&#8220;50&#8243; heading_semantic=&#8220;h6&#8243; text_size=&#8220;h6&#8243; linked_title=&#8220;yes&#8220; text_lead=&#8220;small&#8220; uncode_shortcode_id=&#8220;783732&#8243; title=&#8220;Technische Unterst\u00fctzung:&#8220; el_class=&#8220;icon-green&#8220; link=&#8220;url:mailto%3Asales%40test.hclinear.com|&#8220;]<a href=\"mailto:sales@hclinear.com\">sales@hclinear.com<\/a>[\/vc_icon][\/vc_column_inner][vc_column_inner column_width_percent=&#8220;100&#8243; gutter_size=&#8220;3&#8243; overlay_alpha=&#8220;50&#8243; shift_x=&#8220;0&#8243; shift_y=&#8220;0&#8243; shift_y_down=&#8220;0&#8243; z_index=&#8220;0&#8243; medium_visibility=&#8220;yes&#8220; medium_width=&#8220;0&#8243; mobile_visibility=&#8220;yes&#8220; mobile_width=&#8220;0&#8243; width=&#8220;1\/3&#8243; uncode_shortcode_id=&#8220;585641&#8243;][\/vc_column_inner][\/vc_row_inner][vc_empty_space empty_h=&#8220;2&#8243; desktop_visibility=&#8220;yes&#8220; medium_visibility=&#8220;yes&#8220;][\/vc_column][vc_column column_width_percent=&#8220;100&#8243; position_vertical=&#8220;middle&#8220; gutter_size=&#8220;3&#8243; overlay_alpha=&#8220;50&#8243; shift_x=&#8220;0&#8243; shift_y=&#8220;0&#8243; shift_y_down=&#8220;0&#8243; z_index=&#8220;0&#8243; medium_width=&#8220;0&#8243; mobile_width=&#8220;0&#8243; width=&#8220;1\/3&#8243; uncode_shortcode_id=&#8220;153420&#8243; mobile_height=&#8220;220&#8243; el_class=&#8220;spacer-top&#8220;][\/vc_column][\/vc_row]<\/p>\n<\/div>","protected":false},"excerpt":{"rendered":"<p>[vc_row row_height_percent=&#8220;80&#8243; back_color=&#8220;color-bg-4&#8243; back_image=&#8220;864&#8243; overlay_alpha=&#8220;50&#8243; equal_height=&#8220;yes&#8220; gutter_size=&#8220;3&#8243; column_width_percent=&#8220;100&#8243; shift_y=&#8220;0&#8243; z_index=&#8220;0&#8243; inverted_device_order=&#8220;yes&#8220; uncode_shortcode_id=&#8220;111277&#8243; back_color_type=&#8220;uncode-palette&#8220; el_class=&#8220;contact&#8211;page&#8220;][vc_column column_width_percent=&#8220;100&#8243; position_horizontal=&#8220;left&#8220; position_vertical=&#8220;middle&#8220; gutter_size=&#8220;3&#8243; style=&#8220;dark&#8220; overlay_alpha=&#8220;50&#8243; [&hellip;]<\/p>\n","protected":false},"author":1,"featured_media":0,"parent":0,"menu_order":0,"comment_status":"closed","ping_status":"closed","template":"","meta":{"_acf_changed":false,"_seopress_robots_primary_cat":"","_seopress_titles_title":"","_seopress_titles_desc":"","_seopress_robots_index":"","footnotes":""},"class_list":["post-6220","page","type-page","status-publish","hentry"],"acf":[],"_links":{"self":[{"href":"https:\/\/hclinear.hu\/de\/wp-json\/wp\/v2\/pages\/6220","targetHints":{"allow":["GET"]}}],"collection":[{"href":"https:\/\/hclinear.hu\/de\/wp-json\/wp\/v2\/pages"}],"about":[{"href":"https:\/\/hclinear.hu\/de\/wp-json\/wp\/v2\/types\/page"}],"author":[{"embeddable":true,"href":"https:\/\/hclinear.hu\/de\/wp-json\/wp\/v2\/users\/1"}],"replies":[{"embeddable":true,"href":"https:\/\/hclinear.hu\/de\/wp-json\/wp\/v2\/comments?post=6220"}],"version-history":[{"count":2,"href":"https:\/\/hclinear.hu\/de\/wp-json\/wp\/v2\/pages\/6220\/revisions"}],"predecessor-version":[{"id":6223,"href":"https:\/\/hclinear.hu\/de\/wp-json\/wp\/v2\/pages\/6220\/revisions\/6223"}],"wp:attachment":[{"href":"https:\/\/hclinear.hu\/de\/wp-json\/wp\/v2\/media?parent=6220"}],"curies":[{"name":"wp","href":"https:\/\/api.w.org\/{rel}","templated":true}]}}