{"id":49,"date":"2024-03-23T11:50:13","date_gmt":"2024-03-23T10:50:13","guid":{"rendered":"https:\/\/test.hclinear.com\/?page_id=49"},"modified":"2024-06-18T09:52:50","modified_gmt":"2024-06-18T08:52:50","slug":"metaccaze","status":"publish","type":"page","link":"https:\/\/hclinear.hu\/en\/about-us\/metaccaze\/","title":{"rendered":"metaCCAZE"},"content":{"rendered":"<div class=\"wpb-content-wrapper\"><p>[vc_row row_height_percent=&#8221;0&#8243; override_padding=&#8221;yes&#8221; h_padding=&#8221;2&#8243; top_padding=&#8221;2&#8243; bottom_padding=&#8221;4&#8243; back_color=&#8221;color-bg-4&#8243; back_image=&#8221;773&#8243; back_image_auto=&#8221;yes&#8221; overlay_alpha=&#8221;50&#8243; gutter_size=&#8221;3&#8243; column_width_percent=&#8221;100&#8243; shift_y=&#8221;0&#8243; z_index=&#8221;4&#8243; top_divider=&#8221;step&#8221; bottom_divider=&#8221;step&#8221; uncode_shortcode_id=&#8221;141046&#8243; back_color_type=&#8221;uncode-palette&#8221; el_class=&#8221;cb-post-header header-metaworld&#8221;][vc_column column_width_percent=&#8221;55&#8243; position_vertical=&#8221;middle&#8221; align_horizontal=&#8221;align_center&#8221; gutter_size=&#8221;3&#8243; override_padding=&#8221;yes&#8221; column_padding=&#8221;2&#8243; style=&#8221;dark&#8221; overlay_alpha=&#8221;50&#8243; shift_x=&#8221;0&#8243; shift_y=&#8221;0&#8243; shift_y_down=&#8221;0&#8243; z_index=&#8221;5&#8243; medium_width=&#8221;0&#8243; mobile_width=&#8221;0&#8243; width=&#8221;1\/1&#8243; uncode_shortcode_id=&#8221;153177&#8243;][vc_single_image media=&#8221;774&#8243; media_width_use_pixel=&#8221;yes&#8221; alignment=&#8221;center&#8221; uncode_shortcode_id=&#8221;162520&#8243; media_width_pixel=&#8221;684&#8243;][\/vc_column][\/vc_row][vc_row row_height_percent=&#8221;0&#8243; override_padding=&#8221;yes&#8221; h_padding=&#8221;2&#8243; top_padding=&#8221;2&#8243; bottom_padding=&#8221;0&#8243; overlay_alpha=&#8221;50&#8243; gutter_size=&#8221;3&#8243; column_width_percent=&#8221;100&#8243; shift_y=&#8221;0&#8243; z_index=&#8221;6&#8243; uncode_shortcode_id=&#8221;211471&#8243; el_class=&#8221;section&#8211;header-offset-content header-right-blur&#8221;][vc_column column_width_percent=&#8221;100&#8243; position_vertical=&#8221;middle&#8221; gutter_size=&#8221;3&#8243; overlay_alpha=&#8221;50&#8243; shift_x=&#8221;0&#8243; shift_y=&#8221;0&#8243; shift_y_down=&#8221;0&#8243; z_index=&#8221;0&#8243; medium_width=&#8221;0&#8243; mobile_width=&#8221;0&#8243; width=&#8221;1\/1&#8243; uncode_shortcode_id=&#8221;646122&#8243;][vc_row_inner row_inner_height_percent=&#8221;0&#8243; overlay_alpha=&#8221;50&#8243; equal_height=&#8221;yes&#8221; gutter_size=&#8221;3&#8243; shift_y=&#8221;0&#8243; z_index=&#8221;10&#8243; limit_content=&#8221;&#8221; uncode_shortcode_id=&#8221;172811&#8243; el_class=&#8221;inner-content&#8221;][vc_column_inner column_width_percent=&#8221;100&#8243; position_vertical=&#8221;middle&#8221; align_horizontal=&#8221;align_center&#8221; gutter_size=&#8221;3&#8243; style=&#8221;dark&#8221; overlay_alpha=&#8221;50&#8243; shift_x=&#8221;0&#8243; shift_y=&#8221;0&#8243; shift_y_down=&#8221;0&#8243; z_index=&#8221;0&#8243; medium_width=&#8221;0&#8243; mobile_width=&#8221;0&#8243; width=&#8221;1\/1&#8243; uncode_shortcode_id=&#8221;152416&#8243; el_class=&#8221;content-left&#8221;][vc_button button_color=&#8221;color-xsdn&#8221; size=&#8221;btn-link&#8221; scale_mobile=&#8221;no&#8221; button_color_type=&#8221;uncode-palette&#8221; uncode_shortcode_id=&#8221;210385&#8243; el_class=&#8221;btn&#8211;secondary btn&#8211;secondary-dark&#8221; link=&#8221;url:https%3A%2F%2Fwww.metaccaze-project.eu%2F|target:_blank|rel:nofollow&#8221;]Join the metaCCAZE project[\/vc_button][\/vc_column_inner][\/vc_row_inner][vc_row_inner row_inner_height_percent=&#8221;0&#8243; overlay_alpha=&#8221;50&#8243; gutter_size=&#8221;3&#8243; shift_y=&#8221;0&#8243; z_index=&#8221;0&#8243; medium_visibility=&#8221;yes&#8221; mobile_visibility=&#8221;yes&#8221; limit_content=&#8221;&#8221; uncode_shortcode_id=&#8221;163999&#8243; el_class=&#8221;inner-bottom&#8221;][vc_column_inner column_width_percent=&#8221;100&#8243; position_vertical=&#8221;bottom&#8221; align_horizontal=&#8221;align_center&#8221; gutter_size=&#8221;3&#8243; back_color=&#8221;color-gbc&#8221; overlay_alpha=&#8221;50&#8243; shift_x=&#8221;0&#8243; shift_y=&#8221;0&#8243; shift_y_down=&#8221;0&#8243; z_index=&#8221;0&#8243; medium_width=&#8221;0&#8243; mobile_width=&#8221;0&#8243; width=&#8221;1\/1&#8243; uncode_shortcode_id=&#8221;154789&#8243; back_color_type=&#8221;uncode-palette&#8221;][\/vc_column_inner][\/vc_row_inner][\/vc_column][\/vc_row][vc_row unlock_row=&#8221;&#8221; row_height_percent=&#8221;0&#8243; override_padding=&#8221;yes&#8221; h_padding=&#8221;2&#8243; top_padding=&#8221;0&#8243; bottom_padding=&#8221;2&#8243; overlay_alpha=&#8221;50&#8243; gutter_size=&#8221;3&#8243; column_width_percent=&#8221;100&#8243; shift_y=&#8221;-3&#8243; z_index=&#8221;0&#8243; uncode_shortcode_id=&#8221;998883&#8243; el_class=&#8221;default-post&#8211;content&#8221;][vc_column column_width_percent=&#8221;100&#8243; gutter_size=&#8221;3&#8243; back_color=&#8221;color-gbc&#8221; overlay_alpha=&#8221;50&#8243; shift_x=&#8221;0&#8243; shift_y=&#8221;-4&#8243; shift_y_down=&#8221;-5&#8243; z_index=&#8221;5&#8243; medium_width=&#8221;0&#8243; mobile_width=&#8221;0&#8243; radius=&#8221;sm&#8221; width=&#8221;1\/1&#8243; uncode_shortcode_id=&#8221;192795&#8243; back_color_type=&#8221;uncode-palette&#8221;][vc_column_text uncode_shortcode_id=&#8221;950228&#8243;]HC Linear is participating in the metaCCAZE project, a groundbreaking initiative co-funded by Horizon Europe. Launched in January 2024, this project marks a significant step forward in shaping the future of smart systems for electric, automated, and connected mobility in European cities. Collaborating with 43 other participants from 13 European countries, including participants from Hungary like the Budapest University of Technology and Economics (BME) and Miskolci K\u00f6zleked\u00e9si V\u00e1llalat (MVK Zrt.), we are excited to contribute to this transformative endeavor in the next 5 years.[\/vc_column_text][vc_single_image media=&#8221;767&#8243; media_width_percent=&#8221;100&#8243; shape=&#8221;img-round&#8221; advanced=&#8221;yes&#8221; media_items=&#8221;media|original,caption&#8221; media_overlay_opacity=&#8221;50&#8243; media_overlay_anim=&#8221;no&#8221; media_text_visible=&#8221;yes&#8221; media_text_anim=&#8221;no&#8221; media_image_anim=&#8221;no&#8221; media_v_position=&#8221;bottom&#8221; media_padding=&#8221;2&#8243; uncode_shortcode_id=&#8221;539131&#8243; el_class=&#8221;image-with-quote&#8221;][vc_column_text uncode_shortcode_id=&#8221;378591&#8243;]The metaCCAZE project aims to accelerate the user-centric adoption of smart systems and promote electric, automated, and connected mobility alongside related infrastructure in European cities. By aligning with key EU initiatives such as the Green Deal, 2ZERO, CCAM, Climate and Neutral Smart Cities Mission, and other strategic partnerships, metaCCAZE seeks to propel cities into the era of green metamobility. With transport being a significant contributor to greenhouse gas emissions, the project aims to achieve ambitious goals, including a 90% reduction in transport-related emissions by 2050 and the introduction of at least 30 million zero-emission cars on European roads.[\/vc_column_text][vc_single_image media=&#8221;768&#8243; media_width_percent=&#8221;100&#8243; shape=&#8221;img-round&#8221; advanced=&#8221;yes&#8221; media_items=&#8221;media|original,caption&#8221; media_overlay_opacity=&#8221;50&#8243; media_overlay_anim=&#8221;no&#8221; media_text_visible=&#8221;yes&#8221; media_text_anim=&#8221;no&#8221; media_image_anim=&#8221;no&#8221; media_v_position=&#8221;bottom&#8221; media_padding=&#8221;2&#8243; uncode_shortcode_id=&#8221;380158&#8243; el_class=&#8221;image-with-quote&#8221;][vc_column_text uncode_shortcode_id=&#8221;105589&#8243;]At HC Linear, our involvement in the metaCCAZE project underscores our commitment to innovation and sustainability. We are dedicated to developing cutting-edge technologies and systems that will revolutionize smart mobility and contribute to a greener, more sustainable future. We are honored to be part of this collaborative effort, bringing together participants from 13 countries to shape the future of smart mobility in Europe and beyond.[\/vc_column_text][vc_empty_space empty_h=&#8221;2&#8243;][\/vc_column][\/vc_row][vc_row row_height_percent=&#8221;0&#8243; back_color=&#8221;color-162048&#8243; overlay_alpha=&#8221;50&#8243; gutter_size=&#8221;3&#8243; column_width_percent=&#8221;100&#8243; shift_y=&#8221;0&#8243; z_index=&#8221;0&#8243; uncode_shortcode_id=&#8221;146395&#8243; back_color_type=&#8221;uncode-palette&#8221; el_class=&#8221;meta-map&#8221;][vc_column column_width_percent=&#8221;100&#8243; position_vertical=&#8221;middle&#8221; align_horizontal=&#8221;align_center&#8221; gutter_size=&#8221;3&#8243; expand_height=&#8221;yes&#8221; overlay_alpha=&#8221;50&#8243; shift_x=&#8221;0&#8243; shift_y=&#8221;0&#8243; shift_y_down=&#8221;0&#8243; z_index=&#8221;0&#8243; medium_width=&#8221;0&#8243; mobile_width=&#8221;0&#8243; width=&#8221;1\/1&#8243; uncode_shortcode_id=&#8221;164375&#8243; mobile_height=&#8221;400&#8243;][vc_empty_space empty_h=&#8221;4&#8243; medium_visibility=&#8221;yes&#8221; mobile_visibility=&#8221;yes&#8221;][vc_custom_heading uncode_shortcode_id=&#8221;222278&#8243; el_class=&#8221;metaworld-title&#8221;]metaCCAZE around the<br \/>\nworld[\/vc_custom_heading][vc_single_image media=&#8221;782&#8243; media_width_percent=&#8221;100&#8243; uncode_shortcode_id=&#8221;764923&#8243;][vc_button button_color=&#8221;color-jevc&#8221; size=&#8221;btn-link&#8221; scale_mobile=&#8221;no&#8221; button_color_type=&#8221;uncode-palette&#8221; uncode_shortcode_id=&#8221;128569&#8243; el_class=&#8221;btn&#8211;secondary&#8221; link=&#8221;url:https%3A%2F%2Fwww.metaccaze-project.eu%2F|target:_blank|rel:nofollow&#8221;]Join the metaCCAZE project[\/vc_button][vc_empty_space empty_h=&#8221;3&#8243;][\/vc_column][\/vc_row]<\/p>\n<\/div>","protected":false},"excerpt":{"rendered":"<p>[vc_row row_height_percent=&#8221;0&#8243; override_padding=&#8221;yes&#8221; h_padding=&#8221;2&#8243; top_padding=&#8221;2&#8243; bottom_padding=&#8221;4&#8243; back_color=&#8221;color-bg-4&#8243; back_image=&#8221;773&#8243; back_image_auto=&#8221;yes&#8221; overlay_alpha=&#8221;50&#8243; gutter_size=&#8221;3&#8243; column_width_percent=&#8221;100&#8243; shift_y=&#8221;0&#8243; z_index=&#8221;4&#8243; top_divider=&#8221;step&#8221; bottom_divider=&#8221;step&#8221; uncode_shortcode_id=&#8221;141046&#8243; back_color_type=&#8221;uncode-palette&#8221; el_class=&#8221;cb-post-header header-metaworld&#8221;][vc_column [&hellip;]<\/p>\n","protected":false},"author":1,"featured_media":0,"parent":32,"menu_order":0,"comment_status":"closed","ping_status":"closed","template":"","meta":{"_acf_changed":false,"_seopress_robots_primary_cat":"","_seopress_titles_title":"","_seopress_titles_desc":"","_seopress_robots_index":"","footnotes":""},"class_list":["post-49","page","type-page","status-publish","hentry"],"acf":[],"_links":{"self":[{"href":"https:\/\/hclinear.hu\/en\/wp-json\/wp\/v2\/pages\/49","targetHints":{"allow":["GET"]}}],"collection":[{"href":"https:\/\/hclinear.hu\/en\/wp-json\/wp\/v2\/pages"}],"about":[{"href":"https:\/\/hclinear.hu\/en\/wp-json\/wp\/v2\/types\/page"}],"author":[{"embeddable":true,"href":"https:\/\/hclinear.hu\/en\/wp-json\/wp\/v2\/users\/1"}],"replies":[{"embeddable":true,"href":"https:\/\/hclinear.hu\/en\/wp-json\/wp\/v2\/comments?post=49"}],"version-history":[{"count":5,"href":"https:\/\/hclinear.hu\/en\/wp-json\/wp\/v2\/pages\/49\/revisions"}],"predecessor-version":[{"id":3853,"href":"https:\/\/hclinear.hu\/en\/wp-json\/wp\/v2\/pages\/49\/revisions\/3853"}],"up":[{"embeddable":true,"href":"https:\/\/hclinear.hu\/en\/wp-json\/wp\/v2\/pages\/32"}],"wp:attachment":[{"href":"https:\/\/hclinear.hu\/en\/wp-json\/wp\/v2\/media?parent=49"}],"curies":[{"name":"wp","href":"https:\/\/api.w.org\/{rel}","templated":true}]}}