{"id":5329,"date":"2024-04-04T09:24:03","date_gmt":"2024-04-04T08:24:03","guid":{"rendered":"https:\/\/hclinear.hu\/proizvodi\/bus-solutions\/prikazi-stanica\/"},"modified":"2025-01-22T12:49:39","modified_gmt":"2025-01-22T11:49:39","slug":"prikazi-stanica","status":"publish","type":"page","link":"https:\/\/hclinear.hu\/hr\/proizvodi\/bus-solutions\/prikazi-stanica\/","title":{"rendered":"Zasloni na stajali\u0161tima i kolodvorima"},"content":{"rendered":"<div class=\"wpb-content-wrapper\"><p>[vc_row row_height_percent=&#8221;0&#8243; back_color=&#8221;color-bg-4&#8243; back_image=&#8221;184&#8243; overlay_alpha=&#8221;50&#8243; gutter_size=&#8221;3&#8243; column_width_percent=&#8221;100&#8243; shift_y=&#8221;0&#8243; z_index=&#8221;5&#8243; enable_bottom_divider=&#8221;custom&#8221; shape_bottom_custom=&#8221;174&#8243; shape_bottom_h_use_pixel=&#8221;&#8221; shape_bottom_height=&#8221;150&#8243; shape_bottom_color=&#8221;color-gbc&#8221; shape_bottom_opacity=&#8221;100&#8243; shape_bottom_index=&#8221;0&#8243; uncode_shortcode_id=&#8221;808838&#8243; back_color_type=&#8221;uncode-palette&#8221; el_class=&#8221;hcl-image-effect page-header-large divider-use-lines&#8221; shape_bottom_color_type=&#8221;uncode-palette&#8221;][vc_column column_width_percent=&#8221;100&#8243; position_vertical=&#8221;middle&#8221; align_horizontal=&#8221;align_center&#8221; gutter_size=&#8221;3&#8243; style=&#8221;dark&#8221; overlay_alpha=&#8221;50&#8243; shift_x=&#8221;0&#8243; shift_y=&#8221;0&#8243; shift_y_down=&#8221;0&#8243; z_index=&#8221;0&#8243; medium_width=&#8221;0&#8243; mobile_width=&#8221;0&#8243; width=&#8221;1\/1&#8243; uncode_shortcode_id=&#8221;175903&#8243;][vc_column_text text_lead=&#8221;small&#8221; uncode_shortcode_id=&#8221;174529&#8243; text_color_type=&#8221;uncode-solid&#8221; text_color_solid=&#8221;rgba(255,255,255,0.4)&#8221; el_class=&#8221;label-large&#8221;]PROIZVODI[\/vc_column_text][vc_custom_heading auto_text=&#8221;yes&#8221; text_size=&#8221;fontsize-80&#8243; text_weight=&#8221;800&#8243; uncode_shortcode_id=&#8221;561192&#8243; el_class=&#8221;gradient-header&#8221;][\/vc_custom_heading][vc_button button_color=&#8221;color-xsdn&#8221; size=&#8221;btn-link&#8221; scale_mobile=&#8221;no&#8221; button_color_type=&#8221;uncode-palette&#8221; uncode_shortcode_id=&#8221;161687&#8243; el_class=&#8221;btn&#8211;secondary btn&#8211;secondary-dark&#8221; link=&#8221;url:%2Fhr%2Fproizvodi%2Fbus-solutions%2F|title:Bus%20Solutions&#8221;]Povratak na rje\u0161enja za autobuse[\/vc_button][\/vc_column][\/vc_row][vc_row row_height_percent=&#8221;0&#8243; override_padding=&#8221;yes&#8221; h_padding=&#8221;2&#8243; top_padding=&#8221;0&#8243; bottom_padding=&#8221;2&#8243; overlay_alpha=&#8221;50&#8243; gutter_size=&#8221;3&#8243; column_width_percent=&#8221;100&#8243; shift_y=&#8221;0&#8243; z_index=&#8221;0&#8243; uncode_shortcode_id=&#8221;171308&#8243; el_class=&#8221;product&#8211;top-navigation&#8221;][vc_column column_width_percent=&#8221;100&#8243; gutter_size=&#8221;3&#8243; back_color=&#8221;color-gbc&#8221; overlay_alpha=&#8221;50&#8243; shift_x=&#8221;0&#8243; shift_y=&#8221;-2&#8243; shift_y_down=&#8221;0&#8243; z_index=&#8221;5&#8243; medium_width=&#8221;0&#8243; mobile_width=&#8221;0&#8243; radius=&#8221;sm&#8221; width=&#8221;1\/1&#8243; uncode_shortcode_id=&#8221;426243&#8243; back_color_type=&#8221;uncode-palette&#8221;][vc_row_inner row_inner_height_percent=&#8221;0&#8243; overlay_alpha=&#8221;50&#8243; equal_height=&#8221;yes&#8221; gutter_size=&#8221;2&#8243; shift_y=&#8221;0&#8243; z_index=&#8221;0&#8243; limit_content=&#8221;&#8221; uncode_shortcode_id=&#8221;689735&#8243; el_class=&#8221;inner-category&#8221;][vc_column_inner column_width_percent=&#8221;100&#8243; position_vertical=&#8221;middle&#8221; align_horizontal=&#8221;align_center&#8221; gutter_size=&#8221;3&#8243; back_color=&#8221;color-xsdn&#8221; overlay_alpha=&#8221;50&#8243; shift_x=&#8221;0&#8243; shift_y=&#8221;0&#8243; shift_y_down=&#8221;0&#8243; z_index=&#8221;0&#8243; medium_width=&#8221;3&#8243; mobile_width=&#8221;0&#8243; radius=&#8221;sm&#8221; width=&#8221;1\/3&#8243; uncode_shortcode_id=&#8221;214154&#8243; back_color_type=&#8221;uncode-palette&#8221; el_class=&#8221;active&#8221;][vc_column_text uncode_shortcode_id=&#8221;199160&#8243;]<strong>Stanice i stajali\u0161ta E-papirni zasloni<\/strong>[\/vc_column_text][\/vc_column_inner][vc_column_inner column_width_percent=&#8221;100&#8243; position_vertical=&#8221;middle&#8221; align_horizontal=&#8221;align_center&#8221; gutter_size=&#8221;3&#8243; back_color=&#8221;color-xsdn&#8221; overlay_alpha=&#8221;50&#8243; shift_x=&#8221;0&#8243; shift_y=&#8221;0&#8243; shift_y_down=&#8221;0&#8243; z_index=&#8221;0&#8243; medium_width=&#8221;3&#8243; mobile_width=&#8221;0&#8243; radius=&#8221;sm&#8221; width=&#8221;1\/3&#8243; uncode_shortcode_id=&#8221;118319&#8243; back_color_type=&#8221;uncode-palette&#8221; link_to=&#8221;url:%2Fhr%2Fproizvodi%2Fbus-solutions%2Fmegallohelyi-es-palyaudvari-peron-led-kijelzok%2F|title:Stations%20%26%20Stops%20Platform%20LED%20Displays&#8221;][vc_column_text uncode_shortcode_id=&#8221;838541&#8243;]<strong>LED zasloni<\/strong>[\/vc_column_text][\/vc_column_inner][vc_column_inner column_width_percent=&#8221;100&#8243; position_vertical=&#8221;middle&#8221; align_horizontal=&#8221;align_center&#8221; gutter_size=&#8221;3&#8243; back_color=&#8221;color-xsdn&#8221; overlay_alpha=&#8221;50&#8243; shift_x=&#8221;0&#8243; shift_y=&#8221;0&#8243; shift_y_down=&#8221;0&#8243; z_index=&#8221;0&#8243; medium_width=&#8221;3&#8243; mobile_width=&#8221;0&#8243; radius=&#8221;sm&#8221; width=&#8221;1\/3&#8243; uncode_shortcode_id=&#8221;189826&#8243; back_color_type=&#8221;uncode-palette&#8221; link_to=&#8221;url:%2Fhr%2Fproizvodi%2Fbus-solutions%2Ftft-zasloni-na-platformi-stanica-i-stajalista%2F|title:Stations%20%26%20Stops%20Platform%20TFT%20Displays&#8221;][vc_column_text uncode_shortcode_id=&#8221;163796&#8243;]<strong>TFT zasloni<\/strong>[\/vc_column_text][\/vc_column_inner][\/vc_row_inner][\/vc_column][\/vc_row][vc_row row_height_percent=&#8221;0&#8243; overlay_alpha=&#8221;50&#8243; equal_height=&#8221;yes&#8221; gutter_size=&#8221;2&#8243; column_width_percent=&#8221;100&#8243; shift_y=&#8221;0&#8243; z_index=&#8221;0&#8243; uncode_shortcode_id=&#8221;133887&#8243;][vc_column column_width_percent=&#8221;100&#8243; gutter_size=&#8221;3&#8243; override_padding=&#8221;yes&#8221; column_padding=&#8221;2&#8243; overlay_alpha=&#8221;50&#8243; shift_x=&#8221;0&#8243; shift_y=&#8221;0&#8243; shift_y_down=&#8221;0&#8243; z_index=&#8221;0&#8243; medium_width=&#8221;0&#8243; mobile_width=&#8221;0&#8243; width=&#8221;5\/12&#8243; uncode_shortcode_id=&#8221;933305&#8243;][vc_gallery el_id=&#8221;gallery-product&#8221; type=&#8221;carousel&#8221; medias=&#8221;1729,1728&#8243; carousel_lg=&#8221;1&#8243; carousel_md=&#8221;1&#8243; carousel_sm=&#8221;1&#8243; gutter_size=&#8221;3&#8243; media_items=&#8221;media|lightbox|original&#8221; carousel_autoh=&#8221;yes&#8221; carousel_interval=&#8221;0&#8243; carousel_navspeed=&#8221;400&#8243; advanced_nav=&#8221;yes&#8221; el_id1=&#8221;gallery-product&#8221; stage_padding=&#8221;0&#8243; single_shape=&#8221;round&#8221; single_overlay_opacity=&#8221;50&#8243; single_overlay_anim=&#8221;no&#8221; single_image_anim=&#8221;no&#8221; single_padding=&#8221;2&#8243; single_border=&#8221;yes&#8221; single_css_animation=&#8221;alpha-anim&#8221; single_animation_first=&#8221;yes&#8221; lbox_skin=&#8221;white&#8221; uncode_shortcode_id=&#8221;840743&#8243;][uncode_carousel_nav padding=&#8221;0&#8243; h_align=&#8221;center&#8221; arrows_skin=&#8221;dark&#8221; arrows_position=&#8221;el_absolute&#8221; arrows_v_align=&#8221;middle&#8221; arrows_padding=&#8221;0&#8243; arrow_style=&#8221;round&#8221; icon=&#8221;fa fa-arrow-right2&#8243; arrow_size=&#8221;fa-075x&#8221; animated_arrows=&#8221;default&#8221; hide_dots=&#8221;yes&#8221; hide_counter=&#8221;yes&#8221; uncode_shortcode_id=&#8221;436112&#8243; target=&#8221;gallery-product&#8221;][vc_row_inner row_inner_height_percent=&#8221;0&#8243; overlay_alpha=&#8221;50&#8243; gutter_size=&#8221;3&#8243; shift_y=&#8221;0&#8243; z_index=&#8221;0&#8243; limit_content=&#8221;&#8221; uncode_shortcode_id=&#8221;130237&#8243; el_class=&#8221;product-notice&#8221;][vc_column_inner column_width_percent=&#8221;100&#8243; gutter_size=&#8221;2&#8243; back_color=&#8221;color-162048&#8243; overlay_alpha=&#8221;50&#8243; shift_x=&#8221;0&#8243; shift_y=&#8221;0&#8243; shift_y_down=&#8221;0&#8243; z_index=&#8221;0&#8243; medium_width=&#8221;0&#8243; mobile_width=&#8221;0&#8243; radius=&#8221;sm&#8221; width=&#8221;1\/1&#8243; uncode_shortcode_id=&#8221;184590&#8243; back_color_type=&#8221;uncode-palette&#8221;][vc_icon position=&#8221;left&#8221; space_reduced=&#8221;yes&#8221; icon_image=&#8221;1595&#8243; media_size=&#8221;17&#8243; text_size=&#8221;&#8221; uncode_shortcode_id=&#8221;848702&#8243;]Odr\u017eivost se susre\u0107e s pobolj\u0161anim iskustvom putnika[\/vc_icon][vc_column_text text_lead=&#8221;small&#8221; uncode_shortcode_id=&#8221;539260&#8243; text_color_type=&#8221;uncode-solid&#8221; text_color_solid=&#8221;rgba(35,43,59,0.4)&#8221;]U HC Linearu, odr\u017eivost je sr\u017e na\u0161e misije. Produ\u017eujemo \u017eivotni vijek na\u0161ih proizvoda, smanjujemo potro\u0161nju energije i pove\u0107avamo u\u010dinkovitost kako bismo smanjili otpad i promicali odr\u017eiviju budu\u0107nost.[\/vc_column_text][\/vc_column_inner][\/vc_row_inner][\/vc_column][vc_column column_width_percent=&#8221;100&#8243; gutter_size=&#8221;3&#8243; override_padding=&#8221;yes&#8221; column_padding=&#8221;2&#8243; overlay_alpha=&#8221;50&#8243; shift_x=&#8221;0&#8243; shift_y=&#8221;0&#8243; shift_y_down=&#8221;0&#8243; z_index=&#8221;0&#8243; medium_width=&#8221;0&#8243; mobile_width=&#8221;0&#8243; width=&#8221;7\/12&#8243; uncode_shortcode_id=&#8221;335929&#8243;][vc_custom_heading text_size=&#8221;fontsize-60&#8243; text_weight=&#8221;800&#8243; uncode_shortcode_id=&#8221;136407&#8243; el_class=&#8221;gradient-header&#8221;]<strong>E-papirni zasloni<\/strong> na postajama i stajali\u0161tima[\/vc_custom_heading][vc_column_text uncode_shortcode_id=&#8221;103689&#8243;]Na\u0161i e-papirni zasloni pru\u017eaju dinami\u010dke informacije o putnicima uz napajanje ugra\u0111ene baterije napunjene solarnim panelom. Dizajniran je za vanjsku upotrebu u svim uvjetima, po \u017eelji s osvjetljenjem. Mo\u017ee prikazati informacije o polasku u stvarnom vremenu i kori\u0161tenjem navigacijskih tipki bilo koje druge informacije, na primjer: karte, informacije o prodaji karata, informacije o upravljanju smetnjama u stvarnom vremenu, komunalne vijesti.[\/vc_column_text][\/vc_column][\/vc_row][vc_row row_height_percent=&#8221;0&#8243; override_padding=&#8221;yes&#8221; h_padding=&#8221;2&#8243; top_padding=&#8221;3&#8243; bottom_padding=&#8221;3&#8243; overlay_alpha=&#8221;50&#8243; gutter_size=&#8221;3&#8243; column_width_percent=&#8221;100&#8243; shift_y=&#8221;0&#8243; z_index=&#8221;0&#8243; uncode_shortcode_id=&#8221;888135&#8243; el_class=&#8221;product-details-tabs&#8221;][vc_column column_width_percent=&#8221;100&#8243; gutter_size=&#8221;3&#8243; overlay_alpha=&#8221;50&#8243; shift_x=&#8221;0&#8243; shift_y=&#8221;0&#8243; shift_y_down=&#8221;0&#8243; z_index=&#8221;0&#8243; medium_width=&#8221;0&#8243; mobile_width=&#8221;0&#8243; width=&#8221;1\/1&#8243; uncode_shortcode_id=&#8221;892116&#8243;][vc_tabs typography=&#8221;advanced&#8221; width_100=&#8221;yes&#8221; tab_no_border=&#8221;yes&#8221; titles_weight=&#8221;700&#8243; uncode_shortcode_id=&#8221;934095&#8243;][vc_tab gutter_size=&#8221;2&#8243; column_padding=&#8221;3&#8243; title=&#8221;Zna\u010dajke proizvoda&#8221; tab_id=&#8221;1715429088-1-834eb2-51a8&#8243;][uncode_list icon=&#8221;fa fa-square&#8221; icon_color=&#8221;color-125951&#8243; uncode_shortcode_id=&#8221;139143&#8243; icon_color_type=&#8221;uncode-palette&#8221; el_class=&#8221;custom-list&#8221;]<\/p>\n<ul>\n<li>Jednostruki (1 x 13,3\u201d) ; Dvostruki (2 x 13,3\u201d) i prilago\u0111ene veli\u010dine prema zahtjevima<\/li>\n<li>Boja zaslona: 16 sivih tonova (jednobojno i u boji)<\/li>\n<li>Rezolucija: 1200 x 1600 px<\/li>\n<li>Komunikacijsko su\u010delje: LTE (GSM), WiFi, LoRaWAN, Ethernet<\/li>\n<li>Za\u0161tita: IP65 i sigurnosno staklo protiv odsjaja<\/li>\n<li>Unutarnji razvoj, dizajn, proizvodnja i kontrola kvalitete<\/li>\n<\/ul>\n<p>[\/uncode_list][vc_empty_space empty_h=&#8221;2&#8243;][vc_row_inner limit_content=&#8221;&#8221;][vc_column_inner column_width_percent=&#8221;100&#8243; gutter_size=&#8221;3&#8243; overlay_alpha=&#8221;50&#8243; shift_x=&#8221;0&#8243; shift_y=&#8221;0&#8243; shift_y_down=&#8221;0&#8243; z_index=&#8221;0&#8243; medium_width=&#8221;0&#8243; mobile_width=&#8221;0&#8243; radius=&#8221;sm&#8221; width=&#8221;1\/1&#8243; uncode_shortcode_id=&#8221;426312&#8243; back_color_type=&#8221;uncode-solid&#8221; back_color_solid=&#8221;rgba(35,43,59,0.05)&#8221;][vc_column_text uncode_shortcode_id=&#8221;600463&#8243;]<strong>Usluge podr\u0161ke<\/strong>[\/vc_column_text][vc_column_text uncode_shortcode_id=&#8221;153566&#8243;]Na\u0161a predanost ne zavr\u0161ava prodajom. Osim 24-satne podr\u0161ke za odr\u017eavanje i budu\u0107e nadogradnje, mo\u017eete ra\u010dunati na nas za sveobuhvatnu brigu o korisnicima i podr\u0161ku. Ponosimo se time \u0161to isporu\u010dujemo ne samo proizvode, ve\u0107 i rje\u0161enja koja se razvijaju u skladu s va\u0161im potrebama. Od prvog savjetovanja do instalacije, na\u0161 predani tim osigurava da va\u0161e iskustvo bude besprijekorno i da je va\u0161e zadovoljstvo uvijek na prvom mjestu. S naglaskom na dugoro\u010dna partnerstva, te\u017eimo biti vi\u0161e od obi\u010dnog dobavlja\u010da \u2013 mi smo va\u0161 pouzdani saveznik u snala\u017eenju u slo\u017eenosti moderne transportne tehnologije.[\/vc_column_text][\/vc_column_inner][\/vc_row_inner][vc_empty_space empty_h=&#8221;3&#8243;][\/vc_tab][\/vc_tabs][\/vc_column][\/vc_row][vc_row][vc_column width=&#8221;1\/1&#8243;][uncode_block id=&#8221;3689&#8243;][\/vc_column][\/vc_row]<\/p>\n<\/div>","protected":false},"excerpt":{"rendered":"<p>[vc_row row_height_percent=&#8221;0&#8243; back_color=&#8221;color-bg-4&#8243; back_image=&#8221;184&#8243; overlay_alpha=&#8221;50&#8243; gutter_size=&#8221;3&#8243; column_width_percent=&#8221;100&#8243; shift_y=&#8221;0&#8243; z_index=&#8221;5&#8243; enable_bottom_divider=&#8221;custom&#8221; shape_bottom_custom=&#8221;174&#8243; shape_bottom_h_use_pixel=&#8221;&#8221; shape_bottom_height=&#8221;150&#8243; shape_bottom_color=&#8221;color-gbc&#8221; shape_bottom_opacity=&#8221;100&#8243; shape_bottom_index=&#8221;0&#8243; uncode_shortcode_id=&#8221;808838&#8243; back_color_type=&#8221;uncode-palette&#8221; el_class=&#8221;hcl-image-effect page-header-large [&hellip;]<\/p>\n","protected":false},"author":1,"featured_media":0,"parent":5200,"menu_order":0,"comment_status":"closed","ping_status":"closed","template":"","meta":{"_acf_changed":false,"_seopress_robots_primary_cat":"","_seopress_titles_title":"","_seopress_titles_desc":"","_seopress_robots_index":"","footnotes":""},"class_list":["post-5329","page","type-page","status-publish","hentry","page_category-busz-hr"],"acf":[],"_links":{"self":[{"href":"https:\/\/hclinear.hu\/hr\/wp-json\/wp\/v2\/pages\/5329","targetHints":{"allow":["GET"]}}],"collection":[{"href":"https:\/\/hclinear.hu\/hr\/wp-json\/wp\/v2\/pages"}],"about":[{"href":"https:\/\/hclinear.hu\/hr\/wp-json\/wp\/v2\/types\/page"}],"author":[{"embeddable":true,"href":"https:\/\/hclinear.hu\/hr\/wp-json\/wp\/v2\/users\/1"}],"replies":[{"embeddable":true,"href":"https:\/\/hclinear.hu\/hr\/wp-json\/wp\/v2\/comments?post=5329"}],"version-history":[{"count":5,"href":"https:\/\/hclinear.hu\/hr\/wp-json\/wp\/v2\/pages\/5329\/revisions"}],"predecessor-version":[{"id":6443,"href":"https:\/\/hclinear.hu\/hr\/wp-json\/wp\/v2\/pages\/5329\/revisions\/6443"}],"up":[{"embeddable":true,"href":"https:\/\/hclinear.hu\/hr\/wp-json\/wp\/v2\/pages\/5200"}],"wp:attachment":[{"href":"https:\/\/hclinear.hu\/hr\/wp-json\/wp\/v2\/media?parent=5329"}],"curies":[{"name":"wp","href":"https:\/\/api.w.org\/{rel}","templated":true}]}}