{"id":5372,"date":"2024-04-04T09:24:11","date_gmt":"2024-04-04T08:24:11","guid":{"rendered":"https:\/\/hclinear.hu\/proizvodi\/ostali-proizvodi\/"},"modified":"2025-01-20T09:58:59","modified_gmt":"2025-01-20T08:58:59","slug":"ostali-proizvodi","status":"publish","type":"page","link":"https:\/\/hclinear.hu\/hr\/proizvodi\/ostali-proizvodi\/","title":{"rendered":"Ostali proizvodi"},"content":{"rendered":"<div class=\"wpb-content-wrapper\"><p>[vc_row row_height_percent=&#8221;0&#8243; back_color=&#8221;color-bg-4&#8243; back_image=&#8221;184&#8243; overlay_alpha=&#8221;50&#8243; gutter_size=&#8221;3&#8243; column_width_percent=&#8221;100&#8243; shift_y=&#8221;0&#8243; z_index=&#8221;5&#8243; enable_bottom_divider=&#8221;custom&#8221; shape_bottom_custom=&#8221;174&#8243; shape_bottom_h_use_pixel=&#8221;&#8221; shape_bottom_height=&#8221;150&#8243; shape_bottom_color=&#8221;color-gbc&#8221; shape_bottom_opacity=&#8221;100&#8243; shape_bottom_index=&#8221;0&#8243; uncode_shortcode_id=&#8221;808838&#8243; back_color_type=&#8221;uncode-palette&#8221; el_class=&#8221;hcl-image-effect page-header-large divider-use-lines&#8221; shape_bottom_color_type=&#8221;uncode-palette&#8221;][vc_column column_width_percent=&#8221;100&#8243; position_vertical=&#8221;middle&#8221; align_horizontal=&#8221;align_center&#8221; gutter_size=&#8221;3&#8243; style=&#8221;dark&#8221; overlay_alpha=&#8221;50&#8243; shift_x=&#8221;0&#8243; shift_y=&#8221;0&#8243; shift_y_down=&#8221;0&#8243; z_index=&#8221;0&#8243; medium_width=&#8221;0&#8243; mobile_width=&#8221;0&#8243; width=&#8221;1\/1&#8243; uncode_shortcode_id=&#8221;175903&#8243;][vc_column_text text_lead=&#8221;small&#8221; uncode_shortcode_id=&#8221;174529&#8243; text_color_type=&#8221;uncode-solid&#8221; text_color_solid=&#8221;rgba(255,255,255,0.4)&#8221; el_class=&#8221;label-large&#8221;]PROIZVODI[\/vc_column_text][vc_custom_heading auto_text=&#8221;yes&#8221; text_size=&#8221;fontsize-80&#8243; text_weight=&#8221;800&#8243; uncode_shortcode_id=&#8221;561192&#8243; el_class=&#8221;gradient-header&#8221;][\/vc_custom_heading][vc_button button_color=&#8221;color-xsdn&#8221; size=&#8221;btn-link&#8221; scale_mobile=&#8221;no&#8221; button_color_type=&#8221;uncode-palette&#8221; uncode_shortcode_id=&#8221;115172&#8243; el_class=&#8221;btn&#8211;secondary btn&#8211;secondary-dark&#8221; link=&#8221;url:%2Fproducts%2Fbus-solutions%2F|title:Bus%20Solutions|&#8221;]Povratak na rje\u0161enja za autobuse[\/vc_button][\/vc_column][\/vc_row][vc_row row_height_percent=&#8221;0&#8243; override_padding=&#8221;yes&#8221; h_padding=&#8221;2&#8243; top_padding=&#8221;0&#8243; bottom_padding=&#8221;2&#8243; overlay_alpha=&#8221;50&#8243; gutter_size=&#8221;3&#8243; column_width_percent=&#8221;100&#8243; shift_y=&#8221;0&#8243; z_index=&#8221;0&#8243; uncode_shortcode_id=&#8221;171308&#8243; el_class=&#8221;product&#8211;top-navigation&#8221;][vc_column column_width_percent=&#8221;100&#8243; gutter_size=&#8221;3&#8243; back_color=&#8221;color-gbc&#8221; overlay_alpha=&#8221;50&#8243; shift_x=&#8221;0&#8243; shift_y=&#8221;-2&#8243; shift_y_down=&#8221;0&#8243; z_index=&#8221;5&#8243; medium_width=&#8221;0&#8243; mobile_width=&#8221;0&#8243; radius=&#8221;sm&#8221; width=&#8221;1\/1&#8243; uncode_shortcode_id=&#8221;426243&#8243; back_color_type=&#8221;uncode-palette&#8221;][vc_row_inner row_inner_height_percent=&#8221;0&#8243; overlay_alpha=&#8221;50&#8243; equal_height=&#8221;yes&#8221; gutter_size=&#8221;2&#8243; shift_y=&#8221;0&#8243; z_index=&#8221;0&#8243; limit_content=&#8221;&#8221; uncode_shortcode_id=&#8221;689735&#8243; el_class=&#8221;inner-category&#8221;][vc_column_inner column_width_percent=&#8221;100&#8243; position_vertical=&#8221;middle&#8221; align_horizontal=&#8221;align_center&#8221; gutter_size=&#8221;3&#8243; back_color=&#8221;color-xsdn&#8221; overlay_alpha=&#8221;50&#8243; shift_x=&#8221;0&#8243; shift_y=&#8221;0&#8243; shift_y_down=&#8221;0&#8243; z_index=&#8221;0&#8243; medium_width=&#8221;4&#8243; mobile_width=&#8221;0&#8243; radius=&#8221;sm&#8221; width=&#8221;1\/2&#8243; uncode_shortcode_id=&#8221;152764&#8243; back_color_type=&#8221;uncode-palette&#8221; el_class=&#8221;active&#8221;][vc_column_text uncode_shortcode_id=&#8221;238414&#8243;]<strong>Ostali proizvodi<\/strong>[\/vc_column_text][\/vc_column_inner][vc_column_inner column_width_percent=&#8221;100&#8243; position_vertical=&#8221;middle&#8221; align_horizontal=&#8221;align_center&#8221; gutter_size=&#8221;3&#8243; back_color=&#8221;color-xsdn&#8221; overlay_alpha=&#8221;50&#8243; shift_x=&#8221;0&#8243; shift_y=&#8221;0&#8243; shift_y_down=&#8221;0&#8243; z_index=&#8221;0&#8243; medium_width=&#8221;4&#8243; mobile_width=&#8221;0&#8243; radius=&#8221;sm&#8221; width=&#8221;1\/2&#8243; uncode_shortcode_id=&#8221;212338&#8243; back_color_type=&#8221;uncode-palette&#8221; link_to=&#8221;url:%2Fhr%2Fproizvodi%2Fsustav-pristupa%2F|title:Access%20System&#8221;][vc_column_text uncode_shortcode_id=&#8221;211445&#8243;]<strong>Sustav pristupa<\/strong>[\/vc_column_text][\/vc_column_inner][\/vc_row_inner][\/vc_column][\/vc_row][vc_row row_height_percent=&#8221;0&#8243; overlay_alpha=&#8221;50&#8243; equal_height=&#8221;yes&#8221; gutter_size=&#8221;2&#8243; column_width_percent=&#8221;100&#8243; shift_y=&#8221;0&#8243; z_index=&#8221;0&#8243; uncode_shortcode_id=&#8221;729973&#8243;][vc_column column_width_percent=&#8221;100&#8243; gutter_size=&#8221;3&#8243; override_padding=&#8221;yes&#8221; column_padding=&#8221;2&#8243; overlay_alpha=&#8221;50&#8243; shift_x=&#8221;0&#8243; shift_y=&#8221;0&#8243; shift_y_down=&#8221;0&#8243; z_index=&#8221;0&#8243; medium_width=&#8221;0&#8243; mobile_width=&#8221;0&#8243; width=&#8221;5\/12&#8243; uncode_shortcode_id=&#8221;158105&#8243;][vc_gallery el_id=&#8221;gallery-product&#8221; type=&#8221;carousel&#8221; medias=&#8221;1777&#8243; carousel_lg=&#8221;1&#8243; carousel_md=&#8221;1&#8243; carousel_sm=&#8221;1&#8243; gutter_size=&#8221;3&#8243; media_items=&#8221;media|lightbox|original&#8221; carousel_v_align=&#8221;middle&#8221; carousel_interval=&#8221;0&#8243; carousel_navspeed=&#8221;400&#8243; carousel_nav=&#8221;yes&#8221; carousel_nav_mobile=&#8221;yes&#8221; stage_padding=&#8221;0&#8243; single_shape=&#8221;round&#8221; single_overlay_opacity=&#8221;50&#8243; single_overlay_anim=&#8221;no&#8221; single_image_anim=&#8221;no&#8221; single_padding=&#8221;2&#8243; single_border=&#8221;yes&#8221; single_css_animation=&#8221;alpha-anim&#8221; single_animation_first=&#8221;yes&#8221; uncode_shortcode_id=&#8221;192240&#8243;][vc_row_inner row_inner_height_percent=&#8221;0&#8243; overlay_alpha=&#8221;50&#8243; gutter_size=&#8221;3&#8243; shift_y=&#8221;0&#8243; z_index=&#8221;0&#8243; limit_content=&#8221;&#8221; uncode_shortcode_id=&#8221;130237&#8243; el_class=&#8221;product-notice&#8221;][vc_column_inner column_width_percent=&#8221;100&#8243; gutter_size=&#8221;2&#8243; back_color=&#8221;color-162048&#8243; overlay_alpha=&#8221;50&#8243; shift_x=&#8221;0&#8243; shift_y=&#8221;0&#8243; shift_y_down=&#8221;0&#8243; z_index=&#8221;0&#8243; medium_width=&#8221;0&#8243; mobile_width=&#8221;0&#8243; radius=&#8221;sm&#8221; width=&#8221;1\/1&#8243; uncode_shortcode_id=&#8221;184590&#8243; back_color_type=&#8221;uncode-palette&#8221;][vc_icon position=&#8221;left&#8221; space_reduced=&#8221;yes&#8221; icon_image=&#8221;1595&#8243; media_size=&#8221;17&#8243; text_size=&#8221;&#8221; uncode_shortcode_id=&#8221;848702&#8243;]Odr\u017eivost se susre\u0107e s pobolj\u0161anim iskustvom putnika[\/vc_icon][vc_column_text text_lead=&#8221;small&#8221; uncode_shortcode_id=&#8221;539260&#8243; text_color_type=&#8221;uncode-solid&#8221; text_color_solid=&#8221;rgba(35,43,59,0.4)&#8221;]U HC Linearu, odr\u017eivost je sr\u017e na\u0161e misije. Produ\u017eujemo \u017eivotni vijek na\u0161ih proizvoda, smanjujemo potro\u0161nju energije i pove\u0107avamo u\u010dinkovitost kako bismo smanjili otpad i promicali odr\u017eiviju budu\u0107nost.[\/vc_column_text][\/vc_column_inner][\/vc_row_inner][\/vc_column][vc_column column_width_percent=&#8221;100&#8243; gutter_size=&#8221;3&#8243; override_padding=&#8221;yes&#8221; column_padding=&#8221;2&#8243; overlay_alpha=&#8221;50&#8243; shift_x=&#8221;0&#8243; shift_y=&#8221;0&#8243; shift_y_down=&#8221;0&#8243; z_index=&#8221;0&#8243; medium_width=&#8221;0&#8243; mobile_width=&#8221;0&#8243; width=&#8221;7\/12&#8243; uncode_shortcode_id=&#8221;129739&#8243;][vc_custom_heading text_size=&#8221;fontsize-60&#8243; text_weight=&#8221;800&#8243; uncode_shortcode_id=&#8221;371247&#8243; el_class=&#8221;gradient-header&#8221;]Pretvaranje ideja u stvarnost: <strong>Na\u0161a predanost niskonaponskim rje\u0161enjima<\/strong>[\/vc_custom_heading][vc_column_text uncode_shortcode_id=&#8221;164619&#8243;]U Hc Linearu, inovacija se susre\u0107e s izvo\u0111enjem. Kao vode\u0107i pru\u017eatelj softverskih, hardverskih i sistemskih rje\u0161enja, specijalizirani smo za o\u017eivljavanje va\u0161ih ideja o niskom naponu. Na\u0161a bogata iskustva svjedo\u010de o predanosti svakom projektu koji poduzimamo, osiguravaju\u0107i preciznost i pa\u017enju prema detaljima. Neprestano ula\u017eemo zna\u010dajne resurse u istra\u017eivanje i razvoj novih tehnologija kako bismo kreirali inovativne proizvode i unaprijedili postoje\u0107e sustave. Na\u0161 portfelj obuhva\u0107a \u0161iroku paletu naprednih rje\u0161enja, a va\u0161im idejama dajemo \u017eivot! Kako vam mo\u017eemo pomo\u0107i?[\/vc_column_text][\/vc_column][\/vc_row][vc_row row_height_percent=&#8221;0&#8243; override_padding=&#8221;yes&#8221; h_padding=&#8221;2&#8243; top_padding=&#8221;3&#8243; bottom_padding=&#8221;3&#8243; overlay_alpha=&#8221;50&#8243; gutter_size=&#8221;3&#8243; column_width_percent=&#8221;100&#8243; shift_y=&#8221;0&#8243; z_index=&#8221;0&#8243; uncode_shortcode_id=&#8221;888135&#8243; el_class=&#8221;product-details-tabs&#8221;][vc_column column_width_percent=&#8221;100&#8243; gutter_size=&#8221;3&#8243; overlay_alpha=&#8221;50&#8243; shift_x=&#8221;0&#8243; shift_y=&#8221;0&#8243; shift_y_down=&#8221;0&#8243; z_index=&#8221;0&#8243; medium_width=&#8221;0&#8243; mobile_width=&#8221;0&#8243; width=&#8221;1\/1&#8243; uncode_shortcode_id=&#8221;892116&#8243;][vc_tabs typography=&#8221;advanced&#8221; width_100=&#8221;yes&#8221; tab_no_border=&#8221;yes&#8221; titles_weight=&#8221;700&#8243; uncode_shortcode_id=&#8221;123279&#8243;][vc_tab gutter_size=&#8221;2&#8243; column_padding=&#8221;3&#8243; title=&#8221;Zna\u010dajke proizvoda&#8221; tab_id=&#8221;1715429088-1-838b5f-a1bc&#8221;][uncode_list icon=&#8221;fa fa-square&#8221; icon_color=&#8221;color-125951&#8243; uncode_shortcode_id=&#8221;206939&#8243; icon_color_type=&#8221;uncode-palette&#8221; el_class=&#8221;custom-list&#8221;]<\/p>\n<ul>\n<li>Godine iskustva u industriji, pretvaranje koncepata u stvarnost<\/li>\n<li>Prilago\u0111ena rje\u0161enja koja zadovoljavaju specifi\u010dne potrebe<\/li>\n<li>Najvi\u0161a kvaliteta i pouzdanost, pridr\u017eavanje industrijskih standarda<\/li>\n<li>Nadma\u0161iti o\u010dekivanja kroz otvorenu komunikaciju i podr\u0161ku<\/li>\n<\/ul>\n<p>[\/uncode_list][vc_empty_space empty_h=&#8221;2&#8243;][vc_row_inner limit_content=&#8221;&#8221;][vc_column_inner column_width_percent=&#8221;100&#8243; gutter_size=&#8221;3&#8243; overlay_alpha=&#8221;50&#8243; shift_x=&#8221;0&#8243; shift_y=&#8221;0&#8243; shift_y_down=&#8221;0&#8243; z_index=&#8221;0&#8243; medium_width=&#8221;0&#8243; mobile_width=&#8221;0&#8243; radius=&#8221;sm&#8221; width=&#8221;1\/1&#8243; uncode_shortcode_id=&#8221;426312&#8243; back_color_type=&#8221;uncode-solid&#8221; back_color_solid=&#8221;rgba(35,43,59,0.05)&#8221;][vc_column_text uncode_shortcode_id=&#8221;600463&#8243;]<strong>Usluge podr\u0161ke<\/strong>[\/vc_column_text][vc_column_text uncode_shortcode_id=&#8221;153566&#8243;]Na\u0161a predanost ne zavr\u0161ava prodajom. Osim 24-satne podr\u0161ke za odr\u017eavanje i budu\u0107e nadogradnje, mo\u017eete ra\u010dunati na nas za sveobuhvatnu brigu o korisnicima i podr\u0161ku. Ponosimo se time \u0161to isporu\u010dujemo ne samo proizvode, ve\u0107 i rje\u0161enja koja se razvijaju u skladu s va\u0161im potrebama. Od prvog savjetovanja do instalacije, na\u0161 predani tim osigurava da va\u0161e iskustvo bude besprijekorno i da je va\u0161e zadovoljstvo uvijek na prvom mjestu. S naglaskom na dugoro\u010dna partnerstva, te\u017eimo biti vi\u0161e od obi\u010dnog dobavlja\u010da \u2013 mi smo va\u0161 pouzdani saveznik u snala\u017eenju u slo\u017eenosti moderne transportne tehnologije.[\/vc_column_text][\/vc_column_inner][\/vc_row_inner][vc_empty_space empty_h=&#8221;3&#8243;][\/vc_tab][\/vc_tabs][\/vc_column][\/vc_row][vc_row][vc_column width=&#8221;1\/1&#8243;][uncode_block id=&#8221;3689&#8243;][\/vc_column][\/vc_row]<\/p>\n<\/div>","protected":false},"excerpt":{"rendered":"<p>[vc_row row_height_percent=&#8221;0&#8243; back_color=&#8221;color-bg-4&#8243; back_image=&#8221;184&#8243; overlay_alpha=&#8221;50&#8243; gutter_size=&#8221;3&#8243; column_width_percent=&#8221;100&#8243; shift_y=&#8221;0&#8243; z_index=&#8221;5&#8243; enable_bottom_divider=&#8221;custom&#8221; shape_bottom_custom=&#8221;174&#8243; shape_bottom_h_use_pixel=&#8221;&#8221; shape_bottom_height=&#8221;150&#8243; shape_bottom_color=&#8221;color-gbc&#8221; shape_bottom_opacity=&#8221;100&#8243; shape_bottom_index=&#8221;0&#8243; uncode_shortcode_id=&#8221;808838&#8243; back_color_type=&#8221;uncode-palette&#8221; el_class=&#8221;hcl-image-effect page-header-large [&hellip;]<\/p>\n","protected":false},"author":1,"featured_media":0,"parent":5194,"menu_order":0,"comment_status":"closed","ping_status":"closed","template":"","meta":{"_acf_changed":false,"_seopress_robots_primary_cat":"","_seopress_titles_title":"","_seopress_titles_desc":"","_seopress_robots_index":"","footnotes":""},"class_list":["post-5372","page","type-page","status-publish","hentry"],"acf":[],"_links":{"self":[{"href":"https:\/\/hclinear.hu\/hr\/wp-json\/wp\/v2\/pages\/5372","targetHints":{"allow":["GET"]}}],"collection":[{"href":"https:\/\/hclinear.hu\/hr\/wp-json\/wp\/v2\/pages"}],"about":[{"href":"https:\/\/hclinear.hu\/hr\/wp-json\/wp\/v2\/types\/page"}],"author":[{"embeddable":true,"href":"https:\/\/hclinear.hu\/hr\/wp-json\/wp\/v2\/users\/1"}],"replies":[{"embeddable":true,"href":"https:\/\/hclinear.hu\/hr\/wp-json\/wp\/v2\/comments?post=5372"}],"version-history":[{"count":2,"href":"https:\/\/hclinear.hu\/hr\/wp-json\/wp\/v2\/pages\/5372\/revisions"}],"predecessor-version":[{"id":6018,"href":"https:\/\/hclinear.hu\/hr\/wp-json\/wp\/v2\/pages\/5372\/revisions\/6018"}],"up":[{"embeddable":true,"href":"https:\/\/hclinear.hu\/hr\/wp-json\/wp\/v2\/pages\/5194"}],"wp:attachment":[{"href":"https:\/\/hclinear.hu\/hr\/wp-json\/wp\/v2\/media?parent=5372"}],"curies":[{"name":"wp","href":"https:\/\/api.w.org\/{rel}","templated":true}]}}