{"id":5452,"date":"2024-04-04T09:24:21","date_gmt":"2024-04-04T08:24:21","guid":{"rendered":"https:\/\/hclinear.hu\/rjesenja-za-istrazivanje-i-razvoj\/elektronicki-razvoj\/"},"modified":"2026-02-24T15:13:54","modified_gmt":"2026-02-24T14:13:54","slug":"elektronicki-razvoj","status":"publish","type":"page","link":"https:\/\/hclinear.hu\/hr\/rjesenja-za-istrazivanje-i-razvoj\/elektronicki-razvoj\/","title":{"rendered":"Elektroni\u010dki razvoj"},"content":{"rendered":"<div class=\"wpb-content-wrapper\"><p>[vc_row row_height_percent=&#8221;0&#8243; back_color=&#8221;color-bg-4&#8243; back_image=&#8221;184&#8243; overlay_alpha=&#8221;50&#8243; gutter_size=&#8221;3&#8243; column_width_percent=&#8221;100&#8243; shift_y=&#8221;0&#8243; z_index=&#8221;5&#8243; enable_bottom_divider=&#8221;custom&#8221; shape_bottom_custom=&#8221;174&#8243; shape_bottom_h_use_pixel=&#8221;&#8221; shape_bottom_height=&#8221;150&#8243; shape_bottom_color=&#8221;color-gbc&#8221; shape_bottom_opacity=&#8221;100&#8243; shape_bottom_index=&#8221;0&#8243; uncode_shortcode_id=&#8221;192525&#8243; back_color_type=&#8221;uncode-palette&#8221; el_class=&#8221;hcl-image-effect page-header-large divider-use-lines&#8221; shape_bottom_color_type=&#8221;uncode-palette&#8221;][vc_column column_width_percent=&#8221;100&#8243; position_vertical=&#8221;middle&#8221; align_horizontal=&#8221;align_center&#8221; gutter_size=&#8221;3&#8243; style=&#8221;dark&#8221; overlay_alpha=&#8221;50&#8243; shift_x=&#8221;0&#8243; shift_y=&#8221;0&#8243; shift_y_down=&#8221;0&#8243; z_index=&#8221;0&#8243; medium_width=&#8221;0&#8243; mobile_width=&#8221;0&#8243; width=&#8221;1\/1&#8243; uncode_shortcode_id=&#8221;175903&#8243;][vc_column_text text_lead=&#8221;small&#8221; uncode_shortcode_id=&#8221;899313&#8243; text_color_type=&#8221;uncode-solid&#8221; text_color_solid=&#8221;rgba(255,255,255,0.4)&#8221; el_class=&#8221;label-large&#8221;]Servis[\/vc_column_text][vc_custom_heading text_size=&#8221;fontsize-80&#8243; text_weight=&#8221;800&#8243; uncode_shortcode_id=&#8221;186110&#8243; el_class=&#8221;gradient-header&#8221;]Elektroni\u010dki<br \/>\n<strong>razvoj<\/strong>[\/vc_custom_heading][\/vc_column][\/vc_row][vc_row row_height_percent=&#8221;0&#8243; override_padding=&#8221;yes&#8221; h_padding=&#8221;2&#8243; top_padding=&#8221;0&#8243; bottom_padding=&#8221;2&#8243; overlay_alpha=&#8221;50&#8243; gutter_size=&#8221;3&#8243; column_width_percent=&#8221;100&#8243; shift_y=&#8221;0&#8243; z_index=&#8221;0&#8243; uncode_shortcode_id=&#8221;659453&#8243;][vc_column column_width_percent=&#8221;100&#8243; gutter_size=&#8221;3&#8243; overlay_alpha=&#8221;50&#8243; shift_x=&#8221;0&#8243; shift_y=&#8221;-4&#8243; shift_y_fixed=&#8221;yes&#8221; shift_y_down=&#8221;0&#8243; z_index=&#8221;5&#8243; medium_width=&#8221;0&#8243; mobile_width=&#8221;0&#8243; width=&#8221;1\/1&#8243; uncode_shortcode_id=&#8221;266808&#8243; el_class=&#8221;header-services-block&#8221;][vc_single_image media=&#8221;1134&#8243; media_width_percent=&#8221;100&#8243; shape=&#8221;img-round&#8221; uncode_shortcode_id=&#8221;121596&#8243;][\/vc_column][\/vc_row][vc_row row_height_percent=&#8221;0&#8243; override_padding=&#8221;yes&#8221; h_padding=&#8221;2&#8243; top_padding=&#8221;2&#8243; bottom_padding=&#8221;2&#8243; overlay_alpha=&#8221;50&#8243; equal_height=&#8221;yes&#8221; gutter_size=&#8221;2&#8243; column_width_percent=&#8221;100&#8243; shift_y=&#8221;0&#8243; z_index=&#8221;0&#8243; uncode_shortcode_id=&#8221;153455&#8243;][vc_column column_width_percent=&#8221;100&#8243; gutter_size=&#8221;3&#8243; back_color=&#8221;color-xsdn&#8221; overlay_alpha=&#8221;50&#8243; shift_x=&#8221;0&#8243; shift_y=&#8221;0&#8243; shift_y_down=&#8221;0&#8243; z_index=&#8221;0&#8243; medium_width=&#8221;4&#8243; mobile_width=&#8221;0&#8243; radius=&#8221;sm&#8221; width=&#8221;1\/3&#8243; uncode_shortcode_id=&#8221;618786&#8243; back_color_type=&#8221;uncode-palette&#8221; el_class=&#8221;tablet-padding-50&#8243;][vc_icon icon_image=&#8221;156&#8243; heading_semantic=&#8221;h4&#8243; text_size=&#8221;h4&#8243; uncode_shortcode_id=&#8221;943386&#8243; title=&#8221;Niskonaponska elektroni\u010dka rje\u0161enja&#8221;]Imamo vi\u0161e od 30 godina iskustva u \u0161irokom rasponu dizajna niskonaponske elektronike za industrijske sektore. To osigurava da smo u mogu\u0107nosti izraditi elektroniku od dizajna sustava do prilago\u0111ene tiskane plo\u010de (PCB raspored), pru\u017eaju\u0107i rje\u0161enja za va\u0161e izazove u digitalnom svijetu. Jam\u010dimo vrhunsku kvalitetu uz minimalnu potro\u0161nju energije i maksimalnu u\u010dinkovitost.[\/vc_icon][\/vc_column][vc_column column_width_percent=&#8221;100&#8243; gutter_size=&#8221;3&#8243; back_color=&#8221;color-xsdn&#8221; overlay_alpha=&#8221;50&#8243; shift_x=&#8221;0&#8243; shift_y=&#8221;0&#8243; shift_y_down=&#8221;0&#8243; z_index=&#8221;0&#8243; medium_width=&#8221;4&#8243; mobile_width=&#8221;0&#8243; radius=&#8221;sm&#8221; width=&#8221;1\/3&#8243; uncode_shortcode_id=&#8221;936876&#8243; back_color_type=&#8221;uncode-palette&#8221; el_class=&#8221;tablet-padding-50&#8243;][vc_icon icon_image=&#8221;1136&#8243; heading_semantic=&#8221;h4&#8243; text_size=&#8221;h4&#8243; uncode_shortcode_id=&#8221;185181&#8243; title=&#8221;Dizajn i proizvodnja prilago\u0111enih tiskana kola&#8221;]Pru\u017eamo pouzdani dizajn, proizvodnju i monta\u017eu tiskanih krugova, podr\u017eane rigoroznim testiranjima i detaljnim mjernim izvje\u0161tajima u skladu sa standardima. Na\u0161 personalizirani pristup stavlja va\u0161e potrebe na prvo mjesto, fokusiraju\u0107i se na odr\u017eivost, tro\u0161kove, proizvedivost, testabilnost, popravivost i monta\u017eljivost kako bismo postigli optimalne rezultate u razvoju.[\/vc_icon][\/vc_column][vc_column column_width_percent=&#8221;100&#8243; gutter_size=&#8221;3&#8243; back_color=&#8221;color-xsdn&#8221; overlay_alpha=&#8221;50&#8243; shift_x=&#8221;0&#8243; shift_y=&#8221;0&#8243; shift_y_down=&#8221;0&#8243; z_index=&#8221;0&#8243; medium_visibility=&#8221;yes&#8221; medium_width=&#8221;0&#8243; mobile_width=&#8221;0&#8243; radius=&#8221;sm&#8221; width=&#8221;1\/3&#8243; uncode_shortcode_id=&#8221;113150&#8243; back_color_type=&#8221;uncode-palette&#8221; el_class=&#8221;tablet-padding-50&#8243;][vc_icon icon_image=&#8221;1137&#8243; heading_semantic=&#8221;h4&#8243; text_size=&#8221;h4&#8243; uncode_shortcode_id=&#8221;827167&#8243; title=&#8221;Certifikacija i odr\u017eivost&#8221;]Certifikacija i odr\u017eivost Provodimo razvoj kako bismo ispunili o\u010dekivane sektorske propise i kvalifikacije. Upravljamo cijelim procesom akreditacije, osiguravaju\u0107i da su potrebni certifikati dostupni i da uskla\u0111enost zadovoljava specifi\u010dne industrijske standarde, dok smo uvijek usredoto\u010deni na zeleni planet. Prioritet nam je nadogradnja softvera na\u0161ih ure\u0111aja, \u010dime se elektroni\u010dki otpad smanjuje.[\/vc_icon][\/vc_column][\/vc_row][vc_row row_height_percent=&#8221;0&#8243; override_padding=&#8221;yes&#8221; h_padding=&#8221;2&#8243; top_padding=&#8221;0&#8243; bottom_padding=&#8221;2&#8243; overlay_alpha=&#8221;50&#8243; equal_height=&#8221;yes&#8221; gutter_size=&#8221;2&#8243; column_width_percent=&#8221;100&#8243; shift_y=&#8221;0&#8243; z_index=&#8221;0&#8243; uncode_shortcode_id=&#8221;200602&#8243; el_class=&#8221;laptop-add-left-padding&#8221;][vc_column column_width_percent=&#8221;100&#8243; gutter_size=&#8221;3&#8243; back_color=&#8221;color-xsdn&#8221; overlay_alpha=&#8221;50&#8243; shift_x=&#8221;0&#8243; shift_y=&#8221;0&#8243; shift_y_down=&#8221;0&#8243; z_index=&#8221;0&#8243; desktop_visibility=&#8221;yes&#8221; medium_width=&#8221;0&#8243; mobile_visibility=&#8221;yes&#8221; mobile_width=&#8221;0&#8243; radius=&#8221;sm&#8221; width=&#8221;1\/1&#8243; uncode_shortcode_id=&#8221;249541&#8243; back_color_type=&#8221;uncode-palette&#8221; el_class=&#8221;tablet-padding-50&#8243;][vc_icon icon_image=&#8221;1137&#8243; heading_semantic=&#8221;h4&#8243; text_size=&#8221;h4&#8243; uncode_shortcode_id=&#8221;827167&#8243; title=&#8221;Certifikacija i odr\u017eivost&#8221;]Certifikacija i odr\u017eivost Provodimo razvoj kako bismo ispunili o\u010dekivane sektorske propise i kvalifikacije. Upravljamo cijelim procesom akreditacije, osiguravaju\u0107i da su potrebni certifikati dostupni i da uskla\u0111enost zadovoljava specifi\u010dne industrijske standarde, dok smo uvijek usredoto\u010deni na zeleni planet. Prioritet nam je nadogradnja softvera na\u0161ih ure\u0111aja, \u010dime se elektroni\u010dki otpad smanjuje.[\/vc_icon][\/vc_column][\/vc_row][vc_row row_height_percent=&#8221;0&#8243; override_padding=&#8221;yes&#8221; h_padding=&#8221;2&#8243; top_padding=&#8221;5&#8243; bottom_padding=&#8221;4&#8243; back_color=&#8221;color-162048&#8243; overlay_alpha=&#8221;50&#8243; gutter_size=&#8221;3&#8243; column_width_percent=&#8221;100&#8243; shift_y=&#8221;0&#8243; z_index=&#8221;0&#8243; enable_top_divider=&#8221;custom&#8221; shape_top_custom=&#8221;1696&#8243; shape_top_h_use_pixel=&#8221;&#8221; shape_top_height=&#8221;150&#8243; shape_top_opacity=&#8221;100&#8243; shape_top_safe=&#8221;yes&#8221; shape_top_index=&#8221;0&#8243; shape_top_responsive=&#8221;yes&#8221; shape_top_tablet_hide=&#8221;yes&#8221; shape_top_mobile_hide=&#8221;yes&#8221; inverted_device_order=&#8221;yes&#8221; uncode_shortcode_id=&#8221;205044&#8243; el_class=&#8221;resources&#8211;page section-after-folder&#8221; back_color_type=&#8221;uncode-palette&#8221;][vc_column column_width_percent=&#8221;60&#8243; position_horizontal=&#8221;right&#8221; position_vertical=&#8221;middle&#8221; align_horizontal=&#8221;align_right&#8221; gutter_size=&#8221;2&#8243; overlay_alpha=&#8221;50&#8243; shift_x=&#8221;0&#8243; shift_y=&#8221;0&#8243; shift_y_down=&#8221;0&#8243; z_index=&#8221;3&#8243; medium_width=&#8221;4&#8243; mobile_width=&#8221;0&#8243; width=&#8221;1\/2&#8243; uncode_shortcode_id=&#8221;172607&#8243;][vc_row_inner row_inner_height_percent=&#8221;0&#8243; overlay_alpha=&#8221;50&#8243; equal_height=&#8221;yes&#8221; gutter_size=&#8221;2&#8243; shift_y=&#8221;0&#8243; z_index=&#8221;0&#8243; limit_content=&#8221;&#8221; uncode_shortcode_id=&#8221;123023&#8243; el_class=&#8221;file-download-container&#8221;][vc_column_inner column_width_percent=&#8221;100&#8243; gutter_size=&#8221;3&#8243; back_color=&#8221;color-xsdn&#8221; overlay_alpha=&#8221;50&#8243; shift_x=&#8221;0&#8243; shift_y=&#8221;0&#8243; shift_y_down=&#8221;0&#8243; z_index=&#8221;0&#8243; medium_width=&#8221;3&#8243; mobile_width=&#8221;0&#8243; radius=&#8221;sm&#8221; width=&#8221;1\/2&#8243; uncode_shortcode_id=&#8221;135760&#8243; back_color_type=&#8221;uncode-palette&#8221;][vc_single_image media=&#8221;678&#8243; media_width_percent=&#8221;100&#8243; shape=&#8221;img-round&#8221; uncode_shortcode_id=&#8221;160703&#8243; media_link=&#8221;url:https%3A%2F%2Fhclinear.hu%2Fwp-content%2Fuploads%2Fcatalogs%2Feng%2Fr%26d_solutions.pdf|target:_blank&#8221;][vc_icon position=&#8221;right&#8221; icon=&#8221;fa fa-external-link&#8221; heading_semantic=&#8221;h5&#8243; text_size=&#8221;&#8221; text_weight=&#8221;700&#8243; linked_title=&#8221;yes&#8221; uncode_shortcode_id=&#8221;679016&#8243; title=&#8221;R&#038;D Solutions&#8221; el_class=&#8221;file-download&#8221; link=&#8221;url:https%3A%2F%2Fhclinear.hu%2Fwp-content%2Fuploads%2Fcatalogs%2Feng%2Fr%26d_solutions.pdf|target:_blank&#8221;]PDF[\/vc_icon][\/vc_column_inner][\/vc_row_inner][\/vc_column][vc_column column_width_percent=&#8221;80&#8243; position_horizontal=&#8221;left&#8221; position_vertical=&#8221;middle&#8221; gutter_size=&#8221;3&#8243; overlay_alpha=&#8221;50&#8243; shift_x=&#8221;0&#8243; shift_y=&#8221;0&#8243; shift_y_down=&#8221;0&#8243; z_index=&#8221;0&#8243; medium_width=&#8221;4&#8243; mobile_width=&#8221;0&#8243; width=&#8221;1\/2&#8243; uncode_shortcode_id=&#8221;520645&#8243;][vc_icon icon_image=&#8221;935&#8243; uncode_shortcode_id=&#8221;594467&#8243;][\/vc_icon][vc_custom_heading text_size=&#8221;fontsize-60&#8243; text_weight=&#8221;800&#8243; uncode_shortcode_id=&#8221;597416&#8243; el_class=&#8221;gradient-header&#8221;]Pogledajte na\u0161 katalog ili ga <strong>spremite za kasnije.<\/strong>[\/vc_custom_heading][vc_column_text uncode_shortcode_id=&#8221;176701&#8243;]Otkrijte sveobuhvatan asortiman autobusnih rje\u0161enja koja prilago\u0111eno transformiraju upravljanje javnim prijevozom[\/vc_column_text][\/vc_column][\/vc_row]<\/p>\n<\/div>","protected":false},"excerpt":{"rendered":"<p>Szak\u00e9rt\u0151 m\u00e9rn\u00f6kcsapatunk korszer\u0171 tervez\u0151eszk\u00f6z\u00f6ket haszn\u00e1l, hogy rendszerek sz\u00e9les sk\u00e1l\u00e1j\u00e1t, valamint egyedi nyomtatott \u00e1ramk\u00f6ri lapokat (PCB) fejlesszen, biztos\u00edtva a legmagasabb min\u0151s\u00e9gi szabv\u00e1nyokat.<\/p>\n","protected":false},"author":1,"featured_media":0,"parent":5396,"menu_order":0,"comment_status":"closed","ping_status":"closed","template":"","meta":{"_acf_changed":false,"_seopress_robots_primary_cat":"","_seopress_titles_title":"","_seopress_titles_desc":"","_seopress_robots_index":"","footnotes":""},"class_list":["post-5452","page","type-page","status-publish","hentry","page_category-kiemelt-fooldali-bejegyzes-hr"],"acf":[],"_links":{"self":[{"href":"https:\/\/hclinear.hu\/hr\/wp-json\/wp\/v2\/pages\/5452","targetHints":{"allow":["GET"]}}],"collection":[{"href":"https:\/\/hclinear.hu\/hr\/wp-json\/wp\/v2\/pages"}],"about":[{"href":"https:\/\/hclinear.hu\/hr\/wp-json\/wp\/v2\/types\/page"}],"author":[{"embeddable":true,"href":"https:\/\/hclinear.hu\/hr\/wp-json\/wp\/v2\/users\/1"}],"replies":[{"embeddable":true,"href":"https:\/\/hclinear.hu\/hr\/wp-json\/wp\/v2\/comments?post=5452"}],"version-history":[{"count":4,"href":"https:\/\/hclinear.hu\/hr\/wp-json\/wp\/v2\/pages\/5452\/revisions"}],"predecessor-version":[{"id":8188,"href":"https:\/\/hclinear.hu\/hr\/wp-json\/wp\/v2\/pages\/5452\/revisions\/8188"}],"up":[{"embeddable":true,"href":"https:\/\/hclinear.hu\/hr\/wp-json\/wp\/v2\/pages\/5396"}],"wp:attachment":[{"href":"https:\/\/hclinear.hu\/hr\/wp-json\/wp\/v2\/media?parent=5452"}],"curies":[{"name":"wp","href":"https:\/\/api.w.org\/{rel}","templated":true}]}}