{"id":5462,"date":"2024-04-04T09:24:33","date_gmt":"2024-04-04T08:24:33","guid":{"rendered":"https:\/\/hclinear.hu\/rjesenja-za-istrazivanje-i-razvoj\/mehanicki-razvoj\/"},"modified":"2026-02-24T15:22:40","modified_gmt":"2026-02-24T14:22:40","slug":"mehanicki-razvoj","status":"publish","type":"page","link":"https:\/\/hclinear.hu\/hr\/rjesenja-za-istrazivanje-i-razvoj\/mehanicki-razvoj\/","title":{"rendered":"Mehani\u010dki razvoj"},"content":{"rendered":"<div class=\"wpb-content-wrapper\"><p>[vc_row row_height_percent=&#8221;0&#8243; back_color=&#8221;color-bg-4&#8243; back_image=&#8221;184&#8243; overlay_alpha=&#8221;50&#8243; gutter_size=&#8221;3&#8243; column_width_percent=&#8221;100&#8243; shift_y=&#8221;0&#8243; z_index=&#8221;5&#8243; enable_bottom_divider=&#8221;custom&#8221; shape_bottom_custom=&#8221;174&#8243; shape_bottom_h_use_pixel=&#8221;&#8221; shape_bottom_height=&#8221;150&#8243; shape_bottom_color=&#8221;color-gbc&#8221; shape_bottom_opacity=&#8221;100&#8243; shape_bottom_index=&#8221;0&#8243; uncode_shortcode_id=&#8221;170257&#8243; back_color_type=&#8221;uncode-palette&#8221; el_class=&#8221;hcl-image-effect page-header-large divider-use-lines&#8221; shape_bottom_color_type=&#8221;uncode-palette&#8221;][vc_column column_width_percent=&#8221;100&#8243; position_vertical=&#8221;middle&#8221; align_horizontal=&#8221;align_center&#8221; gutter_size=&#8221;3&#8243; style=&#8221;dark&#8221; overlay_alpha=&#8221;50&#8243; shift_x=&#8221;0&#8243; shift_y=&#8221;0&#8243; shift_y_down=&#8221;0&#8243; z_index=&#8221;0&#8243; medium_width=&#8221;0&#8243; mobile_width=&#8221;0&#8243; width=&#8221;1\/1&#8243; uncode_shortcode_id=&#8221;175903&#8243;][vc_column_text text_lead=&#8221;small&#8221; uncode_shortcode_id=&#8221;899313&#8243; text_color_type=&#8221;uncode-solid&#8221; text_color_solid=&#8221;rgba(255,255,255,0.4)&#8221; el_class=&#8221;label-large&#8221;]Servis[\/vc_column_text][vc_custom_heading text_size=&#8221;fontsize-80&#8243; text_weight=&#8221;800&#8243; uncode_shortcode_id=&#8221;934067&#8243; el_class=&#8221;gradient-header&#8221;]Mehani\u010dki<br \/>\n<strong>razvoj<\/strong>[\/vc_custom_heading][\/vc_column][\/vc_row][vc_row row_height_percent=&#8221;0&#8243; override_padding=&#8221;yes&#8221; h_padding=&#8221;2&#8243; top_padding=&#8221;0&#8243; bottom_padding=&#8221;2&#8243; overlay_alpha=&#8221;50&#8243; gutter_size=&#8221;3&#8243; column_width_percent=&#8221;100&#8243; shift_y=&#8221;0&#8243; z_index=&#8221;0&#8243; uncode_shortcode_id=&#8221;659453&#8243;][vc_column column_width_percent=&#8221;100&#8243; gutter_size=&#8221;3&#8243; overlay_alpha=&#8221;50&#8243; shift_x=&#8221;0&#8243; shift_y=&#8221;-4&#8243; shift_y_fixed=&#8221;yes&#8221; shift_y_down=&#8221;0&#8243; z_index=&#8221;5&#8243; medium_width=&#8221;0&#8243; mobile_width=&#8221;0&#8243; width=&#8221;1\/1&#8243; uncode_shortcode_id=&#8221;465268&#8243; el_class=&#8221;header-services-block&#8221;][vc_single_image media=&#8221;1143&#8243; media_width_percent=&#8221;100&#8243; shape=&#8221;img-round&#8221; uncode_shortcode_id=&#8221;814071&#8243;][\/vc_column][\/vc_row][vc_row row_height_percent=&#8221;0&#8243; override_padding=&#8221;yes&#8221; h_padding=&#8221;2&#8243; top_padding=&#8221;2&#8243; bottom_padding=&#8221;2&#8243; overlay_alpha=&#8221;50&#8243; equal_height=&#8221;yes&#8221; gutter_size=&#8221;2&#8243; column_width_percent=&#8221;100&#8243; shift_y=&#8221;0&#8243; z_index=&#8221;0&#8243; uncode_shortcode_id=&#8221;179466&#8243;][vc_column column_width_percent=&#8221;100&#8243; gutter_size=&#8221;3&#8243; back_color=&#8221;color-xsdn&#8221; overlay_alpha=&#8221;50&#8243; shift_x=&#8221;0&#8243; shift_y=&#8221;0&#8243; shift_y_down=&#8221;0&#8243; z_index=&#8221;0&#8243; medium_width=&#8221;4&#8243; mobile_width=&#8221;0&#8243; radius=&#8221;sm&#8221; width=&#8221;1\/3&#8243; uncode_shortcode_id=&#8221;114975&#8243; back_color_type=&#8221;uncode-palette&#8221; el_class=&#8221;tablet-padding-50&#8243;][vc_icon icon_image=&#8221;1315&#8243; heading_semantic=&#8221;h4&#8243; text_size=&#8221;h4&#8243; uncode_shortcode_id=&#8221;186856&#8243; title=&#8221;In\u017eenjerska izvrsnost&#8221;]Na\u0161i in\u017eenjeri dizajniraju, stvaraju i usavr\u0161avaju mehani\u010dka ku\u0107i\u0161ta, komponente ili ure\u0111aje bilo da se radi o dijelovima od aluminija, lima, stakla ili plastike. Uklju\u010duje razli\u010dite faze kao \u0161to su konceptualizacija, dizajn, izrada prototipova, testiranje i proizvodnja, s ciljem proizvodnje funkcionalnih i u\u010dinkovitih mehani\u010dkih rje\u0161enja za rje\u0161avanje specifi\u010dnih potreba i izazova.[\/vc_icon][\/vc_column][vc_column column_width_percent=&#8221;100&#8243; gutter_size=&#8221;3&#8243; back_color=&#8221;color-xsdn&#8221; overlay_alpha=&#8221;50&#8243; shift_x=&#8221;0&#8243; shift_y=&#8221;0&#8243; shift_y_down=&#8221;0&#8243; z_index=&#8221;0&#8243; medium_width=&#8221;4&#8243; mobile_width=&#8221;0&#8243; radius=&#8221;sm&#8221; width=&#8221;1\/3&#8243; uncode_shortcode_id=&#8221;181413&#8243; back_color_type=&#8221;uncode-palette&#8221; el_class=&#8221;tablet-padding-50&#8243;][vc_icon icon_image=&#8221;1145&#8243; heading_semantic=&#8221;h4&#8243; text_size=&#8221;h4&#8243; uncode_shortcode_id=&#8221;159168&#8243; title=&#8221;Prototip savr\u0161enstva&#8221;]Provodimo temeljita testiranja kako bismo potvrdili funkcionalnost, performanse i uskla\u0111enost razvijenih sustava i komponenti. Kori\u0161tenjem napredne 3D ispisne tehnologije, a po potrebi i metodama reverznog in\u017eenjeringa, precizno i to\u010dno realiziramo va\u0161e ideje, osiguravaju\u0107i da va\u0161 proizvod zadovoljava najvi\u0161e standarde prije serijske proizvodnje.[\/vc_icon][\/vc_column][vc_column column_width_percent=&#8221;100&#8243; gutter_size=&#8221;3&#8243; back_color=&#8221;color-xsdn&#8221; overlay_alpha=&#8221;50&#8243; shift_x=&#8221;0&#8243; shift_y=&#8221;0&#8243; shift_y_down=&#8221;0&#8243; z_index=&#8221;0&#8243; medium_visibility=&#8221;yes&#8221; medium_width=&#8221;0&#8243; mobile_width=&#8221;0&#8243; radius=&#8221;sm&#8221; width=&#8221;1\/3&#8243; uncode_shortcode_id=&#8221;213338&#8243; back_color_type=&#8221;uncode-palette&#8221; el_class=&#8221;tablet-padding-50&#8243;][vc_icon icon_image=&#8221;1146&#8243; heading_semantic=&#8221;h4&#8243; text_size=&#8221;h4&#8243; uncode_shortcode_id=&#8221;833317&#8243; title=&#8221;Kvaliteta kojoj mo\u017eete vjerovati&#8221;]Na prvom mjestu na\u0161ih prioriteta je kvaliteta, jer koristimo pouzdane materijale i uspostavljene odnose s dobavlja\u010dima kako bismo izradili proizvode poznate po svojoj izdr\u017eljivosti i u\u010dinku. Osiguravanje da povjerenje nije samo rije\u010d, ve\u0107 obe\u0107anje koje se odr\u017eava pri svakoj interakciji. Shva\u0107amo da se povjerenje stje\u010de transparentno\u0161\u0107u, pouzdano\u0161\u0107u i dosljedno\u0161\u0107u.[\/vc_icon][\/vc_column][\/vc_row][vc_row row_height_percent=&#8221;0&#8243; override_padding=&#8221;yes&#8221; h_padding=&#8221;2&#8243; top_padding=&#8221;0&#8243; bottom_padding=&#8221;2&#8243; overlay_alpha=&#8221;50&#8243; equal_height=&#8221;yes&#8221; gutter_size=&#8221;2&#8243; column_width_percent=&#8221;100&#8243; shift_y=&#8221;0&#8243; z_index=&#8221;0&#8243; desktop_visibility=&#8221;yes&#8221; mobile_visibility=&#8221;yes&#8221; uncode_shortcode_id=&#8221;161572&#8243;][vc_column column_width_percent=&#8221;100&#8243; gutter_size=&#8221;3&#8243; back_color=&#8221;color-xsdn&#8221; overlay_alpha=&#8221;50&#8243; shift_x=&#8221;0&#8243; shift_y=&#8221;0&#8243; shift_y_down=&#8221;0&#8243; z_index=&#8221;0&#8243; medium_width=&#8221;0&#8243; mobile_width=&#8221;0&#8243; radius=&#8221;sm&#8221; width=&#8221;1\/1&#8243; uncode_shortcode_id=&#8221;110757&#8243; back_color_type=&#8221;uncode-palette&#8221; el_class=&#8221;tablet-padding-50&#8243;][vc_icon icon_image=&#8221;1146&#8243; heading_semantic=&#8221;h4&#8243; text_size=&#8221;h4&#8243; uncode_shortcode_id=&#8221;833317&#8243; title=&#8221;Kvaliteta kojoj mo\u017eete vjerovati&#8221;]Na prvom mjestu na\u0161ih prioriteta je kvaliteta, jer koristimo pouzdane materijale i uspostavljene odnose s dobavlja\u010dima kako bismo izradili proizvode poznate po svojoj izdr\u017eljivosti i u\u010dinku. Osiguravanje da povjerenje nije samo rije\u010d, ve\u0107 obe\u0107anje koje se odr\u017eava pri svakoj interakciji. Shva\u0107amo da se povjerenje stje\u010de transparentno\u0161\u0107u, pouzdano\u0161\u0107u i dosljedno\u0161\u0107u.[\/vc_icon][\/vc_column][\/vc_row][vc_row row_height_percent=&#8221;0&#8243; override_padding=&#8221;yes&#8221; h_padding=&#8221;2&#8243; top_padding=&#8221;7&#8243; bottom_padding=&#8221;4&#8243; back_color=&#8221;color-162048&#8243; overlay_alpha=&#8221;50&#8243; gutter_size=&#8221;3&#8243; column_width_percent=&#8221;100&#8243; shift_y=&#8221;0&#8243; z_index=&#8221;0&#8243; enable_top_divider=&#8221;custom&#8221; shape_top_custom=&#8221;1696&#8243; shape_top_h_use_pixel=&#8221;&#8221; shape_top_height=&#8221;150&#8243; shape_top_opacity=&#8221;100&#8243; shape_top_safe=&#8221;yes&#8221; shape_top_index=&#8221;0&#8243; shape_top_responsive=&#8221;yes&#8221; shape_top_tablet_hide=&#8221;yes&#8221; shape_top_mobile_hide=&#8221;yes&#8221; inverted_device_order=&#8221;yes&#8221; uncode_shortcode_id=&#8221;216090&#8243; el_class=&#8221;resources&#8211;page section-after-folder&#8221; back_color_type=&#8221;uncode-palette&#8221;][vc_column column_width_percent=&#8221;60&#8243; position_horizontal=&#8221;right&#8221; position_vertical=&#8221;middle&#8221; align_horizontal=&#8221;align_right&#8221; gutter_size=&#8221;2&#8243; overlay_alpha=&#8221;50&#8243; shift_x=&#8221;0&#8243; shift_y=&#8221;0&#8243; shift_y_down=&#8221;0&#8243; z_index=&#8221;3&#8243; medium_width=&#8221;4&#8243; mobile_width=&#8221;0&#8243; width=&#8221;1\/2&#8243; uncode_shortcode_id=&#8221;166983&#8243;][vc_row_inner row_inner_height_percent=&#8221;0&#8243; overlay_alpha=&#8221;50&#8243; equal_height=&#8221;yes&#8221; gutter_size=&#8221;2&#8243; shift_y=&#8221;0&#8243; z_index=&#8221;0&#8243; limit_content=&#8221;&#8221; uncode_shortcode_id=&#8221;123023&#8243; el_class=&#8221;file-download-container&#8221;][vc_column_inner column_width_percent=&#8221;100&#8243; gutter_size=&#8221;3&#8243; back_color=&#8221;color-xsdn&#8221; overlay_alpha=&#8221;50&#8243; shift_x=&#8221;0&#8243; shift_y=&#8221;0&#8243; shift_y_down=&#8221;0&#8243; z_index=&#8221;0&#8243; medium_width=&#8221;3&#8243; mobile_width=&#8221;0&#8243; radius=&#8221;sm&#8221; width=&#8221;1\/2&#8243; uncode_shortcode_id=&#8221;135760&#8243; back_color_type=&#8221;uncode-palette&#8221;][vc_single_image media=&#8221;678&#8243; media_width_percent=&#8221;100&#8243; shape=&#8221;img-round&#8221; uncode_shortcode_id=&#8221;133564&#8243; media_link=&#8221;url:https%3A%2F%2Fhclinear.hu%2Fwp-content%2Fuploads%2Fcatalogs%2Feng%2Fr%26d_solutions.pdf|target:_blank&#8221;][vc_icon position=&#8221;right&#8221; icon=&#8221;fa fa-external-link&#8221; heading_semantic=&#8221;h5&#8243; text_size=&#8221;&#8221; text_weight=&#8221;700&#8243; linked_title=&#8221;yes&#8221; uncode_shortcode_id=&#8221;115957&#8243; title=&#8221;R&#038;D Solutions&#8221; el_class=&#8221;file-download&#8221; link=&#8221;url:https%3A%2F%2Fhclinear.hu%2Fwp-content%2Fuploads%2Fcatalogs%2Feng%2Fr%26d_solutions.pdf|target:_blank&#8221;]PDF[\/vc_icon][\/vc_column_inner][\/vc_row_inner][\/vc_column][vc_column column_width_percent=&#8221;80&#8243; position_horizontal=&#8221;left&#8221; position_vertical=&#8221;middle&#8221; gutter_size=&#8221;3&#8243; overlay_alpha=&#8221;50&#8243; shift_x=&#8221;0&#8243; shift_y=&#8221;0&#8243; shift_y_down=&#8221;0&#8243; z_index=&#8221;0&#8243; medium_width=&#8221;4&#8243; mobile_width=&#8221;0&#8243; width=&#8221;1\/2&#8243; uncode_shortcode_id=&#8221;233864&#8243;][vc_icon icon_image=&#8221;935&#8243; uncode_shortcode_id=&#8221;594467&#8243;][\/vc_icon][vc_custom_heading text_size=&#8221;fontsize-60&#8243; text_weight=&#8221;800&#8243; uncode_shortcode_id=&#8221;173701&#8243; el_class=&#8221;gradient-header&#8221;]Pogledajte na\u0161 katalog ili ga <strong>spremite za kasnije.<\/strong>[\/vc_custom_heading][vc_column_text uncode_shortcode_id=&#8221;176701&#8243;]Otkrijte sveobuhvatan asortiman autobusnih rje\u0161enja koja prilago\u0111eno transformiraju upravljanje javnim prijevozom[\/vc_column_text][\/vc_column][\/vc_row]<\/p>\n<\/div>","protected":false},"excerpt":{"rendered":"<p>S vlastitim proizvodnim mogu\u0107nostima, strogo odr\u017eavamo kontrolu nad cijelim procesom razvoja i proizvodnje, kako bismo osigurali dijelove visoke kvalitete i sveobuhvatan nadzor.<\/p>\n","protected":false},"author":1,"featured_media":0,"parent":5396,"menu_order":0,"comment_status":"closed","ping_status":"closed","template":"","meta":{"_acf_changed":false,"_seopress_robots_primary_cat":"","_seopress_titles_title":"","_seopress_titles_desc":"","_seopress_robots_index":"","footnotes":""},"class_list":["post-5462","page","type-page","status-publish","hentry","page_category-kiemelt-fooldali-bejegyzes-hr"],"acf":[],"_links":{"self":[{"href":"https:\/\/hclinear.hu\/hr\/wp-json\/wp\/v2\/pages\/5462","targetHints":{"allow":["GET"]}}],"collection":[{"href":"https:\/\/hclinear.hu\/hr\/wp-json\/wp\/v2\/pages"}],"about":[{"href":"https:\/\/hclinear.hu\/hr\/wp-json\/wp\/v2\/types\/page"}],"author":[{"embeddable":true,"href":"https:\/\/hclinear.hu\/hr\/wp-json\/wp\/v2\/users\/1"}],"replies":[{"embeddable":true,"href":"https:\/\/hclinear.hu\/hr\/wp-json\/wp\/v2\/comments?post=5462"}],"version-history":[{"count":5,"href":"https:\/\/hclinear.hu\/hr\/wp-json\/wp\/v2\/pages\/5462\/revisions"}],"predecessor-version":[{"id":8194,"href":"https:\/\/hclinear.hu\/hr\/wp-json\/wp\/v2\/pages\/5462\/revisions\/8194"}],"up":[{"embeddable":true,"href":"https:\/\/hclinear.hu\/hr\/wp-json\/wp\/v2\/pages\/5396"}],"wp:attachment":[{"href":"https:\/\/hclinear.hu\/hr\/wp-json\/wp\/v2\/media?parent=5462"}],"curies":[{"name":"wp","href":"https:\/\/api.w.org\/{rel}","templated":true}]}}