{"id":5476,"date":"2024-04-04T09:24:42","date_gmt":"2024-04-04T08:24:42","guid":{"rendered":"https:\/\/hclinear.hu\/rjesenja-za-istrazivanje-i-razvoj\/razvoj-softvera\/"},"modified":"2026-02-24T15:14:47","modified_gmt":"2026-02-24T14:14:47","slug":"razvoj-softvera","status":"publish","type":"page","link":"https:\/\/hclinear.hu\/hr\/rjesenja-za-istrazivanje-i-razvoj\/razvoj-softvera\/","title":{"rendered":"Razvijanje softvera"},"content":{"rendered":"<div class=\"wpb-content-wrapper\"><p>[vc_row row_height_percent=&#8221;0&#8243; back_color=&#8221;color-bg-4&#8243; back_image=&#8221;184&#8243; overlay_alpha=&#8221;50&#8243; gutter_size=&#8221;3&#8243; column_width_percent=&#8221;100&#8243; shift_y=&#8221;0&#8243; z_index=&#8221;5&#8243; enable_bottom_divider=&#8221;custom&#8221; shape_bottom_custom=&#8221;174&#8243; shape_bottom_h_use_pixel=&#8221;&#8221; shape_bottom_height=&#8221;150&#8243; shape_bottom_color=&#8221;color-gbc&#8221; shape_bottom_opacity=&#8221;100&#8243; shape_bottom_index=&#8221;0&#8243; uncode_shortcode_id=&#8221;217847&#8243; back_color_type=&#8221;uncode-palette&#8221; el_class=&#8221;hcl-image-effect page-header-large divider-use-lines&#8221; shape_bottom_color_type=&#8221;uncode-palette&#8221;][vc_column column_width_percent=&#8221;100&#8243; position_vertical=&#8221;middle&#8221; align_horizontal=&#8221;align_center&#8221; gutter_size=&#8221;3&#8243; style=&#8221;dark&#8221; overlay_alpha=&#8221;50&#8243; shift_x=&#8221;0&#8243; shift_y=&#8221;0&#8243; shift_y_down=&#8221;0&#8243; z_index=&#8221;0&#8243; medium_width=&#8221;0&#8243; mobile_width=&#8221;0&#8243; width=&#8221;1\/1&#8243; uncode_shortcode_id=&#8221;175903&#8243;][vc_column_text text_lead=&#8221;small&#8221; uncode_shortcode_id=&#8221;899313&#8243; text_color_type=&#8221;uncode-solid&#8221; text_color_solid=&#8221;rgba(255,255,255,0.4)&#8221; el_class=&#8221;label-large&#8221;]Servis[\/vc_column_text][vc_custom_heading text_size=&#8221;fontsize-80&#8243; text_weight=&#8221;800&#8243; uncode_shortcode_id=&#8221;122460&#8243; el_class=&#8221;gradient-header&#8221;]Razvoj<br \/>\n<strong>softvera<\/strong>[\/vc_custom_heading][\/vc_column][\/vc_row][vc_row row_height_percent=&#8221;0&#8243; override_padding=&#8221;yes&#8221; h_padding=&#8221;2&#8243; top_padding=&#8221;0&#8243; bottom_padding=&#8221;2&#8243; overlay_alpha=&#8221;50&#8243; gutter_size=&#8221;3&#8243; column_width_percent=&#8221;100&#8243; shift_y=&#8221;0&#8243; z_index=&#8221;0&#8243; uncode_shortcode_id=&#8221;659453&#8243;][vc_column column_width_percent=&#8221;100&#8243; gutter_size=&#8221;3&#8243; overlay_alpha=&#8221;50&#8243; shift_x=&#8221;0&#8243; shift_y=&#8221;-4&#8243; shift_y_fixed=&#8221;yes&#8221; shift_y_down=&#8221;0&#8243; z_index=&#8221;5&#8243; medium_width=&#8221;0&#8243; mobile_width=&#8221;0&#8243; width=&#8221;1\/1&#8243; uncode_shortcode_id=&#8221;824679&#8243; el_class=&#8221;header-services-block&#8221;][vc_single_image media=&#8221;1152&#8243; media_width_percent=&#8221;100&#8243; shape=&#8221;img-round&#8221; uncode_shortcode_id=&#8221;151089&#8243;][\/vc_column][\/vc_row][vc_row row_height_percent=&#8221;0&#8243; override_padding=&#8221;yes&#8221; h_padding=&#8221;4&#8243; top_padding=&#8221;0&#8243; bottom_padding=&#8221;0&#8243; overlay_alpha=&#8221;50&#8243; gutter_size=&#8221;3&#8243; column_width_percent=&#8221;100&#8243; shift_y=&#8221;0&#8243; z_index=&#8221;0&#8243; uncode_shortcode_id=&#8221;109908&#8243;][vc_column column_width_percent=&#8221;100&#8243; gutter_size=&#8221;3&#8243; override_padding=&#8221;yes&#8221; column_padding=&#8221;3&#8243; back_color=&#8221;color-gbc&#8221; overlay_alpha=&#8221;50&#8243; shift_x=&#8221;0&#8243; shift_y=&#8221;-5&#8243; shift_y_down=&#8221;0&#8243; z_index=&#8221;5&#8243; medium_width=&#8221;0&#8243; mobile_width=&#8221;0&#8243; radius=&#8221;sm&#8221; width=&#8221;1\/1&#8243; uncode_shortcode_id=&#8221;234247&#8243; back_color_type=&#8221;uncode-palette&#8221;][vc_custom_heading text_size=&#8221;fontsize-60&#8243; text_weight=&#8221;800&#8243; uncode_shortcode_id=&#8221;185345&#8243; el_class=&#8221;gradient-header&#8221;]Agilna<br \/>\n<strong>softverska rje\u0161enja<\/strong>[\/vc_custom_heading][vc_column_text uncode_shortcode_id=&#8221;179028&#8243;]U HC Linearu prioritet dajemo agilnosti, poti\u010du\u0107i besprijekornu suradnju s klijentima kako bismo brzo iterirali i isporu\u010dili vrhunska softverska rje\u0161enja. Iskori\u0161tavamo svoju stru\u010dnost u strojnom u\u010denju (ML) i umjetnoj inteligenciji (AI) kako bismo pobolj\u0161ali svoja IT rje\u0161enja. Osim toga, koristimo automatizirano testiranje kako bismo osigurali da testiranje bude br\u017ee i u\u010dinkovitije.[\/vc_column_text][vc_single_image media=&#8221;1271&#8243; media_width_percent=&#8221;100&#8243; uncode_shortcode_id=&#8221;195403&#8243;][vc_column_text uncode_shortcode_id=&#8221;176271&#8243;]Kod tvrtke HC Linear, isti\u010demo se isporukom end-to-end (E2E) softverskih rje\u0161enja prilago\u0111enih industrijskim okru\u017eenjima. S fokusom na inovacije, pouzdanost i skalabilnost, osiguravamo da va\u0161e softversko rje\u0161enje nije samo robusno i u\u010dinkovito, ve\u0107 i spremno za budu\u0107nost, prilagodljivo rastu\u0107im zahtjevima va\u0161e industrije.[\/vc_column_text][\/vc_column][\/vc_row][vc_row row_height_percent=&#8221;0&#8243; override_padding=&#8221;yes&#8221; h_padding=&#8221;4&#8243; top_padding=&#8221;2&#8243; bottom_padding=&#8221;2&#8243; overlay_alpha=&#8221;50&#8243; gutter_size=&#8221;3&#8243; column_width_percent=&#8221;100&#8243; shift_y=&#8221;0&#8243; z_index=&#8221;0&#8243; uncode_shortcode_id=&#8221;121759&#8243;][vc_column column_width_percent=&#8221;100&#8243; gutter_size=&#8221;3&#8243; override_padding=&#8221;yes&#8221; column_padding=&#8221;3&#8243; back_color=&#8221;color-162048&#8243; overlay_alpha=&#8221;50&#8243; shift_x=&#8221;0&#8243; shift_y=&#8221;0&#8243; shift_y_down=&#8221;0&#8243; z_index=&#8221;0&#8243; medium_width=&#8221;0&#8243; mobile_width=&#8221;0&#8243; radius=&#8221;sm&#8221; width=&#8221;1\/1&#8243; uncode_shortcode_id=&#8221;451896&#8243; back_color_type=&#8221;uncode-palette&#8221;][vc_custom_heading heading_semantic=&#8221;h3&#8243; text_size=&#8221;h3&#8243; uncode_shortcode_id=&#8221;183225&#8243;]Na\u0161a stru\u010dnost pokriva \u0161irok raspon softverskih rje\u0161enja, uklju\u010duju\u0107i:[\/vc_custom_heading][vc_row_inner limit_content=&#8221;&#8221;][vc_column_inner column_width_percent=&#8221;100&#8243; gutter_size=&#8221;3&#8243; overlay_alpha=&#8221;50&#8243; shift_x=&#8221;0&#8243; shift_y=&#8221;0&#8243; shift_y_down=&#8221;0&#8243; z_index=&#8221;0&#8243; medium_width=&#8221;4&#8243; mobile_width=&#8221;0&#8243; width=&#8221;1\/3&#8243; uncode_shortcode_id=&#8221;175323&#8243;][uncode_list icon=&#8221;fa fa-square&#8221; icon_color=&#8221;color-hcl-green&#8221; uncode_shortcode_id=&#8221;197366&#8243; icon_color_type=&#8221;uncode-palette&#8221; el_class=&#8221;custom-list&#8221;]<\/p>\n<ul>\n<li>Analitika podataka<\/li>\n<li>Mobilne aplikacije<\/li>\n<\/ul>\n<p>[\/uncode_list][\/vc_column_inner][vc_column_inner column_width_percent=&#8221;100&#8243; gutter_size=&#8221;3&#8243; overlay_alpha=&#8221;50&#8243; shift_x=&#8221;0&#8243; shift_y=&#8221;0&#8243; shift_y_down=&#8221;0&#8243; z_index=&#8221;0&#8243; medium_width=&#8221;4&#8243; mobile_width=&#8221;0&#8243; width=&#8221;1\/3&#8243; uncode_shortcode_id=&#8221;775952&#8243;][uncode_list icon=&#8221;fa fa-square&#8221; icon_color=&#8221;color-hcl-bleu&#8221; uncode_shortcode_id=&#8221;168102&#8243; icon_color_type=&#8221;uncode-palette&#8221; el_class=&#8221;custom-list&#8221;]<\/p>\n<ul>\n<li>Web aplikacije<\/li>\n<li>Rje\u0161enja temeljena na oblaku<\/li>\n<\/ul>\n<p>[\/uncode_list][\/vc_column_inner][vc_column_inner column_width_percent=&#8221;100&#8243; gutter_size=&#8221;3&#8243; overlay_alpha=&#8221;50&#8243; shift_x=&#8221;0&#8243; shift_y=&#8221;0&#8243; shift_y_down=&#8221;0&#8243; z_index=&#8221;0&#8243; medium_width=&#8221;0&#8243; mobile_visibility=&#8221;yes&#8221; mobile_width=&#8221;0&#8243; width=&#8221;1\/3&#8243; uncode_shortcode_id=&#8221;411780&#8243; el_class=&#8221;laptop-not-hide&#8221;][\/vc_column_inner][\/vc_row_inner][\/vc_column][\/vc_row][vc_row row_height_percent=&#8221;0&#8243; override_padding=&#8221;yes&#8221; h_padding=&#8221;2&#8243; top_padding=&#8221;5&#8243; bottom_padding=&#8221;4&#8243; back_color=&#8221;color-162048&#8243; overlay_alpha=&#8221;50&#8243; gutter_size=&#8221;3&#8243; column_width_percent=&#8221;100&#8243; shift_y=&#8221;0&#8243; z_index=&#8221;0&#8243; enable_top_divider=&#8221;custom&#8221; shape_top_custom=&#8221;1696&#8243; shape_top_h_use_pixel=&#8221;&#8221; shape_top_height=&#8221;150&#8243; shape_top_opacity=&#8221;100&#8243; shape_top_safe=&#8221;yes&#8221; shape_top_index=&#8221;0&#8243; shape_top_responsive=&#8221;yes&#8221; shape_top_tablet_hide=&#8221;yes&#8221; shape_top_mobile_hide=&#8221;yes&#8221; inverted_device_order=&#8221;yes&#8221; uncode_shortcode_id=&#8221;198295&#8243; el_class=&#8221;resources&#8211;page section-after-folder&#8221; back_color_type=&#8221;uncode-palette&#8221;][vc_column column_width_percent=&#8221;60&#8243; position_horizontal=&#8221;right&#8221; position_vertical=&#8221;middle&#8221; align_horizontal=&#8221;align_right&#8221; gutter_size=&#8221;2&#8243; overlay_alpha=&#8221;50&#8243; shift_x=&#8221;0&#8243; shift_y=&#8221;0&#8243; shift_y_down=&#8221;0&#8243; z_index=&#8221;3&#8243; medium_width=&#8221;4&#8243; mobile_width=&#8221;0&#8243; width=&#8221;1\/2&#8243; uncode_shortcode_id=&#8221;138686&#8243;][vc_row_inner row_inner_height_percent=&#8221;0&#8243; overlay_alpha=&#8221;50&#8243; equal_height=&#8221;yes&#8221; gutter_size=&#8221;2&#8243; shift_y=&#8221;0&#8243; z_index=&#8221;0&#8243; limit_content=&#8221;&#8221; uncode_shortcode_id=&#8221;443905&#8243; el_class=&#8221;file-download-container&#8221;][vc_column_inner column_width_percent=&#8221;100&#8243; gutter_size=&#8221;3&#8243; back_color=&#8221;color-xsdn&#8221; overlay_alpha=&#8221;50&#8243; shift_x=&#8221;0&#8243; shift_y=&#8221;0&#8243; shift_y_down=&#8221;0&#8243; z_index=&#8221;0&#8243; medium_width=&#8221;3&#8243; mobile_width=&#8221;0&#8243; radius=&#8221;sm&#8221; width=&#8221;1\/2&#8243; uncode_shortcode_id=&#8221;135760&#8243; back_color_type=&#8221;uncode-palette&#8221;][vc_single_image media=&#8221;678&#8243; media_width_percent=&#8221;100&#8243; shape=&#8221;img-round&#8221; uncode_shortcode_id=&#8221;373609&#8243; media_link=&#8221;url:https%3A%2F%2Fhclinear.hu%2Fwp-content%2Fuploads%2Fcatalogs%2Feng%2Fr%26d_solutions.pdf|target:_blank&#8221;][vc_icon position=&#8221;right&#8221; icon=&#8221;fa fa-external-link&#8221; heading_semantic=&#8221;h5&#8243; text_size=&#8221;&#8221; text_weight=&#8221;700&#8243; linked_title=&#8221;yes&#8221; uncode_shortcode_id=&#8221;214136&#8243; title=&#8221;R&#038;D Solutions&#8221; el_class=&#8221;file-download&#8221; link=&#8221;url:https%3A%2F%2Fhclinear.hu%2Fwp-content%2Fuploads%2Fcatalogs%2Feng%2Fr%26d_solutions.pdf|target:_blank&#8221;]PDF[\/vc_icon][\/vc_column_inner][\/vc_row_inner][\/vc_column][vc_column column_width_percent=&#8221;80&#8243; position_horizontal=&#8221;left&#8221; position_vertical=&#8221;middle&#8221; gutter_size=&#8221;3&#8243; overlay_alpha=&#8221;50&#8243; shift_x=&#8221;0&#8243; shift_y=&#8221;0&#8243; shift_y_down=&#8221;0&#8243; z_index=&#8221;0&#8243; medium_width=&#8221;4&#8243; mobile_width=&#8221;0&#8243; width=&#8221;1\/2&#8243; uncode_shortcode_id=&#8221;667754&#8243;][vc_icon icon_image=&#8221;935&#8243; uncode_shortcode_id=&#8221;594467&#8243;][\/vc_icon][vc_custom_heading text_size=&#8221;fontsize-60&#8243; text_weight=&#8221;800&#8243; uncode_shortcode_id=&#8221;344447&#8243; el_class=&#8221;gradient-header&#8221;]Pogledajte na\u0161 katalog ili ga <strong>spremite za kasnije.<\/strong>[\/vc_custom_heading][vc_column_text uncode_shortcode_id=&#8221;176701&#8243;]Otkrijte sveobuhvatan asortiman autobusnih rje\u0161enja koja prilago\u0111eno transformiraju upravljanje javnim prijevozom[\/vc_column_text][\/vc_column][\/vc_row]<\/p>\n<\/div>","protected":false},"excerpt":{"rendered":"<p>Kod tvrtke HC Linear, isti\u010demo se isporukom end-to-end (E2E) softverskih rje\u0161enja prilago\u0111enih industrijskim okru\u017eenjima.<\/p>\n","protected":false},"author":1,"featured_media":0,"parent":5396,"menu_order":0,"comment_status":"closed","ping_status":"closed","template":"","meta":{"_acf_changed":false,"_seopress_robots_primary_cat":"","_seopress_titles_title":"","_seopress_titles_desc":"","_seopress_robots_index":"","footnotes":""},"class_list":["post-5476","page","type-page","status-publish","hentry","page_category-kiemelt-fooldali-bejegyzes-hr"],"acf":[],"_links":{"self":[{"href":"https:\/\/hclinear.hu\/hr\/wp-json\/wp\/v2\/pages\/5476","targetHints":{"allow":["GET"]}}],"collection":[{"href":"https:\/\/hclinear.hu\/hr\/wp-json\/wp\/v2\/pages"}],"about":[{"href":"https:\/\/hclinear.hu\/hr\/wp-json\/wp\/v2\/types\/page"}],"author":[{"embeddable":true,"href":"https:\/\/hclinear.hu\/hr\/wp-json\/wp\/v2\/users\/1"}],"replies":[{"embeddable":true,"href":"https:\/\/hclinear.hu\/hr\/wp-json\/wp\/v2\/comments?post=5476"}],"version-history":[{"count":5,"href":"https:\/\/hclinear.hu\/hr\/wp-json\/wp\/v2\/pages\/5476\/revisions"}],"predecessor-version":[{"id":8190,"href":"https:\/\/hclinear.hu\/hr\/wp-json\/wp\/v2\/pages\/5476\/revisions\/8190"}],"up":[{"embeddable":true,"href":"https:\/\/hclinear.hu\/hr\/wp-json\/wp\/v2\/pages\/5396"}],"wp:attachment":[{"href":"https:\/\/hclinear.hu\/hr\/wp-json\/wp\/v2\/media?parent=5476"}],"curies":[{"name":"wp","href":"https:\/\/api.w.org\/{rel}","templated":true}]}}