{"id":5546,"date":"2024-03-23T11:50:13","date_gmt":"2024-03-23T10:50:13","guid":{"rendered":"https:\/\/hclinear.hu\/metaccaze\/"},"modified":"2025-02-03T12:51:13","modified_gmt":"2025-02-03T11:51:13","slug":"metaccaze","status":"publish","type":"page","link":"https:\/\/hclinear.hu\/hr\/o-nama-2\/metaccaze\/","title":{"rendered":"metaCCAZE"},"content":{"rendered":"<div class=\"wpb-content-wrapper\"><p>[vc_row row_height_percent=&#8221;0&#8243; override_padding=&#8221;yes&#8221; h_padding=&#8221;2&#8243; top_padding=&#8221;2&#8243; bottom_padding=&#8221;4&#8243; back_color=&#8221;color-bg-4&#8243; back_image=&#8221;773&#8243; back_image_auto=&#8221;yes&#8221; overlay_alpha=&#8221;50&#8243; gutter_size=&#8221;3&#8243; column_width_percent=&#8221;100&#8243; shift_y=&#8221;0&#8243; z_index=&#8221;4&#8243; top_divider=&#8221;step&#8221; bottom_divider=&#8221;step&#8221; uncode_shortcode_id=&#8221;141046&#8243; back_color_type=&#8221;uncode-palette&#8221; el_class=&#8221;cb-post-header header-metaworld&#8221;][vc_column column_width_percent=&#8221;55&#8243; position_vertical=&#8221;middle&#8221; align_horizontal=&#8221;align_center&#8221; gutter_size=&#8221;3&#8243; override_padding=&#8221;yes&#8221; column_padding=&#8221;2&#8243; style=&#8221;dark&#8221; overlay_alpha=&#8221;50&#8243; shift_x=&#8221;0&#8243; shift_y=&#8221;0&#8243; shift_y_down=&#8221;0&#8243; z_index=&#8221;5&#8243; medium_width=&#8221;0&#8243; mobile_width=&#8221;0&#8243; width=&#8221;1\/1&#8243; uncode_shortcode_id=&#8221;153177&#8243;][vc_single_image media=&#8221;774&#8243; media_width_use_pixel=&#8221;yes&#8221; alignment=&#8221;center&#8221; uncode_shortcode_id=&#8221;162520&#8243; media_width_pixel=&#8221;684&#8243;][\/vc_column][\/vc_row][vc_row row_height_percent=&#8221;0&#8243; override_padding=&#8221;yes&#8221; h_padding=&#8221;2&#8243; top_padding=&#8221;2&#8243; bottom_padding=&#8221;0&#8243; overlay_alpha=&#8221;50&#8243; gutter_size=&#8221;3&#8243; column_width_percent=&#8221;100&#8243; shift_y=&#8221;0&#8243; z_index=&#8221;6&#8243; uncode_shortcode_id=&#8221;211471&#8243; el_class=&#8221;section&#8211;header-offset-content header-right-blur&#8221;][vc_column column_width_percent=&#8221;100&#8243; position_vertical=&#8221;middle&#8221; gutter_size=&#8221;3&#8243; overlay_alpha=&#8221;50&#8243; shift_x=&#8221;0&#8243; shift_y=&#8221;0&#8243; shift_y_down=&#8221;0&#8243; z_index=&#8221;0&#8243; medium_width=&#8221;0&#8243; mobile_width=&#8221;0&#8243; width=&#8221;1\/1&#8243; uncode_shortcode_id=&#8221;646122&#8243;][vc_row_inner row_inner_height_percent=&#8221;0&#8243; overlay_alpha=&#8221;50&#8243; equal_height=&#8221;yes&#8221; gutter_size=&#8221;3&#8243; shift_y=&#8221;0&#8243; z_index=&#8221;10&#8243; limit_content=&#8221;&#8221; uncode_shortcode_id=&#8221;172811&#8243; el_class=&#8221;inner-content&#8221;][vc_column_inner column_width_percent=&#8221;100&#8243; position_vertical=&#8221;middle&#8221; align_horizontal=&#8221;align_center&#8221; gutter_size=&#8221;3&#8243; style=&#8221;dark&#8221; overlay_alpha=&#8221;50&#8243; shift_x=&#8221;0&#8243; shift_y=&#8221;0&#8243; shift_y_down=&#8221;0&#8243; z_index=&#8221;0&#8243; medium_width=&#8221;0&#8243; mobile_width=&#8221;0&#8243; width=&#8221;1\/1&#8243; uncode_shortcode_id=&#8221;152416&#8243; el_class=&#8221;content-left&#8221;][vc_button button_color=&#8221;color-xsdn&#8221; size=&#8221;btn-link&#8221; scale_mobile=&#8221;no&#8221; button_color_type=&#8221;uncode-palette&#8221; uncode_shortcode_id=&#8221;210385&#8243; el_class=&#8221;btn&#8211;secondary btn&#8211;secondary-dark&#8221; link=&#8221;url:https%3A%2F%2Fwww.metaccaze-project.eu%2F|target:_blank|rel:nofollow|&#8221;]Pridru\u017eite se projektu metaCCAZE[\/vc_button][\/vc_column_inner][\/vc_row_inner][vc_row_inner row_inner_height_percent=&#8221;0&#8243; overlay_alpha=&#8221;50&#8243; gutter_size=&#8221;3&#8243; shift_y=&#8221;0&#8243; z_index=&#8221;0&#8243; medium_visibility=&#8221;yes&#8221; mobile_visibility=&#8221;yes&#8221; limit_content=&#8221;&#8221; uncode_shortcode_id=&#8221;163999&#8243; el_class=&#8221;inner-bottom&#8221;][vc_column_inner column_width_percent=&#8221;100&#8243; position_vertical=&#8221;bottom&#8221; align_horizontal=&#8221;align_center&#8221; gutter_size=&#8221;3&#8243; back_color=&#8221;color-gbc&#8221; overlay_alpha=&#8221;50&#8243; shift_x=&#8221;0&#8243; shift_y=&#8221;0&#8243; shift_y_down=&#8221;0&#8243; z_index=&#8221;0&#8243; medium_width=&#8221;0&#8243; mobile_width=&#8221;0&#8243; width=&#8221;1\/1&#8243; uncode_shortcode_id=&#8221;154789&#8243; back_color_type=&#8221;uncode-palette&#8221;][\/vc_column_inner][\/vc_row_inner][\/vc_column][\/vc_row][vc_row unlock_row=&#8221;&#8221; row_height_percent=&#8221;0&#8243; override_padding=&#8221;yes&#8221; h_padding=&#8221;2&#8243; top_padding=&#8221;0&#8243; bottom_padding=&#8221;2&#8243; overlay_alpha=&#8221;50&#8243; gutter_size=&#8221;3&#8243; column_width_percent=&#8221;100&#8243; shift_y=&#8221;-3&#8243; z_index=&#8221;0&#8243; uncode_shortcode_id=&#8221;998883&#8243; el_class=&#8221;default-post&#8211;content&#8221;][vc_column column_width_percent=&#8221;100&#8243; gutter_size=&#8221;3&#8243; back_color=&#8221;color-gbc&#8221; overlay_alpha=&#8221;50&#8243; shift_x=&#8221;0&#8243; shift_y=&#8221;-4&#8243; shift_y_down=&#8221;-5&#8243; z_index=&#8221;5&#8243; medium_width=&#8221;0&#8243; mobile_width=&#8221;0&#8243; radius=&#8221;sm&#8221; width=&#8221;1\/1&#8243; uncode_shortcode_id=&#8221;192795&#8243; back_color_type=&#8221;uncode-palette&#8221;][vc_column_text uncode_shortcode_id=&#8221;950228&#8243;]HC Linear pridru\u017euje se projektu metaCCAZE za inovacije u urbanoj mobilnosti <br \/>HC Linear s ponosom najavljuje svoje sudjelovanje u projektu metaCCAZE, koji financira Horizon Europe. Zajedno s 43 druga partnera iz 13 europskih zemalja, uklju\u010duju\u0107i cijenjene subjekte kao \u0161to su Budimpe\u0161tansko sveu\u010dili\u0161te za tehnologiju i ekonomiju (BME) i Miskolci K\u00f6zleked\u00e9si V\u00e1llalat (MVK Zrt.) iz Ma\u0111arske, uzbu\u0111eni smo \u0161to mo\u017eemo oblikovati budu\u0107nost pametne urbane mobilnosti tijekom sljede\u0107eg pet godina.[\/vc_column_text][vc_single_image media=&#8221;767&#8243; media_width_percent=&#8221;100&#8243; shape=&#8221;img-round&#8221; advanced=&#8221;yes&#8221; media_items=&#8221;media|original,caption&#8221; media_overlay_opacity=&#8221;50&#8243; media_overlay_anim=&#8221;no&#8221; media_text_visible=&#8221;yes&#8221; media_text_anim=&#8221;no&#8221; media_image_anim=&#8221;no&#8221; media_v_position=&#8221;bottom&#8221; media_padding=&#8221;2&#8243; uncode_shortcode_id=&#8221;539131&#8243; el_class=&#8221;image-with-quote&#8221;][vc_column_text uncode_shortcode_id=&#8221;378591&#8243;]Cilj projekta metaCCAZE je ubrzati korisni\u010dki orijentiranu primjenu pametnih sustava i promovirati elektri\u010dnu, automatiziranu i povezanu mobilnost, zajedno s povezanim infrastrukturnim rje\u0161enjima u europskim gradovima. Uskla\u0111uju\u0107i se s klju\u010dnim EU inicijativama kao \u0161to su Zeleni plan, 2ZERO, CCAM, Misija klimatski neutralnih pametnih gradova i drugim strate\u0161kim partnerstvima, metaCCAZE nastoji potaknuti gradove u eru zelene metamobilnosti. S obzirom da je promet zna\u010dajan izvor emisije stakleni\u010dkih plinova, projekt ima ambiciozne ciljeve, uklju\u010duju\u0107i smanjenje emisija vezanih uz promet za 90% do 2050. godine i uvo\u0111enje najmanje 30 milijuna automobila bez emisija na europske ceste.[\/vc_column_text][vc_single_image media=&#8221;768&#8243; media_width_percent=&#8221;100&#8243; shape=&#8221;img-round&#8221; advanced=&#8221;yes&#8221; media_items=&#8221;media|original,caption&#8221; media_overlay_opacity=&#8221;50&#8243; media_overlay_anim=&#8221;no&#8221; media_text_visible=&#8221;yes&#8221; media_text_anim=&#8221;no&#8221; media_image_anim=&#8221;no&#8221; media_v_position=&#8221;bottom&#8221; media_padding=&#8221;2&#8243; uncode_shortcode_id=&#8221;380158&#8243; el_class=&#8221;image-with-quote&#8221;][vc_column_text uncode_shortcode_id=&#8221;105589&#8243;]U tvrtki HC Linear, na\u0161e sudjelovanje u projektu metaCCAZE nagla\u0161ava na\u0161u predanost inovacijama i odr\u017eivosti. Posve\u0107eni smo razvoju najnovijih tehnologija i sustava koji \u0107e revolucionirati pametnu mobilnost i doprinijeti zelenijoj, odr\u017eivijoj budu\u0107nosti. Po\u010dastvovani smo \u0161to smo dio ovog zajedni\u010dkog napora koji okuplja sudionike iz 13 zemalja, oblikuju\u0107i budu\u0107nost pametne mobilnosti u Europi i \u0161ire.[\/vc_column_text][vc_empty_space empty_h=&#8221;2&#8243;][\/vc_column][\/vc_row][vc_row row_height_percent=&#8221;0&#8243; back_color=&#8221;color-162048&#8243; overlay_alpha=&#8221;50&#8243; gutter_size=&#8221;3&#8243; column_width_percent=&#8221;100&#8243; shift_y=&#8221;0&#8243; z_index=&#8221;0&#8243; uncode_shortcode_id=&#8221;146395&#8243; back_color_type=&#8221;uncode-palette&#8221; el_class=&#8221;meta-map&#8221;][vc_column column_width_percent=&#8221;100&#8243; position_vertical=&#8221;middle&#8221; align_horizontal=&#8221;align_center&#8221; gutter_size=&#8221;3&#8243; expand_height=&#8221;yes&#8221; overlay_alpha=&#8221;50&#8243; shift_x=&#8221;0&#8243; shift_y=&#8221;0&#8243; shift_y_down=&#8221;0&#8243; z_index=&#8221;0&#8243; medium_width=&#8221;0&#8243; mobile_width=&#8221;0&#8243; width=&#8221;1\/1&#8243; uncode_shortcode_id=&#8221;164375&#8243; mobile_height=&#8221;400&#8243;][vc_empty_space empty_h=&#8221;4&#8243; medium_visibility=&#8221;yes&#8221; mobile_visibility=&#8221;yes&#8221;][vc_custom_heading uncode_shortcode_id=&#8221;222278&#8243; el_class=&#8221;metaworld-title&#8221;]metaCCAZE u svijetu[\/vc_custom_heading][vc_single_image media=&#8221;782&#8243; media_width_percent=&#8221;100&#8243; uncode_shortcode_id=&#8221;764923&#8243;][vc_button button_color=&#8221;color-jevc&#8221; size=&#8221;btn-link&#8221; scale_mobile=&#8221;no&#8221; button_color_type=&#8221;uncode-palette&#8221; uncode_shortcode_id=&#8221;128569&#8243; el_class=&#8221;btn&#8211;secondary&#8221; link=&#8221;url:https%3A%2F%2Fwww.metaccaze-project.eu%2F|target:_blank|rel:nofollow|&#8221;]Pridru\u017eite se projektu metaCCAZE[\/vc_button][vc_empty_space empty_h=&#8221;3&#8243;][\/vc_column][\/vc_row]<\/p>\n<\/div>","protected":false},"excerpt":{"rendered":"<p>[vc_row row_height_percent=&#8221;0&#8243; override_padding=&#8221;yes&#8221; h_padding=&#8221;2&#8243; top_padding=&#8221;2&#8243; bottom_padding=&#8221;4&#8243; back_color=&#8221;color-bg-4&#8243; back_image=&#8221;773&#8243; back_image_auto=&#8221;yes&#8221; overlay_alpha=&#8221;50&#8243; gutter_size=&#8221;3&#8243; column_width_percent=&#8221;100&#8243; shift_y=&#8221;0&#8243; z_index=&#8221;4&#8243; top_divider=&#8221;step&#8221; bottom_divider=&#8221;step&#8221; uncode_shortcode_id=&#8221;141046&#8243; back_color_type=&#8221;uncode-palette&#8221; el_class=&#8221;cb-post-header header-metaworld&#8221;][vc_column [&hellip;]<\/p>\n","protected":false},"author":1,"featured_media":0,"parent":6675,"menu_order":0,"comment_status":"closed","ping_status":"closed","template":"","meta":{"_acf_changed":false,"_seopress_robots_primary_cat":"","_seopress_titles_title":"","_seopress_titles_desc":"","_seopress_robots_index":"","footnotes":""},"class_list":["post-5546","page","type-page","status-publish","hentry"],"acf":[],"_links":{"self":[{"href":"https:\/\/hclinear.hu\/hr\/wp-json\/wp\/v2\/pages\/5546","targetHints":{"allow":["GET"]}}],"collection":[{"href":"https:\/\/hclinear.hu\/hr\/wp-json\/wp\/v2\/pages"}],"about":[{"href":"https:\/\/hclinear.hu\/hr\/wp-json\/wp\/v2\/types\/page"}],"author":[{"embeddable":true,"href":"https:\/\/hclinear.hu\/hr\/wp-json\/wp\/v2\/users\/1"}],"replies":[{"embeddable":true,"href":"https:\/\/hclinear.hu\/hr\/wp-json\/wp\/v2\/comments?post=5546"}],"version-history":[{"count":5,"href":"https:\/\/hclinear.hu\/hr\/wp-json\/wp\/v2\/pages\/5546\/revisions"}],"predecessor-version":[{"id":5956,"href":"https:\/\/hclinear.hu\/hr\/wp-json\/wp\/v2\/pages\/5546\/revisions\/5956"}],"up":[{"embeddable":true,"href":"https:\/\/hclinear.hu\/hr\/wp-json\/wp\/v2\/pages\/6675"}],"wp:attachment":[{"href":"https:\/\/hclinear.hu\/hr\/wp-json\/wp\/v2\/media?parent=5546"}],"curies":[{"name":"wp","href":"https:\/\/api.w.org\/{rel}","templated":true}]}}