{"id":5559,"date":"2024-03-23T11:49:58","date_gmt":"2024-03-23T10:49:58","guid":{"rendered":"https:\/\/hclinear.hu\/o-nama\/"},"modified":"2026-01-09T07:46:53","modified_gmt":"2026-01-09T06:46:53","slug":"o-nama","status":"publish","type":"page","link":"https:\/\/hclinear.hu\/hr\/o-nama-2\/o-nama\/","title":{"rendered":"Tko smo mi?"},"content":{"rendered":"<div class=\"wpb-content-wrapper\"><p>[vc_row row_height_percent=&#8221;0&#8243; back_color=&#8221;color-bg-4&#8243; back_image=&#8221;184&#8243; overlay_alpha=&#8221;50&#8243; gutter_size=&#8221;3&#8243; column_width_percent=&#8221;100&#8243; shift_y=&#8221;0&#8243; z_index=&#8221;5&#8243; enable_bottom_divider=&#8221;custom&#8221; shape_bottom_custom=&#8221;174&#8243; shape_bottom_h_use_pixel=&#8221;&#8221; shape_bottom_height=&#8221;150&#8243; shape_bottom_color=&#8221;color-gbc&#8221; shape_bottom_opacity=&#8221;100&#8243; shape_bottom_index=&#8221;0&#8243; uncode_shortcode_id=&#8221;195602&#8243; back_color_type=&#8221;uncode-palette&#8221; el_class=&#8221;hcl-image-effect page-header-large divider-use-lines&#8221; shape_bottom_color_type=&#8221;uncode-palette&#8221;][vc_column column_width_percent=&#8221;100&#8243; position_vertical=&#8221;middle&#8221; align_horizontal=&#8221;align_center&#8221; gutter_size=&#8221;3&#8243; style=&#8221;dark&#8221; overlay_alpha=&#8221;50&#8243; shift_x=&#8221;0&#8243; shift_y=&#8221;0&#8243; shift_y_down=&#8221;0&#8243; z_index=&#8221;0&#8243; medium_width=&#8221;0&#8243; mobile_width=&#8221;0&#8243; width=&#8221;1\/1&#8243; uncode_shortcode_id=&#8221;175903&#8243;][vc_column_text text_lead=&#8221;small&#8221; uncode_shortcode_id=&#8221;825400&#8243; text_color_type=&#8221;uncode-solid&#8221; text_color_solid=&#8221;rgba(255,255,255,0.4)&#8221; el_class=&#8221;label-large&#8221;]O nama[\/vc_column_text][vc_custom_heading text_size=&#8221;fontsize-80&#8243; text_weight=&#8221;800&#8243; uncode_shortcode_id=&#8221;867047&#8243; el_class=&#8221;gradient-header&#8221;]Centar <strong>inovacija.<\/strong>[\/vc_custom_heading][\/vc_column][\/vc_row][vc_row row_height_percent=&#8221;0&#8243; override_padding=&#8221;yes&#8221; h_padding=&#8221;2&#8243; top_padding=&#8221;0&#8243; bottom_padding=&#8221;2&#8243; overlay_alpha=&#8221;50&#8243; gutter_size=&#8221;3&#8243; column_width_percent=&#8221;100&#8243; shift_y=&#8221;0&#8243; z_index=&#8221;7&#8243; uncode_shortcode_id=&#8221;672387&#8243; el_class=&#8221;who-we-are-top-images&#8221;][vc_column column_width_percent=&#8221;100&#8243; gutter_size=&#8221;2&#8243; overlay_alpha=&#8221;50&#8243; shift_x=&#8221;0&#8243; shift_y=&#8221;-2&#8243; shift_y_fixed=&#8221;yes&#8221; shift_y_down=&#8221;0&#8243; z_index=&#8221;0&#8243; medium_width=&#8221;0&#8243; mobile_width=&#8221;0&#8243; width=&#8221;1\/1&#8243; uncode_shortcode_id=&#8221;527367&#8243;][vc_row_inner limit_content=&#8221;&#8221;][vc_column_inner column_width_percent=&#8221;100&#8243; gutter_size=&#8221;3&#8243; overlay_alpha=&#8221;50&#8243; shift_x=&#8221;0&#8243; shift_y=&#8221;0&#8243; shift_y_down=&#8221;0&#8243; z_index=&#8221;0&#8243; medium_width=&#8221;4&#8243; mobile_width=&#8221;0&#8243; width=&#8221;1\/2&#8243; uncode_shortcode_id=&#8221;125605&#8243;][vc_single_image media=&#8221;1525&#8243; media_width_percent=&#8221;100&#8243; media_ratio=&#8221;five-four&#8221; shape=&#8221;img-round&#8221; uncode_shortcode_id=&#8221;135689&#8243;][vc_single_image media=&#8221;1527&#8243; media_width_percent=&#8221;100&#8243; media_ratio=&#8221;five-four&#8221; shape=&#8221;img-round&#8221; uncode_shortcode_id=&#8221;231471&#8243;][\/vc_column_inner][vc_column_inner column_width_percent=&#8221;100&#8243; position_vertical=&#8221;middle&#8221; gutter_size=&#8221;3&#8243; overlay_alpha=&#8221;50&#8243; shift_x=&#8221;0&#8243; shift_y=&#8221;0&#8243; shift_y_down=&#8221;0&#8243; z_index=&#8221;0&#8243; medium_width=&#8221;4&#8243; mobile_width=&#8221;0&#8243; width=&#8221;1\/2&#8243; uncode_shortcode_id=&#8221;131522&#8243; el_class=&#8221;right-side&#8221;][vc_single_image media=&#8221;1526&#8243; media_width_percent=&#8221;100&#8243; media_ratio=&#8221;five-four&#8221; shape=&#8221;img-round&#8221; uncode_shortcode_id=&#8221;174656&#8243;][\/vc_column_inner][\/vc_row_inner][\/vc_column][\/vc_row][vc_row row_height_percent=&#8221;0&#8243; override_padding=&#8221;yes&#8221; h_padding=&#8221;2&#8243; top_padding=&#8221;2&#8243; bottom_padding=&#8221;2&#8243; overlay_alpha=&#8221;50&#8243; gutter_size=&#8221;3&#8243; column_width_percent=&#8221;100&#8243; shift_y=&#8221;0&#8243; z_index=&#8221;0&#8243; uncode_shortcode_id=&#8221;100652&#8243;][vc_column column_width_percent=&#8221;90&#8243; gutter_size=&#8221;3&#8243; overlay_alpha=&#8221;50&#8243; shift_x=&#8221;0&#8243; shift_y=&#8221;0&#8243; shift_y_down=&#8221;0&#8243; z_index=&#8221;0&#8243; medium_width=&#8221;0&#8243; mobile_width=&#8221;0&#8243; width=&#8221;1\/1&#8243; uncode_shortcode_id=&#8221;186415&#8243;][vc_custom_heading text_size=&#8221;fontsize-60&#8243; text_weight=&#8221;800&#8243; uncode_shortcode_id=&#8221;185995&#8243; el_class=&#8221;gradient-header&#8221;]HC Linear, <strong>tvornica rje\u0161enja<\/strong>[\/vc_custom_heading][vc_column_text uncode_shortcode_id=&#8221;180139&#8243; el_class=&#8221;quote&#8221;]<\/p>\n<blockquote><p>Poduze\u0107e HC Linear krenulo je s jednostavnim, ali dubokim ciljem: tra\u017eiti digitalna rje\u0161enja za najhitnija pitanja budu\u0107nosti. Vo\u0111eni ovom vizijom, postali smo centar inovacija, oblikuju\u0107i industrijsku elektroniku, razvoj softvera i integraciju sustava. Po\u010deli smo skromno kao mala tvrtka, a danas smo srednje velika tvrtka vo\u0111ena principima svjesne izgradnje poduze\u0107a i odr\u017eivog razvoja.<\/p><\/blockquote>\n<p>[\/vc_column_text][\/vc_column][\/vc_row][vc_row row_height_percent=&#8221;0&#8243; overlay_alpha=&#8221;50&#8243; gutter_size=&#8221;3&#8243; column_width_percent=&#8221;100&#8243; shift_y=&#8221;0&#8243; z_index=&#8221;0&#8243; uncode_shortcode_id=&#8221;191382&#8243; el_class=&#8221;who-we-are&#8211;page-usp&#8221;][vc_column column_width_percent=&#8221;90&#8243; gutter_size=&#8221;2&#8243; overlay_alpha=&#8221;50&#8243; shift_x=&#8221;0&#8243; shift_y=&#8221;0&#8243; shift_y_down=&#8221;0&#8243; z_index=&#8221;0&#8243; medium_width=&#8221;0&#8243; mobile_width=&#8221;0&#8243; width=&#8221;1\/1&#8243; uncode_shortcode_id=&#8221;191920&#8243;][vc_row_inner row_inner_height_percent=&#8221;0&#8243; overlay_alpha=&#8221;50&#8243; equal_height=&#8221;yes&#8221; gutter_size=&#8221;2&#8243; shift_y=&#8221;0&#8243; z_index=&#8221;0&#8243; limit_content=&#8221;&#8221; uncode_shortcode_id=&#8221;660458&#8243;][vc_column_inner column_width_percent=&#8221;100&#8243; position_vertical=&#8221;middle&#8221; gutter_size=&#8221;3&#8243; back_color=&#8221;color-xsdn&#8221; overlay_alpha=&#8221;50&#8243; shift_x=&#8221;0&#8243; shift_y=&#8221;0&#8243; shift_y_down=&#8221;0&#8243; z_index=&#8221;0&#8243; medium_width=&#8221;4&#8243; mobile_width=&#8221;0&#8243; radius=&#8221;sm&#8221; width=&#8221;1\/2&#8243; uncode_shortcode_id=&#8221;775082&#8243; back_color_type=&#8221;uncode-palette&#8221;][vc_icon position=&#8221;left&#8221; space_reduced=&#8221;yes&#8221; icon_image=&#8221;1531&#8243; heading_semantic=&#8221;h6&#8243; text_size=&#8221;h6&#8243; uncode_shortcode_id=&#8221;408011&#8243; title=&#8221;Osnovano: 1990.&#8221;][\/vc_icon][\/vc_column_inner][vc_column_inner column_width_percent=&#8221;100&#8243; position_vertical=&#8221;middle&#8221; gutter_size=&#8221;3&#8243; back_color=&#8221;color-xsdn&#8221; overlay_alpha=&#8221;50&#8243; shift_x=&#8221;0&#8243; shift_y=&#8221;0&#8243; shift_y_down=&#8221;0&#8243; z_index=&#8221;0&#8243; medium_width=&#8221;4&#8243; mobile_width=&#8221;0&#8243; radius=&#8221;sm&#8221; width=&#8221;1\/2&#8243; uncode_shortcode_id=&#8221;825403&#8243; back_color_type=&#8221;uncode-palette&#8221;][vc_icon position=&#8221;left&#8221; space_reduced=&#8221;yes&#8221; icon_image=&#8221;1636&#8243; heading_semantic=&#8221;h6&#8243; text_size=&#8221;h6&#8243; uncode_shortcode_id=&#8221;962053&#8243; title=&#8221;Financijski stabilno (AAA)&#8221;][\/vc_icon][\/vc_column_inner][\/vc_row_inner][vc_row_inner row_inner_height_percent=&#8221;0&#8243; overlay_alpha=&#8221;50&#8243; equal_height=&#8221;yes&#8221; gutter_size=&#8221;2&#8243; shift_y=&#8221;0&#8243; z_index=&#8221;0&#8243; limit_content=&#8221;&#8221; uncode_shortcode_id=&#8221;660458&#8243;][vc_column_inner column_width_percent=&#8221;100&#8243; position_vertical=&#8221;middle&#8221; gutter_size=&#8221;3&#8243; back_color=&#8221;color-xsdn&#8221; overlay_alpha=&#8221;50&#8243; shift_x=&#8221;0&#8243; shift_y=&#8221;0&#8243; shift_y_down=&#8221;0&#8243; z_index=&#8221;0&#8243; medium_width=&#8221;4&#8243; mobile_width=&#8221;0&#8243; radius=&#8221;sm&#8221; width=&#8221;1\/2&#8243; uncode_shortcode_id=&#8221;153155&#8243; back_color_type=&#8221;uncode-palette&#8221;][vc_icon position=&#8221;left&#8221; space_reduced=&#8221;yes&#8221; icon_image=&#8221;1637&#8243; heading_semantic=&#8221;h6&#8243; text_size=&#8221;h6&#8243; uncode_shortcode_id=&#8221;167865&#8243; title=&#8221;100% obiteljski posjed, neovisna tvrtka&#8221;][\/vc_icon][\/vc_column_inner][vc_column_inner column_width_percent=&#8221;100&#8243; position_vertical=&#8221;middle&#8221; gutter_size=&#8221;3&#8243; back_color=&#8221;color-xsdn&#8221; overlay_alpha=&#8221;50&#8243; shift_x=&#8221;0&#8243; shift_y=&#8221;0&#8243; shift_y_down=&#8221;0&#8243; z_index=&#8221;0&#8243; medium_width=&#8221;4&#8243; mobile_width=&#8221;0&#8243; radius=&#8221;sm&#8221; width=&#8221;1\/2&#8243; uncode_shortcode_id=&#8221;207220&#8243; back_color_type=&#8221;uncode-palette&#8221;][vc_icon position=&#8221;left&#8221; space_reduced=&#8221;yes&#8221; icon_image=&#8221;1638&#8243; heading_semantic=&#8221;h6&#8243; text_size=&#8221;h6&#8243; uncode_shortcode_id=&#8221;662956&#8243; title=&#8221;Vi\u0161e od 1000 razvijenih proizvoda&#8221;][\/vc_icon][\/vc_column_inner][\/vc_row_inner][vc_row_inner row_inner_height_percent=&#8221;0&#8243; overlay_alpha=&#8221;50&#8243; equal_height=&#8221;yes&#8221; gutter_size=&#8221;2&#8243; shift_y=&#8221;0&#8243; z_index=&#8221;0&#8243; limit_content=&#8221;&#8221; uncode_shortcode_id=&#8221;660458&#8243;][vc_column_inner column_width_percent=&#8221;100&#8243; position_vertical=&#8221;middle&#8221; gutter_size=&#8221;3&#8243; back_color=&#8221;color-xsdn&#8221; overlay_alpha=&#8221;50&#8243; shift_x=&#8221;0&#8243; shift_y=&#8221;0&#8243; shift_y_down=&#8221;0&#8243; z_index=&#8221;0&#8243; medium_width=&#8221;4&#8243; mobile_width=&#8221;0&#8243; radius=&#8221;sm&#8221; width=&#8221;1\/2&#8243; uncode_shortcode_id=&#8221;831720&#8243; back_color_type=&#8221;uncode-palette&#8221;][vc_icon position=&#8221;left&#8221; space_reduced=&#8221;yes&#8221; icon_image=&#8221;1532&#8243; heading_semantic=&#8221;h6&#8243; text_size=&#8221;h6&#8243; uncode_shortcode_id=&#8221;886154&#8243; title=&#8221;Vlastiti razvoj i proizvodnja&#8221;][\/vc_icon][\/vc_column_inner][vc_column_inner column_width_percent=&#8221;100&#8243; position_vertical=&#8221;middle&#8221; gutter_size=&#8221;3&#8243; back_color=&#8221;color-xsdn&#8221; overlay_alpha=&#8221;50&#8243; shift_x=&#8221;0&#8243; shift_y=&#8221;0&#8243; shift_y_down=&#8221;0&#8243; z_index=&#8221;0&#8243; medium_width=&#8221;4&#8243; mobile_width=&#8221;0&#8243; radius=&#8221;sm&#8221; width=&#8221;1\/2&#8243; uncode_shortcode_id=&#8221;156925&#8243; back_color_type=&#8221;uncode-palette&#8221;][vc_icon position=&#8221;left&#8221; space_reduced=&#8221;yes&#8221; icon_image=&#8221;1536&#8243; heading_semantic=&#8221;h6&#8243; text_size=&#8221;h6&#8243; uncode_shortcode_id=&#8221;791227&#8243; title=&#8221;Odr\u017eiva podr\u0161ka&#8221;][\/vc_icon][\/vc_column_inner][\/vc_row_inner][\/vc_column][\/vc_row][vc_row row_height_percent=&#8221;0&#8243; override_padding=&#8221;yes&#8221; h_padding=&#8221;2&#8243; top_padding=&#8221;2&#8243; bottom_padding=&#8221;0&#8243; overlay_alpha=&#8221;50&#8243; gutter_size=&#8221;3&#8243; column_width_percent=&#8221;100&#8243; shift_y=&#8221;0&#8243; z_index=&#8221;2&#8243; uncode_shortcode_id=&#8221;288059&#8243; el_class=&#8221;who-we-are-location-image content-divider-center&#8221;][vc_column column_width_percent=&#8221;100&#8243; position_vertical=&#8221;middle&#8221; align_horizontal=&#8221;align_center&#8221; gutter_size=&#8221;3&#8243; overlay_alpha=&#8221;50&#8243; shift_x=&#8221;0&#8243; shift_y=&#8221;0&#8243; shift_y_down=&#8221;0&#8243; z_index=&#8221;0&#8243; medium_width=&#8221;0&#8243; align_mobile=&#8221;align_center_mobile&#8221; mobile_width=&#8221;0&#8243; width=&#8221;1\/1&#8243; uncode_shortcode_id=&#8221;994052&#8243;][vc_row_inner limit_content=&#8221;&#8221;][vc_column_inner column_width_percent=&#8221;100&#8243; gutter_size=&#8221;3&#8243; override_padding=&#8221;yes&#8221; column_padding=&#8221;0&#8243; overlay_alpha=&#8221;50&#8243; shift_x=&#8221;0&#8243; shift_y=&#8221;0&#8243; shift_y_down=&#8221;0&#8243; z_index=&#8221;3&#8243; medium_width=&#8221;0&#8243; mobile_width=&#8221;0&#8243; width=&#8221;1\/1&#8243; uncode_shortcode_id=&#8221;118345&#8243;][vc_single_image media=&#8221;4611&#8243; media_width_percent=&#8221;100&#8243; shape=&#8221;img-round&#8221; advanced=&#8221;yes&#8221; media_items=&#8221;media|original,description&#8221; media_overlay_opacity=&#8221;50&#8243; media_overlay_anim=&#8221;no&#8221; media_text_visible=&#8221;yes&#8221; media_text_anim=&#8221;no&#8221; media_image_anim=&#8221;no&#8221; media_reduced=&#8221;three_quarter&#8221; media_padding=&#8221;3&#8243; media_title_dimension=&#8221;fontsize-60&#8243; text_lead=&#8221;yes&#8221; uncode_shortcode_id=&#8221;607631&#8243; el_class=&#8221;extra-width-image&#8221;][\/vc_column_inner][\/vc_row_inner][\/vc_column][\/vc_row][vc_row row_height_percent=&#8221;0&#8243; override_padding=&#8221;yes&#8221; h_padding=&#8221;2&#8243; top_padding=&#8221;2&#8243; bottom_padding=&#8221;3&#8243; back_color=&#8221;color-162048&#8243; overlay_alpha=&#8221;50&#8243; gutter_size=&#8221;3&#8243; column_width_percent=&#8221;100&#8243; shift_y=&#8221;0&#8243; z_index=&#8221;0&#8243; enable_top_divider=&#8221;custom&#8221; shape_top_custom=&#8221;174&#8243; shape_top_h_use_pixel=&#8221;&#8221; shape_top_height=&#8221;160&#8243; shape_top_color=&#8221;color-xsdn&#8221; shape_top_opacity=&#8221;100&#8243; shape_top_safe=&#8221;yes&#8221; shape_top_index=&#8221;0&#8243; uncode_shortcode_id=&#8221;554841&#8243; back_color_type=&#8221;uncode-palette&#8221; shape_top_color_type=&#8221;uncode-palette&#8221; el_class=&#8221;who-we-are-location-blocks&#8221;][vc_column column_width_percent=&#8221;100&#8243; align_horizontal=&#8221;align_center&#8221; gutter_size=&#8221;3&#8243; overlay_alpha=&#8221;50&#8243; shift_x=&#8221;0&#8243; shift_y=&#8221;0&#8243; shift_y_down=&#8221;0&#8243; z_index=&#8221;0&#8243; medium_width=&#8221;0&#8243; mobile_width=&#8221;0&#8243; width=&#8221;1\/1&#8243;][vc_row_inner row_inner_height_percent=&#8221;0&#8243; overlay_alpha=&#8221;50&#8243; equal_height=&#8221;yes&#8221; gutter_size=&#8221;2&#8243; shift_y=&#8221;0&#8243; shift_y_fixed=&#8221;yes&#8221; z_index=&#8221;5&#8243; limit_content=&#8221;&#8221; uncode_shortcode_id=&#8221;195697&#8243;][vc_column_inner column_width_percent=&#8221;100&#8243; position_vertical=&#8221;middle&#8221; gutter_size=&#8221;3&#8243; back_color=&#8221;color-xsdn&#8221; overlay_alpha=&#8221;50&#8243; shift_x=&#8221;0&#8243; shift_y=&#8221;0&#8243; shift_y_down=&#8221;0&#8243; z_index=&#8221;5&#8243; medium_width=&#8221;3&#8243; mobile_width=&#8221;0&#8243; radius=&#8221;sm&#8221; width=&#8221;1\/3&#8243; uncode_shortcode_id=&#8221;900523&#8243; back_color_type=&#8221;uncode-palette&#8221;][vc_icon icon_image=&#8221;7821&#8243; heading_semantic=&#8221;h4&#8243; text_size=&#8221;h4&#8243; uncode_shortcode_id=&#8221;901923&#8243; title=&#8221;Vi\u0161e od 35 godina stru\u010dnosti&#8221;][\/vc_icon][\/vc_column_inner][vc_column_inner column_width_percent=&#8221;100&#8243; position_vertical=&#8221;middle&#8221; gutter_size=&#8221;3&#8243; back_color=&#8221;color-xsdn&#8221; overlay_alpha=&#8221;50&#8243; shift_x=&#8221;0&#8243; shift_y=&#8221;0&#8243; shift_y_down=&#8221;0&#8243; z_index=&#8221;5&#8243; medium_width=&#8221;3&#8243; mobile_width=&#8221;0&#8243; radius=&#8221;sm&#8221; width=&#8221;1\/3&#8243; uncode_shortcode_id=&#8221;201534&#8243; back_color_type=&#8221;uncode-palette&#8221;][vc_icon icon_image=&#8221;1556&#8243; heading_semantic=&#8221;h4&#8243; text_size=&#8221;h4&#8243; uncode_shortcode_id=&#8221;180919&#8243; title=&#8221;2000 m2 + Istra\u017eivanje i razvoj na vi\u0161e od 2000 \u010detvornih metara&#8221;][\/vc_icon][\/vc_column_inner][vc_column_inner column_width_percent=&#8221;100&#8243; gutter_size=&#8221;3&#8243; back_color=&#8221;color-xsdn&#8221; overlay_alpha=&#8221;50&#8243; shift_x=&#8221;0&#8243; shift_y=&#8221;0&#8243; shift_y_down=&#8221;0&#8243; z_index=&#8221;5&#8243; medium_width=&#8221;3&#8243; mobile_width=&#8221;0&#8243; radius=&#8221;sm&#8221; width=&#8221;1\/3&#8243; uncode_shortcode_id=&#8221;160539&#8243; back_color_type=&#8221;uncode-palette&#8221;][vc_icon icon_image=&#8221;1555&#8243; heading_semantic=&#8221;h4&#8243; text_size=&#8221;h4&#8243; uncode_shortcode_id=&#8221;595082&#8243; title=&#8221;3 milijuna + vi\u0161e od 3 milijuna ljudi koristi dnevno&#8221;][\/vc_icon][\/vc_column_inner][\/vc_row_inner][vc_row_inner limit_content=&#8221;&#8221;][vc_column_inner column_width_use_pixel=&#8221;yes&#8221; gutter_size=&#8221;3&#8243; overlay_alpha=&#8221;50&#8243; shift_x=&#8221;0&#8243; shift_y=&#8221;0&#8243; shift_y_down=&#8221;0&#8243; z_index=&#8221;0&#8243; medium_width=&#8221;0&#8243; mobile_width=&#8221;0&#8243; width=&#8221;1\/1&#8243; uncode_shortcode_id=&#8221;204213&#8243; column_width_pixel=&#8221;680&#8243;][vc_empty_space empty_h=&#8221;3&#8243; medium_visibility=&#8221;yes&#8221; mobile_visibility=&#8221;yes&#8221;][vc_column_text uncode_shortcode_id=&#8221;185122&#8243; text_color_type=&#8221;uncode-solid&#8221; text_color_solid=&#8221;rgba(35,43,59,0.72)&#8221;]Na\u0161e sjedi\u0161te smje\u0161teno je u gradu Pe\u010duh u Ma\u0111arskoj, gdje se inovacija susre\u0107e s rje\u0161enjima u srcu Europe. Osnovani 1990. godine, kao 100% obiteljski posjedovana, neovisna tvrtka, vodimo vi\u0161e od tri desetlje\u0107a iskustva u pionirskim rje\u0161enjima za istra\u017eivanje i razvoj u elektronici i softveru.[\/vc_column_text][\/vc_column_inner][\/vc_row_inner][\/vc_column][\/vc_row][vc_row row_height_percent=&#8221;0&#8243; override_padding=&#8221;yes&#8221; h_padding=&#8221;2&#8243; top_padding=&#8221;3&#8243; bottom_padding=&#8221;2&#8243; overlay_alpha=&#8221;50&#8243; gutter_size=&#8221;3&#8243; column_width_percent=&#8221;100&#8243; shift_y=&#8221;0&#8243; z_index=&#8221;0&#8243; uncode_shortcode_id=&#8221;122098&#8243;][vc_column width=&#8221;1\/1&#8243;][vc_single_image media=&#8221;1545&#8243; media_width_percent=&#8221;100&#8243; shape=&#8221;img-round&#8221; uncode_shortcode_id=&#8221;813551&#8243;][\/vc_column][\/vc_row][vc_row row_height_percent=&#8221;0&#8243; override_padding=&#8221;yes&#8221; h_padding=&#8221;4&#8243; top_padding=&#8221;2&#8243; bottom_padding=&#8221;3&#8243; overlay_alpha=&#8221;50&#8243; gutter_size=&#8221;3&#8243; column_width_percent=&#8221;100&#8243; shift_y=&#8221;0&#8243; z_index=&#8221;0&#8243; uncode_shortcode_id=&#8221;164006&#8243;][vc_column column_width_percent=&#8221;90&#8243; gutter_size=&#8221;3&#8243; overlay_alpha=&#8221;50&#8243; shift_x=&#8221;0&#8243; shift_y=&#8221;0&#8243; shift_y_down=&#8221;0&#8243; z_index=&#8221;0&#8243; medium_width=&#8221;0&#8243; mobile_width=&#8221;0&#8243; width=&#8221;1\/1&#8243; uncode_shortcode_id=&#8221;118377&#8243;][vc_custom_heading text_size=&#8221;fontsize-60&#8243; text_weight=&#8221;800&#8243; uncode_shortcode_id=&#8221;202102&#8243; el_class=&#8221;gradient-header&#8221;]Sve je to <strong>o timu<\/strong>[\/vc_custom_heading][vc_column_text uncode_shortcode_id=&#8221;196769&#8243; el_class=&#8221;quote&#8221;]<\/p>\n<blockquote><p>Na\u0161 tim, sastavi se od posve\u0107enih in\u017eenjera i stru\u010dnjaka, specijaliziran je za dizajn i proizvodnju industrijske elektronike, softvera i sustava, koriste\u0107i najnovije tehnologije. Pokrivamo cijeli proces, od izrade prototipova do serijske proizvodnje, osiguravaju\u0107i besprijekornu kvalitetu i pouzdanost u svakom proizvodu koji isporu\u010dujemo. Na\u0161a uspje\u0161na pri\u010da svjedo\u010di o predanosti na\u0161eg tima, koju podupiru desetlje\u0107a iskustva, stabilna financijska osnova i poslovna perspektiva usmjerena u budu\u0107nost.<\/p><\/blockquote>\n<p>[\/vc_column_text][\/vc_column][\/vc_row][vc_row row_height_percent=&#8221;0&#8243; override_padding=&#8221;yes&#8221; h_padding=&#8221;2&#8243; top_padding=&#8221;3&#8243; bottom_padding=&#8221;0&#8243; overlay_alpha=&#8221;50&#8243; gutter_size=&#8221;3&#8243; column_width_percent=&#8221;100&#8243; shift_y=&#8221;0&#8243; z_index=&#8221;0&#8243; uncode_shortcode_id=&#8221;164502&#8243; el_class=&#8221;default&#8211;tabs&#8221; row_name=&#8221;transport-system&#8221;][vc_column column_width_percent=&#8221;80&#8243; gutter_size=&#8221;3&#8243; override_padding=&#8221;yes&#8221; column_padding=&#8221;3&#8243; back_color=&#8221;color-gbc&#8221; overlay_alpha=&#8221;50&#8243; shift_x=&#8221;0&#8243; shift_y=&#8221;0&#8243; shift_y_down=&#8221;-3&#8243; z_index=&#8221;3&#8243; medium_width=&#8221;0&#8243; mobile_width=&#8221;0&#8243; radius=&#8221;sm&#8221; width=&#8221;1\/1&#8243; uncode_shortcode_id=&#8221;889164&#8243; back_color_type=&#8221;uncode-palette&#8221;][vc_custom_heading text_size=&#8221;fontsize-60&#8243; text_weight=&#8221;800&#8243; uncode_shortcode_id=&#8221;152583&#8243; el_class=&#8221;gradient-header&#8221;]Na\u0161a budu\u0107nost ovisi o <strong>odlukama koje<\/strong> donosimo danas.[\/vc_custom_heading][vc_accordion typography=&#8221;advanced&#8221; label_border=&#8221;yes&#8221; content_border=&#8221;yes&#8221; gutter_simple=&#8221;0&#8243; active_txt_color=&#8221;color-hcl-dark&#8221; titles_size=&#8221;h3&#8243; titles_weight=&#8221;700&#8243; active_tab=&#8221;1&#8243; uncode_shortcode_id=&#8221;274315&#8243; active_txt_color_type=&#8221;uncode-palette&#8221;][vc_accordion_tab gutter_size=&#8221;3&#8243; column_padding=&#8221;0&#8243; title=&#8221;Odr\u017eivna rje\u0161enja&#8221; tab_id=&#8221;d21d5937-3bb0-2155567891400117151939668631715431825964&#8243;][vc_column_text uncode_shortcode_id=&#8221;872501&#8243;]Duboko se brinemo za budu\u0107nost na\u0161eg planeta i posve\u0107eni smo razvoju odr\u017eivih elektroni\u010dkih rje\u0161enja. Nagla\u0161avaju\u0107i mogu\u0107nost a\u017euriranja softvera, nastojimo smanjiti elektroni\u010dki otpad i pridonosimo stvaranju zelenije budu\u0107nosti.[\/vc_column_text][\/vc_accordion_tab][vc_accordion_tab gutter_size=&#8221;2&#8243; column_padding=&#8221;0&#8243; title=&#8221;Oblikovanje budu\u0107nosti zajedno&#8221; tab_id=&#8221;6dad8f3c-7309-8155567891400117151939668631715431825964&#8243;][vc_column_text uncode_shortcode_id=&#8221;146533&#8243;]No, na\u0161e putovanje jo\u0161 nije zavr\u0161eno. Kako nastavljamo rasti i inovirati, ostajemo \u010dvrsto uvjereni da se veliki uspjesi mogu posti\u0107i samo s jakim timom i jasnom vizijom za budu\u0107nost. Pozivamo vas da nam se pridru\u017eite na ovom putovanju dok pomi\u010demo granice mogu\u0107eg i zajedno oblikujemo budu\u0107nost digitalnih inovacija.[\/vc_column_text][\/vc_accordion_tab][\/vc_accordion][\/vc_column][\/vc_row][vc_row row_height_percent=&#8221;0&#8243; override_padding=&#8221;yes&#8221; h_padding=&#8221;4&#8243; top_padding=&#8221;7&#8243; bottom_padding=&#8221;5&#8243; back_color=&#8221;color-162048&#8243; overlay_alpha=&#8221;50&#8243; gutter_size=&#8221;3&#8243; column_width_percent=&#8221;80&#8243; shift_y=&#8221;0&#8243; z_index=&#8221;0&#8243; uncode_shortcode_id=&#8221;178456&#8243; back_color_type=&#8221;uncode-palette&#8221;][vc_column width=&#8221;1\/1&#8243;][vc_column_text text_lead=&#8221;small&#8221; uncode_shortcode_id=&#8221;161389&#8243; el_class=&#8221;quote quote&#8211;large&#8221;]<\/p>\n<blockquote>\n<h1>\u201eSvi znaju da odre\u0111ene stvari nisu mogu\u0107e, dok ne do\u0111e netko tko to ne zna i ostvari ih.\u201d<\/h1>\n<p>Albert Einstein<\/p><\/blockquote>\n<p>[\/vc_column_text][\/vc_column][\/vc_row]<\/p>\n<\/div>","protected":false},"excerpt":{"rendered":"<p>[vc_row row_height_percent=&#8221;0&#8243; back_color=&#8221;color-bg-4&#8243; back_image=&#8221;184&#8243; overlay_alpha=&#8221;50&#8243; gutter_size=&#8221;3&#8243; column_width_percent=&#8221;100&#8243; shift_y=&#8221;0&#8243; z_index=&#8221;5&#8243; enable_bottom_divider=&#8221;custom&#8221; shape_bottom_custom=&#8221;174&#8243; shape_bottom_h_use_pixel=&#8221;&#8221; shape_bottom_height=&#8221;150&#8243; shape_bottom_color=&#8221;color-gbc&#8221; shape_bottom_opacity=&#8221;100&#8243; shape_bottom_index=&#8221;0&#8243; uncode_shortcode_id=&#8221;195602&#8243; back_color_type=&#8221;uncode-palette&#8221; el_class=&#8221;hcl-image-effect page-header-large [&hellip;]<\/p>\n","protected":false},"author":1,"featured_media":0,"parent":6675,"menu_order":0,"comment_status":"closed","ping_status":"closed","template":"","meta":{"_acf_changed":false,"_seopress_robots_primary_cat":"","_seopress_titles_title":"","_seopress_titles_desc":"","_seopress_robots_index":"","footnotes":""},"class_list":["post-5559","page","type-page","status-publish","hentry"],"acf":[],"_links":{"self":[{"href":"https:\/\/hclinear.hu\/hr\/wp-json\/wp\/v2\/pages\/5559","targetHints":{"allow":["GET"]}}],"collection":[{"href":"https:\/\/hclinear.hu\/hr\/wp-json\/wp\/v2\/pages"}],"about":[{"href":"https:\/\/hclinear.hu\/hr\/wp-json\/wp\/v2\/types\/page"}],"author":[{"embeddable":true,"href":"https:\/\/hclinear.hu\/hr\/wp-json\/wp\/v2\/users\/1"}],"replies":[{"embeddable":true,"href":"https:\/\/hclinear.hu\/hr\/wp-json\/wp\/v2\/comments?post=5559"}],"version-history":[{"count":5,"href":"https:\/\/hclinear.hu\/hr\/wp-json\/wp\/v2\/pages\/5559\/revisions"}],"predecessor-version":[{"id":7810,"href":"https:\/\/hclinear.hu\/hr\/wp-json\/wp\/v2\/pages\/5559\/revisions\/7810"}],"up":[{"embeddable":true,"href":"https:\/\/hclinear.hu\/hr\/wp-json\/wp\/v2\/pages\/6675"}],"wp:attachment":[{"href":"https:\/\/hclinear.hu\/hr\/wp-json\/wp\/v2\/media?parent=5559"}],"curies":[{"name":"wp","href":"https:\/\/api.w.org\/{rel}","templated":true}]}}