{"id":5567,"date":"2024-03-23T11:50:05","date_gmt":"2024-03-23T10:50:05","guid":{"rendered":"https:\/\/hclinear.hu\/certificates-awards\/"},"modified":"2025-07-22T14:55:11","modified_gmt":"2025-07-22T13:55:11","slug":"certificates-awards","status":"publish","type":"page","link":"https:\/\/hclinear.hu\/hr\/o-nama-2\/certificates-awards\/","title":{"rendered":"Certifikati i nagrade"},"content":{"rendered":"<div class=\"wpb-content-wrapper\"><p>[vc_row row_height_percent=&#8221;0&#8243; override_padding=&#8221;yes&#8221; h_padding=&#8221;2&#8243; top_padding=&#8221;3&#8243; bottom_padding=&#8221;3&#8243; overlay_alpha=&#8221;50&#8243; gutter_size=&#8221;3&#8243; column_width_percent=&#8221;100&#8243; shift_y=&#8221;0&#8243; z_index=&#8221;0&#8243; uncode_shortcode_id=&#8221;180257&#8243; el_class=&#8221;certs&#8211;page&#8221;][vc_column column_width_use_pixel=&#8221;yes&#8221; gutter_size=&#8221;2&#8243; overlay_alpha=&#8221;50&#8243; shift_x=&#8221;0&#8243; shift_y=&#8221;0&#8243; shift_y_down=&#8221;0&#8243; z_index=&#8221;0&#8243; medium_width=&#8221;0&#8243; mobile_width=&#8221;0&#8243; width=&#8221;1\/1&#8243; uncode_shortcode_id=&#8221;209820&#8243; column_width_pixel=&#8221;912&#8243;][vc_row_inner row_inner_height_percent=&#8221;0&#8243; overlay_alpha=&#8221;50&#8243; equal_height=&#8221;yes&#8221; gutter_size=&#8221;2&#8243; shift_y=&#8221;0&#8243; z_index=&#8221;0&#8243; limit_content=&#8221;&#8221; uncode_shortcode_id=&#8221;213664&#8243;][vc_column_inner column_width_percent=&#8221;100&#8243; gutter_size=&#8221;3&#8243; override_padding=&#8221;yes&#8221; column_padding=&#8221;3&#8243; back_color=&#8221;color-xsdn&#8221; overlay_alpha=&#8221;50&#8243; shift_x=&#8221;0&#8243; shift_y=&#8221;0&#8243; shift_y_down=&#8221;0&#8243; z_index=&#8221;0&#8243; medium_width=&#8221;4&#8243; mobile_width=&#8221;0&#8243; radius=&#8221;sm&#8221; width=&#8221;1\/2&#8243; uncode_shortcode_id=&#8221;116537&#8243; back_color_type=&#8221;uncode-palette&#8221; link_to=&#8221;url:https%3A%2F%2Fhclinear.hu%2Fen%2Fmagyar-brands%2F|title:Magyar%20Brands&#8221; el_class=&#8221;has-link&#8221;][vc_single_image media=&#8221;7192&#8243; media_width_percent=&#8221;60&#8243; uncode_shortcode_id=&#8221;143227&#8243;][vc_empty_space][vc_custom_heading heading_semantic=&#8221;h4&#8243; text_size=&#8221;h4&#8243; uncode_shortcode_id=&#8221;212710&#8243; subheading=&#8221;Prijem &#8220;Inovativne Marke&#8220; nagrade na gala doga\u0111anju MagyarBrands 2024 ozna\u010dava na\u0161u petu pobjedu u ovoj presti\u017enoj kategoriji. Me\u0111u vi\u0161e od 70 izvanrednih ma\u0111arskih brendova, ponosno smo se istaknuli zbog na\u0161e izvrsnosti u kategorijama potro\u0161nje, poslovanja, poslodavaca i inovacija.  <br \/> Ovo priznanje dolazi nakon na\u0161ih prethodnih pobjeda 2017., 2019., 2021. i 2022. godine, \u0161to odra\u017eava na\u0161u stalnu predanost inovacijama i izvrsnosti. Izra\u017eavamo svoju iskrenu zahvalnost na\u0161em nevjerojatnom timu za njihov izvanredan rad i posve\u0107enost.&#8221;]6x Hungarian Brand Award[\/vc_custom_heading][vc_icon position=&#8221;left&#8221; icon_image=&#8221;367&#8243; uncode_shortcode_id=&#8221;127907&#8243; el_class=&#8221;btn-link-to&#8221;][\/vc_icon][\/vc_column_inner][vc_column_inner column_width_percent=&#8221;100&#8243; gutter_size=&#8221;3&#8243; override_padding=&#8221;yes&#8221; column_padding=&#8221;3&#8243; back_color=&#8221;color-xsdn&#8221; overlay_alpha=&#8221;50&#8243; shift_x=&#8221;0&#8243; shift_y=&#8221;0&#8243; shift_y_down=&#8221;0&#8243; z_index=&#8221;0&#8243; medium_width=&#8221;4&#8243; mobile_width=&#8221;0&#8243; radius=&#8221;sm&#8221; width=&#8221;1\/2&#8243; uncode_shortcode_id=&#8221;160870&#8243; back_color_type=&#8221;uncode-palette&#8221;][vc_single_image media=&#8221;590&#8243; media_width_percent=&#8221;70&#8243; uncode_shortcode_id=&#8221;299414&#8243;][vc_empty_space][vc_custom_heading heading_semantic=&#8221;h4&#8243; text_size=&#8221;h4&#8243; uncode_shortcode_id=&#8221;180528&#8243; subheading=&#8221;Dobili smo specijalnu nagradu na Ma\u0111arskom Inovacijskoj Prvenstvom za na\u0161 projekt pod nazivom &quot;IT budu\u0107eg javnog prijevoza danas.&quot; Ovo priznanje nagla\u0161ava na\u0161u predanost pomicanju granica inovacija u podru\u010dju javnog prijevoza. Ponosni smo \u0161to doprinosimo oblikovanju budu\u0107nosti mobilnosti na\u0161im najmodernijim rje\u0161enjima.&#8221;]Hungarian Innovation Championship Special Honor[\/vc_custom_heading][vc_icon position=&#8221;left&#8221; icon_image=&#8221;367&#8243; uncode_shortcode_id=&#8221;127907&#8243; el_class=&#8221;btn-link-to&#8221;][\/vc_icon][\/vc_column_inner][\/vc_row_inner][vc_row_inner row_inner_height_percent=&#8221;0&#8243; overlay_alpha=&#8221;50&#8243; equal_height=&#8221;yes&#8221; gutter_size=&#8221;2&#8243; shift_y=&#8221;0&#8243; z_index=&#8221;0&#8243; limit_content=&#8221;&#8221; uncode_shortcode_id=&#8221;212969&#8243;][vc_column_inner column_width_percent=&#8221;100&#8243; gutter_size=&#8221;3&#8243; override_padding=&#8221;yes&#8221; column_padding=&#8221;3&#8243; back_color=&#8221;color-xsdn&#8221; overlay_alpha=&#8221;50&#8243; shift_x=&#8221;0&#8243; shift_y=&#8221;0&#8243; shift_y_down=&#8221;0&#8243; z_index=&#8221;0&#8243; medium_width=&#8221;4&#8243; mobile_width=&#8221;0&#8243; radius=&#8221;sm&#8221; width=&#8221;1\/2&#8243; uncode_shortcode_id=&#8221;201770&#8243; back_color_type=&#8221;uncode-palette&#8221;][vc_single_image media=&#8221;988&#8243; media_width_percent=&#8221;60&#8243; uncode_shortcode_id=&#8221;169780&#8243;][vc_empty_space][vc_custom_heading heading_semantic=&#8221;h4&#8243; text_size=&#8221;h4&#8243; uncode_shortcode_id=&#8221;413956&#8243; subheading=&#8221;Kroz kontinuirani rad na istra\u017eivanju i razvoju stekli smo zna\u010dajno iskustvo u podru\u010djima beskontaktne identifikacije, prikupljanja podataka, daljinskog upravljanja, satelitskog pozicioniranja i prometne informatike. Raznolikost na\u0161eg portfelja i priznanja koja smo primili svjedo\u010de o na\u0161em inovativnom na\u010dinu razmi\u0161ljanja.&#8221;]South Transdanubian Innovation Award[\/vc_custom_heading][vc_icon position=&#8221;left&#8221; icon_image=&#8221;367&#8243; uncode_shortcode_id=&#8221;127907&#8243; el_class=&#8221;btn-link-to&#8221;][\/vc_icon][\/vc_column_inner][vc_column_inner column_width_percent=&#8221;100&#8243; gutter_size=&#8221;3&#8243; override_padding=&#8221;yes&#8221; column_padding=&#8221;3&#8243; back_color=&#8221;color-xsdn&#8221; overlay_alpha=&#8221;50&#8243; shift_x=&#8221;0&#8243; shift_y=&#8221;0&#8243; shift_y_down=&#8221;0&#8243; z_index=&#8221;0&#8243; medium_width=&#8221;4&#8243; mobile_width=&#8221;0&#8243; radius=&#8221;sm&#8221; width=&#8221;1\/2&#8243; uncode_shortcode_id=&#8221;896617&#8243; back_color_type=&#8221;uncode-palette&#8221; link_to=&#8221;url:%2Fbet-50%2F|title:B%C3%89T%2050&#8243; el_class=&#8221;has-link&#8221;][vc_single_image media=&#8221;587&#8243; media_width_percent=&#8221;50&#8243; uncode_shortcode_id=&#8221;185849&#8243;][vc_empty_space][vc_custom_heading heading_semantic=&#8221;h4&#8243; text_size=&#8221;h4&#8243; uncode_shortcode_id=&#8221;200250&#8243; subheading=&#8221;U 2023. godini, HC Linear s ponosom se pridru\u017eio dobitnicima B\u00c9T 50 nagrade, \u0161to odra\u017eava na\u0161u posve\u0107enost digitalnoj inovaciji i odr\u017eivim poslovnim praksama. BSE 50 nagrada predstavlja izvrsnost u financijskom svijetu Ma\u0111arske, prepoznaju\u0107i tvrtke koje su primjer inovacija, liderstva i otpornosti. Nagra\u0111eni, odabrani iz izvrsnih kandidata, predstavljaju vrh svoje industrije, doprinose\u0107i gospodarskom rastu i oblikovanju poslovne budu\u0107nosti Ma\u0111arske.&#8221;]B\u00c9T50[\/vc_custom_heading][vc_icon position=&#8221;left&#8221; icon_image=&#8221;367&#8243; uncode_shortcode_id=&#8221;127907&#8243; el_class=&#8221;btn-link-to&#8221;][\/vc_icon][\/vc_column_inner][\/vc_row_inner][vc_row_inner row_inner_height_percent=&#8221;0&#8243; overlay_alpha=&#8221;50&#8243; equal_height=&#8221;yes&#8221; gutter_size=&#8221;2&#8243; shift_y=&#8221;0&#8243; z_index=&#8221;0&#8243; limit_content=&#8221;&#8221; uncode_shortcode_id=&#8221;590091&#8243;][vc_column_inner column_width_percent=&#8221;100&#8243; gutter_size=&#8221;3&#8243; override_padding=&#8221;yes&#8221; column_padding=&#8221;3&#8243; back_color=&#8221;color-xsdn&#8221; overlay_alpha=&#8221;50&#8243; shift_x=&#8221;0&#8243; shift_y=&#8221;0&#8243; shift_y_down=&#8221;0&#8243; z_index=&#8221;0&#8243; medium_width=&#8221;4&#8243; mobile_width=&#8221;0&#8243; radius=&#8221;sm&#8221; width=&#8221;1\/2&#8243; uncode_shortcode_id=&#8221;201147&#8243; back_color_type=&#8221;uncode-palette&#8221;][vc_single_image media=&#8221;7019&#8243; media_width_percent=&#8221;40&#8243; uncode_shortcode_id=&#8221;201055&#8243;][vc_empty_space][vc_custom_heading heading_semantic=&#8221;h4&#8243; text_size=&#8221;h4&#8243; uncode_shortcode_id=&#8221;478859&#8243; subheading=&#8221;HC Linear ostaje jedno od financijski najstabilnijih poduze\u0107a u Ma\u0111arskoj. Po\u010da\u0161\u0107eni smo \u0161to smo ponovo prepoznati od strane Dun &amp; Bradstreet kao jedno od najfinancijski sna\u017enijih poduze\u0107a u Ma\u0111arskoj za 2024. godinu. Ovo neovisno priznanje potvr\u0111uje na\u0161u posve\u0107enost po\u0161tenju i pouzdanosti na tr\u017ei\u0161tu. Na\u0161a stabilnost nije samo sada\u0161nja, ve\u0107 tako\u0111er osigurava povjerenje u na\u0161u budu\u0107nost me\u0111u na\u0161im partnerima, kupcima i kolegama. Ponosni smo \u0161to smo stabilan i istaknut igra\u010d na tr\u017ei\u0161tu, sada i u godinama koje dolaze.&#8221;]AAA Highest Creditworthiness[\/vc_custom_heading][vc_icon position=&#8221;left&#8221; icon_image=&#8221;367&#8243; uncode_shortcode_id=&#8221;127907&#8243; el_class=&#8221;btn-link-to&#8221;][\/vc_icon][\/vc_column_inner][vc_column_inner column_width_percent=&#8221;100&#8243; gutter_size=&#8221;3&#8243; override_padding=&#8221;yes&#8221; column_padding=&#8221;3&#8243; back_color=&#8221;color-xsdn&#8221; overlay_alpha=&#8221;50&#8243; shift_x=&#8221;0&#8243; shift_y=&#8221;0&#8243; shift_y_down=&#8221;0&#8243; z_index=&#8221;0&#8243; medium_width=&#8221;4&#8243; mobile_width=&#8221;0&#8243; radius=&#8221;sm&#8221; width=&#8221;1\/2&#8243; uncode_shortcode_id=&#8221;382929&#8243; back_color_type=&#8221;uncode-palette&#8221; link_to=&#8221;url:%2Fen%2Four-resources%2F%23certificates|title:Certificates&#8221; el_class=&#8221;has-link&#8221;][vc_single_image media=&#8221;7297&#8243; media_width_percent=&#8221;65&#8243; uncode_shortcode_id=&#8221;715670&#8243;][vc_empty_space][vc_custom_heading heading_semantic=&#8221;h4&#8243; text_size=&#8221;h4&#8243; uncode_shortcode_id=&#8221;993367&#8243; subheading=&#8221;ISO 9001 certifikacija potvr\u0111uje na\u0161u posve\u0107enost dosljednom ispunjavanju zahtjeva kupaca i pru\u017eanju visokokvalitetnih proizvoda i usluga. ISO 27001 certifikacija pokazuje na\u0161 sna\u017ean sustav upravljanja sigurno\u0161\u0107u informacija, osiguravaju\u0107i povjerljivost, integritet i dostupnost osjetljivih informacija. Na kraju, ISO 14001 certifikacija odra\u017eava na\u0161e napore u smanjenju utjecaja na okoli\u0161 kroz u\u010dinkovito upravljanje resursima i odr\u017eive prakse.&#8221;]ISO Certified[\/vc_custom_heading][vc_icon position=&#8221;left&#8221; icon_image=&#8221;367&#8243; uncode_shortcode_id=&#8221;127907&#8243; el_class=&#8221;btn-link-to&#8221;][\/vc_icon][\/vc_column_inner][\/vc_row_inner][\/vc_column][\/vc_row]<\/p>\n<\/div>","protected":false},"excerpt":{"rendered":"<p>[vc_row row_height_percent=&#8221;0&#8243; override_padding=&#8221;yes&#8221; h_padding=&#8221;2&#8243; top_padding=&#8221;3&#8243; bottom_padding=&#8221;3&#8243; overlay_alpha=&#8221;50&#8243; gutter_size=&#8221;3&#8243; column_width_percent=&#8221;100&#8243; shift_y=&#8221;0&#8243; z_index=&#8221;0&#8243; uncode_shortcode_id=&#8221;180257&#8243; el_class=&#8221;certs&#8211;page&#8221;][vc_column column_width_use_pixel=&#8221;yes&#8221; gutter_size=&#8221;2&#8243; overlay_alpha=&#8221;50&#8243; shift_x=&#8221;0&#8243; shift_y=&#8221;0&#8243; shift_y_down=&#8221;0&#8243; z_index=&#8221;0&#8243; [&hellip;]<\/p>\n","protected":false},"author":1,"featured_media":0,"parent":6675,"menu_order":0,"comment_status":"closed","ping_status":"closed","template":"","meta":{"_acf_changed":false,"_seopress_robots_primary_cat":"","_seopress_titles_title":"","_seopress_titles_desc":"","_seopress_robots_index":"","footnotes":""},"class_list":["post-5567","page","type-page","status-publish","hentry"],"acf":[],"_links":{"self":[{"href":"https:\/\/hclinear.hu\/hr\/wp-json\/wp\/v2\/pages\/5567","targetHints":{"allow":["GET"]}}],"collection":[{"href":"https:\/\/hclinear.hu\/hr\/wp-json\/wp\/v2\/pages"}],"about":[{"href":"https:\/\/hclinear.hu\/hr\/wp-json\/wp\/v2\/types\/page"}],"author":[{"embeddable":true,"href":"https:\/\/hclinear.hu\/hr\/wp-json\/wp\/v2\/users\/1"}],"replies":[{"embeddable":true,"href":"https:\/\/hclinear.hu\/hr\/wp-json\/wp\/v2\/comments?post=5567"}],"version-history":[{"count":5,"href":"https:\/\/hclinear.hu\/hr\/wp-json\/wp\/v2\/pages\/5567\/revisions"}],"predecessor-version":[{"id":7638,"href":"https:\/\/hclinear.hu\/hr\/wp-json\/wp\/v2\/pages\/5567\/revisions\/7638"}],"up":[{"embeddable":true,"href":"https:\/\/hclinear.hu\/hr\/wp-json\/wp\/v2\/pages\/6675"}],"wp:attachment":[{"href":"https:\/\/hclinear.hu\/hr\/wp-json\/wp\/v2\/media?parent=5567"}],"curies":[{"name":"wp","href":"https:\/\/api.w.org\/{rel}","templated":true}]}}