{"id":5730,"date":"2024-12-06T14:40:55","date_gmt":"2024-12-06T13:40:55","guid":{"rendered":"https:\/\/hclinear.hu\/applications\/ginop_plusz-2-1-1-21-copy\/"},"modified":"2025-01-13T16:14:18","modified_gmt":"2025-01-13T15:14:18","slug":"ginop_plusz-2-1-1-21","status":"publish","type":"page","link":"https:\/\/hclinear.hu\/hr\/applications-copy\/ginop_plusz-2-1-1-21\/","title":{"rendered":"GINOP_PLUSZ-2.1.1-21-2022-00149"},"content":{"rendered":"<div class=\"wpb-content-wrapper\"><p>[vc_row][vc_column column_width_percent=&#8221;100&#8243; align_horizontal=&#8221;align_center&#8221; gutter_size=&#8221;3&#8243; overlay_alpha=&#8221;50&#8243; shift_x=&#8221;0&#8243; shift_y=&#8221;0&#8243; shift_y_down=&#8221;0&#8243; z_index=&#8221;0&#8243; medium_width=&#8221;0&#8243; mobile_width=&#8221;0&#8243; width=&#8221;1\/1&#8243; uncode_shortcode_id=&#8221;125842&#8243;][vc_custom_heading uncode_shortcode_id=&#8221;188817&#8243;]Application[\/vc_custom_heading][\/vc_column][\/vc_row][vc_row][vc_column width=&#8221;2\/3&#8243;][vc_column_text uncode_shortcode_id=&#8221;467754&#8243;]<strong>Operational Programme:<\/strong> Economic Development and Innovation Operational Programme Plus (GINOP Plusz)<\/p>\n<p><strong>Call Identifier:<\/strong> GINOP_PLUSZ-2.1.1-21<\/p>\n<p><strong>Call Title:<\/strong> Promoting Corporate Research, Development, and Innovation Activities<\/p>\n<p><strong>Project Identification Number:<\/strong> GINOP_PLUSZ-2.1.1-21-2022-00149<\/p>\n<p><strong>Project Title:<\/strong> Development of a Solar-Powered, E-Paper Passenger Information System<\/p>\n<p><strong>Project Implementation Period Start Date:<\/strong> 2022.06.01<\/p>\n<p><strong>Project Actual Physical Completion Date:<\/strong> 2024.02.29<\/p>\n<p><strong>Implementation Location:<\/strong> 7630 P\u00e9cs, Heged\u0171s J\u00e1nos u. 10<\/p>\n<p><strong>Contracted Funding Amount:<\/strong> HUF 199,942,519<\/p>\n<p><strong>European Union Funding Amount:<\/strong> HUF 175,949,414<\/p>\n<p><strong>Funding Rate:<\/strong> 68.3%<\/p>\n<p>The GINOP_PLUSZ-2.1.1-21-2022-00149 project is co-financed by the European Union.<\/p>\n<p><strong>Beneficiary Name:<\/strong> HC LINEAR Technical Development Limited Liability Company[\/vc_column_text][\/vc_column][vc_column width=&#8221;1\/3&#8243;][vc_single_image media=&#8221;4817&#8243; media_width_percent=&#8221;100&#8243; alignment=&#8221;center&#8221; uncode_shortcode_id=&#8221;736666&#8243;][\/vc_column][\/vc_row][vc_row][vc_column width=&#8221;1\/1&#8243;][vc_separator sep_color=&#8221;,Default&#8221;][\/vc_column][\/vc_row][vc_row][vc_column width=&#8221;1\/1&#8243;][vc_column_text uncode_shortcode_id=&#8221;137546&#8243;]<\/p>\n<h3><strong>Project Objective<\/strong><\/h3>\n<p>Community transport service providers (local and intercity bus, rail, and water transport) are legally obligated to provide passenger information at stops. At a minimum, static timetable data must be displayed at stops.<\/p>\n<p>The project aims to develop a solar-powered, e-paper (electronic paper)-based passenger information display family and its related embedded and central software system. The system will operate with minimal power consumption, offering a wirelessly updateable interface for both static and dynamic passenger information. It will replace printed timetables and other paper-based information displays, reducing maintenance needs.<\/p>\n<p>With the adoption of this device, passenger information becomes more dynamic and faster for the community, enabling immediate visibility of service interruptions and schedule changes. The time required for real-time passenger information management will be minimized for transport service providers. Beyond passenger information, the system will also be suitable for displaying announcements and local informational materials in cities, towns, and small villages.<\/p>\n<p>The project\u2019s goal is to develop a marketable product with extremely low energy consumption, a highly refined mechanical design, scalable configuration, and provisions for adequate lighting and temperature control.<\/p>\n<p>The 24-month project implementation period consists of two phases: a 12-month industrial research phase and a 12-month experimental development phase.<\/p>\n<p>HC LINEAR Technical Development Ltd. is a wholly Hungarian-owned company and the leading domestic transportation informatics development enterprise, with nearly 20 years of experience in developing and implementing transport informatics systems. The company has developed on-board passenger information, data collection, ticket and pass sales systems currently operating on nearly 6,000 buses, trams, and trolleybuses. LED and LCD displays developed by the company have been in operation at numerous stations, stops, and vehicle boards for years. Our systems provide traffic management and passenger information across 18 counties and 14 cities.<\/p>\n<p>The e-paper-based stop display product family under development will feature standardized interfaces, ensuring compatibility with both the company\u2019s systems and other domestic and international transportation informatics systems.[\/vc_column_text][\/vc_column][\/vc_row][vc_row][vc_column width=&#8221;1\/1&#8243;][vc_button border_width=&#8221;0&#8243; uncode_shortcode_id=&#8221;143211&#8243; link=&#8221;url:%2Fwp-content%2Fuploads%2F2024%2F12%2Fismerteto-kiadvany-2024-02-29.pdf&#8221;]Information booklet[\/vc_button][\/vc_column][\/vc_row][vc_row][vc_column width=&#8221;1\/4&#8243;][vc_button border_width=&#8221;0&#8243; uncode_shortcode_id=&#8221;211085&#8243; link=&#8221;url:%2Fwp-content%2Fuploads%2F2024%2F12%2FInnoTrans_2024_nemzetkozi_kiallitas_osszefoglalo.pdf&#8221;]InnoTrans 2024[\/vc_button][\/vc_column][vc_column width=&#8221;1\/4&#8243;][vc_button border_width=&#8221;0&#8243; uncode_shortcode_id=&#8221;525894&#8243; link=&#8221;url:%2Fwp-content%2Fuploads%2F2024%2F12%2FIT-Trans_2024_nemzetkozi_kiallitas_osszefoglalo.pdf&#8221;]IT-Trans 2024[\/vc_button][\/vc_column][vc_column width=&#8221;1\/4&#8243;][\/vc_column][vc_column width=&#8221;1\/4&#8243;][\/vc_column][\/vc_row]<\/p>\n<\/div>","protected":false},"excerpt":{"rendered":"<p>[vc_row][vc_column column_width_percent=&#8221;100&#8243; align_horizontal=&#8221;align_center&#8221; gutter_size=&#8221;3&#8243; overlay_alpha=&#8221;50&#8243; shift_x=&#8221;0&#8243; shift_y=&#8221;0&#8243; shift_y_down=&#8221;0&#8243; z_index=&#8221;0&#8243; medium_width=&#8221;0&#8243; mobile_width=&#8221;0&#8243; width=&#8221;1\/1&#8243; uncode_shortcode_id=&#8221;125842&#8243;][vc_custom_heading uncode_shortcode_id=&#8221;188817&#8243;]Application[\/vc_custom_heading][\/vc_column][\/vc_row][vc_row][vc_column width=&#8221;2\/3&#8243;][vc_column_text uncode_shortcode_id=&#8221;467754&#8243;]Operational Programme: Economic Development and [&hellip;]<\/p>\n","protected":false},"author":5,"featured_media":4741,"parent":5733,"menu_order":0,"comment_status":"closed","ping_status":"closed","template":"","meta":{"_acf_changed":false,"_seopress_robots_primary_cat":"","_seopress_titles_title":"","_seopress_titles_desc":"","_seopress_robots_index":"","footnotes":""},"class_list":["post-5730","page","type-page","status-publish","has-post-thumbnail","hentry","page_category-featured-applications-hr"],"acf":[],"_links":{"self":[{"href":"https:\/\/hclinear.hu\/hr\/wp-json\/wp\/v2\/pages\/5730","targetHints":{"allow":["GET"]}}],"collection":[{"href":"https:\/\/hclinear.hu\/hr\/wp-json\/wp\/v2\/pages"}],"about":[{"href":"https:\/\/hclinear.hu\/hr\/wp-json\/wp\/v2\/types\/page"}],"author":[{"embeddable":true,"href":"https:\/\/hclinear.hu\/hr\/wp-json\/wp\/v2\/users\/5"}],"replies":[{"embeddable":true,"href":"https:\/\/hclinear.hu\/hr\/wp-json\/wp\/v2\/comments?post=5730"}],"version-history":[{"count":2,"href":"https:\/\/hclinear.hu\/hr\/wp-json\/wp\/v2\/pages\/5730\/revisions"}],"predecessor-version":[{"id":5757,"href":"https:\/\/hclinear.hu\/hr\/wp-json\/wp\/v2\/pages\/5730\/revisions\/5757"}],"up":[{"embeddable":true,"href":"https:\/\/hclinear.hu\/hr\/wp-json\/wp\/v2\/pages\/5733"}],"wp:featuredmedia":[{"embeddable":true,"href":"https:\/\/hclinear.hu\/hr\/wp-json\/wp\/v2\/media\/4741"}],"wp:attachment":[{"href":"https:\/\/hclinear.hu\/hr\/wp-json\/wp\/v2\/media?parent=5730"}],"curies":[{"name":"wp","href":"https:\/\/api.w.org\/{rel}","templated":true}]}}